{"id":2104,"date":"2022-05-25T14:43:57","date_gmt":"2022-05-25T13:43:57","guid":{"rendered":"https:\/\/www.worldheritageireland.ie\/bru-na-boinne\/grianstad-an-gheimhridh\/"},"modified":"2025-08-06T11:24:42","modified_gmt":"2025-08-06T10:24:42","slug":"grianstad-an-gheimhridh","status":"publish","type":"page","link":"https:\/\/www.worldheritageireland.ie\/ga\/readmhaoin-oidhreachta-domhanda\/bru-na-boinne-2\/grianstad-an-gheimhridh\/","title":{"rendered":"Grianstad an Gheimhridh"},"content":{"rendered":"\n<div class=\"wp-block-columns is-layout-flex wp-container-core-columns-is-layout-28f84493 wp-block-columns-is-layout-flex\">\n<div class=\"wp-block-column is-layout-flow wp-block-column-is-layout-flow\" style=\"flex-basis:100%\">\n<div class=\"wp-block-group has-ast-global-color-5-color has-ast-global-color-0-background-color has-text-color has-background is-layout-constrained wp-block-group-is-layout-constrained\"><div class=\"wp-block-group__inner-container\">\n<h1 class=\"wp-block-heading has-text-align-center has-ast-global-color-5-color has-text-color\">Grianstad an Gheimhridh<br\/><\/h1>\n\n\n\n<p class=\"has-text-align-center has-ast-global-color-5-color has-text-color\">ag S\u00ed an Bhr\u00fa<\/p>\n<\/div><\/div>\n<\/div>\n<\/div>\n\n<section class=\"inherit-container-width wp-block-group whi-section is-layout-constrained wp-block-group-is-layout-constrained\">\n<div class=\"wp-block-columns is-layout-flex wp-container-core-columns-is-layout-28f84493 wp-block-columns-is-layout-flex\">\n<div class=\"wp-block-column is-layout-flow wp-block-column-is-layout-flow\">\n<p>Is \u00ed an oscailt bheag n\u00f3 &#8216;bosca d\u00edn&#8217; suite os cionn bealach isteach an phas\u00e1iste ar cheann de na gn\u00e9ithe is suntasa\u00ed ag an nGr\u00e1inseach Nua. Ag breacadh an lae ar Ghrianstad an Gheimhridh, an l\u00e1 is giorra den bhliain (21 Nollaig) agus ar feadh roinnt laethanta roimhe agus ina dhiaidh, tagann ga gr\u00e9ine isteach sa seomra tr\u00edd oscailt sa mbosca d\u00edn.<br\/><br\/>Ba \u00e9 Grianstad an Gheimhridh t\u00fas na Bliana \u00daire i gcult\u00far Neoiliteach Ghleann na B\u00f3inne, \u2013 comhartha d&#8217;athbhreith sa d\u00falra agus athnuachan do bharra p\u00e1irce, d&#8217;ainmhithe agus don chine daonna. Is f\u00e9idir gur siombail chumhachtach den bhua dosheachanta idir b\u00e1s thar beatha a bh\u00ed ann, b&#8217;fh\u00e9idir ag gealladh beatha \u00far do spioraid na marbh.<\/p>\n\n\n\n<div style=\"height:43px\" aria-hidden=\"true\" class=\"wp-block-spacer\"><\/div>\n\n\n\n<div class=\"wp-block-columns are-vertically-aligned-bottom is-layout-flex wp-container-core-columns-is-layout-28f84493 wp-block-columns-is-layout-flex\">\n<div class=\"wp-block-column is-vertically-aligned-bottom is-layout-flow wp-block-column-is-layout-flow\">\n<figure class=\"wp-block-embed is-type-video is-provider-youtube wp-block-embed-youtube wp-embed-aspect-16-9 wp-has-aspect-ratio\"><div class=\"wp-block-embed__wrapper\">\n<iframe loading=\"lazy\" title=\"Winter Solstice Illumination of Newgrange Chamber\" width=\"500\" height=\"281\" src=\"https:\/\/www.youtube.com\/embed\/Gl9_mi6Nj0c?feature=oembed\" frameborder=\"0\" allow=\"accelerometer; autoplay; clipboard-write; encrypted-media; gyroscope; picture-in-picture; web-share\" referrerpolicy=\"strict-origin-when-cross-origin\" allowfullscreen><\/iframe>\n<\/div><\/figure>\n<\/div>\n<\/div>\n<\/div>\n<\/div>\n<\/section>\n\n<div data-wp-interactive=\"core\/file\" class=\"wp-block-file\"><object data-wp-bind--hidden=\"!state.hasPdfPreview\" hidden class=\"wp-block-file__embed\" data=\"https:\/\/www.worldheritageireland.ie\/wp-content\/uploads\/2022\/08\/winter_solstice.pdf\" type=\"application\/pdf\" style=\"width:100%;height:600px\" aria-label=\"Embed of winter_solstice.\"><\/object><a id=\"wp-block-file--media-26a5b6de-6a62-49c7-b358-4953eb945070\" href=\"https:\/\/www.worldheritageireland.ie\/wp-content\/uploads\/2022\/08\/winter_solstice.pdf\" target=\"_blank\" rel=\"noreferrer noopener\">winter_solstice<\/a><a href=\"https:\/\/www.worldheritageireland.ie\/wp-content\/uploads\/2022\/08\/winter_solstice.pdf\" class=\"wp-block-file__button wp-element-button\" download=\"\" aria-describedby=\"wp-block-file--media-26a5b6de-6a62-49c7-b358-4953eb945070\">\u00cdosl\u00f3d\u00e1il: &#8220;The Winter Solstace&#8221;<\/a><\/div>\n","protected":false},"excerpt":{"rendered":"<p>Grianstad an Gheimhridh ag S\u00ed an Bhr\u00fa Is \u00ed an oscailt bheag n\u00f3 &#8216;bosca d\u00edn&#8217; suite os cionn bealach isteach an phas\u00e1iste ar cheann de na gn\u00e9ithe is suntasa\u00ed ag an nGr\u00e1inseach Nua. Ag breacadh an lae ar Ghrianstad an Gheimhridh, an l\u00e1 is giorra den bhliain (21 Nollaig) agus ar feadh roinnt laethanta roimhe [&hellip;]<\/p>\n","protected":false},"author":1,"featured_media":2219,"parent":4957,"menu_order":0,"comment_status":"closed","ping_status":"closed","template":"","meta":{"_acf_changed":false,"_uag_custom_page_level_css":"","site-sidebar-layout":"default","site-content-layout":"","ast-site-content-layout":"default","site-content-style":"default","site-sidebar-style":"default","ast-global-header-display":"","ast-banner-title-visibility":"","ast-main-header-display":"","ast-hfb-above-header-display":"","ast-hfb-below-header-display":"","ast-hfb-mobile-header-display":"","site-post-title":"disabled","ast-breadcrumbs-content":"","ast-featured-img":"","footer-sml-layout":"","ast-disable-related-posts":"","theme-transparent-header-meta":"","adv-header-id-meta":"","stick-header-meta":"","header-above-stick-meta":"","header-main-stick-meta":"","header-below-stick-meta":"","astra-migrate-meta-layouts":"default","ast-page-background-enabled":"default","ast-page-background-meta":{"desktop":{"background-color":"var(--ast-global-color-4)","background-image":"","background-repeat":"repeat","background-position":"center center","background-size":"auto","background-attachment":"scroll","background-type":"","background-media":"","overlay-type":"","overlay-color":"","overlay-opacity":"","overlay-gradient":""},"tablet":{"background-color":"","background-image":"","background-repeat":"repeat","background-position":"center center","background-size":"auto","background-attachment":"scroll","background-type":"","background-media":"","overlay-type":"","overlay-color":"","overlay-opacity":"","overlay-gradient":""},"mobile":{"background-color":"","background-image":"","background-repeat":"repeat","background-position":"center center","background-size":"auto","background-attachment":"scroll","background-type":"","background-media":"","overlay-type":"","overlay-color":"","overlay-opacity":"","overlay-gradient":""}},"ast-content-background-meta":{"desktop":{"background-color":"var(--ast-global-color-5)","background-image":"","background-repeat":"repeat","background-position":"center center","background-size":"auto","background-attachment":"scroll","background-type":"","background-media":"","overlay-type":"","overlay-color":"","overlay-opacity":"","overlay-gradient":""},"tablet":{"background-color":"var(--ast-global-color-5)","background-image":"","background-repeat":"repeat","background-position":"center center","background-size":"auto","background-attachment":"scroll","background-type":"","background-media":"","overlay-type":"","overlay-color":"","overlay-opacity":"","overlay-gradient":""},"mobile":{"background-color":"var(--ast-global-color-5)","background-image":"","background-repeat":"repeat","background-position":"center center","background-size":"auto","background-attachment":"scroll","background-type":"","background-media":"","overlay-type":"","overlay-color":"","overlay-opacity":"","overlay-gradient":""}},"pgc_sgb_lightbox_settings":"","footnotes":""},"categories":[38],"tags":[],"class_list":["post-2104","page","type-page","status-publish","has-post-thumbnail","hentry","category-bru-na-boinne-ga"],"acf":[],"yoast_head":"<!-- This site is optimized with the Yoast SEO plugin v27.3 - https:\/\/yoast.com\/product\/yoast-seo-wordpress\/ -->\n<title>Grianstad an Gheimhridh - Oidhreacht Dhomhanda na h\u00c9ireann<\/title>\n<meta name=\"robots\" content=\"index, follow, max-snippet:-1, max-image-preview:large, max-video-preview:-1\" \/>\n<link rel=\"canonical\" href=\"https:\/\/www.worldheritageireland.ie\/ga\/readmhaoin-oidhreachta-domhanda\/bru-na-boinne-2\/grianstad-an-gheimhridh\/\" \/>\n<meta property=\"og:locale\" content=\"ga_IE\" \/>\n<meta property=\"og:type\" content=\"article\" \/>\n<meta property=\"og:title\" content=\"Grianstad an Gheimhridh - Oidhreacht Dhomhanda na h\u00c9ireann\" \/>\n<meta property=\"og:description\" content=\"Grianstad an Gheimhridh ag S\u00ed an Bhr\u00fa Is \u00ed an oscailt bheag n\u00f3 &#8216;bosca d\u00edn&#8217; suite os cionn bealach isteach an phas\u00e1iste ar cheann de na gn\u00e9ithe is suntasa\u00ed ag an nGr\u00e1inseach Nua. Ag breacadh an lae ar Ghrianstad an Gheimhridh, an l\u00e1 is giorra den bhliain (21 Nollaig) agus ar feadh roinnt laethanta roimhe [&hellip;]\" \/>\n<meta property=\"og:url\" content=\"https:\/\/www.worldheritageireland.ie\/ga\/readmhaoin-oidhreachta-domhanda\/bru-na-boinne-2\/grianstad-an-gheimhridh\/\" \/>\n<meta property=\"og:site_name\" content=\"Oidhreacht Dhomhanda na h\u00c9ireann\" \/>\n<meta property=\"article:publisher\" content=\"https:\/\/www.facebook.com\/NationalMons\/\" \/>\n<meta property=\"article:modified_time\" content=\"2025-08-06T10:24:42+00:00\" \/>\n<meta property=\"og:image\" content=\"https:\/\/www.worldheritageireland.ie\/wp-content\/uploads\/2022\/11\/210422_Newgrange_043-scaled.jpg\" \/>\n\t<meta property=\"og:image:width\" content=\"2560\" \/>\n\t<meta property=\"og:image:height\" content=\"1706\" \/>\n\t<meta property=\"og:image:type\" content=\"image\/jpeg\" \/>\n<meta name=\"twitter:card\" content=\"summary_large_image\" \/>\n<meta name=\"twitter:site\" content=\"@NationalMons\" \/>\n<meta name=\"twitter:label1\" content=\"Est. reading time\" \/>\n\t<meta name=\"twitter:data1\" content=\"1 minute\" \/>\n<script type=\"application\/ld+json\" class=\"yoast-schema-graph\">{\"@context\":\"https:\\\/\\\/schema.org\",\"@graph\":[{\"@type\":\"WebPage\",\"@id\":\"https:\\\/\\\/www.worldheritageireland.ie\\\/ga\\\/readmhaoin-oidhreachta-domhanda\\\/bru-na-boinne-2\\\/grianstad-an-gheimhridh\\\/\",\"url\":\"https:\\\/\\\/www.worldheritageireland.ie\\\/ga\\\/readmhaoin-oidhreachta-domhanda\\\/bru-na-boinne-2\\\/grianstad-an-gheimhridh\\\/\",\"name\":\"Grianstad an Gheimhridh - Oidhreacht Dhomhanda na h\u00c9ireann\",\"isPartOf\":{\"@id\":\"https:\\\/\\\/www.worldheritageireland.ie\\\/ga\\\/#website\"},\"primaryImageOfPage\":{\"@id\":\"https:\\\/\\\/www.worldheritageireland.ie\\\/ga\\\/readmhaoin-oidhreachta-domhanda\\\/bru-na-boinne-2\\\/grianstad-an-gheimhridh\\\/#primaryimage\"},\"image\":{\"@id\":\"https:\\\/\\\/www.worldheritageireland.ie\\\/ga\\\/readmhaoin-oidhreachta-domhanda\\\/bru-na-boinne-2\\\/grianstad-an-gheimhridh\\\/#primaryimage\"},\"thumbnailUrl\":\"https:\\\/\\\/www.worldheritageireland.ie\\\/wp-content\\\/uploads\\\/2022\\\/11\\\/210422_Newgrange_043-scaled.jpg\",\"datePublished\":\"2022-05-25T13:43:57+00:00\",\"dateModified\":\"2025-08-06T10:24:42+00:00\",\"breadcrumb\":{\"@id\":\"https:\\\/\\\/www.worldheritageireland.ie\\\/ga\\\/readmhaoin-oidhreachta-domhanda\\\/bru-na-boinne-2\\\/grianstad-an-gheimhridh\\\/#breadcrumb\"},\"inLanguage\":\"ga-IE\",\"potentialAction\":[{\"@type\":\"ReadAction\",\"target\":[\"https:\\\/\\\/www.worldheritageireland.ie\\\/ga\\\/readmhaoin-oidhreachta-domhanda\\\/bru-na-boinne-2\\\/grianstad-an-gheimhridh\\\/\"]}]},{\"@type\":\"ImageObject\",\"inLanguage\":\"ga-IE\",\"@id\":\"https:\\\/\\\/www.worldheritageireland.ie\\\/ga\\\/readmhaoin-oidhreachta-domhanda\\\/bru-na-boinne-2\\\/grianstad-an-gheimhridh\\\/#primaryimage\",\"url\":\"https:\\\/\\\/www.worldheritageireland.ie\\\/wp-content\\\/uploads\\\/2022\\\/11\\\/210422_Newgrange_043-scaled.jpg\",\"contentUrl\":\"https:\\\/\\\/www.worldheritageireland.ie\\\/wp-content\\\/uploads\\\/2022\\\/11\\\/210422_Newgrange_043-scaled.jpg\",\"width\":2560,\"height\":1706,\"caption\":\"Kerbstone from Newgrange Passage Tomb, Co Meath, Ireland. ME019-046003- Class: Megalithic tomb - passage tomb, Townland: NEWGRANGE.\"},{\"@type\":\"BreadcrumbList\",\"@id\":\"https:\\\/\\\/www.worldheritageireland.ie\\\/ga\\\/readmhaoin-oidhreachta-domhanda\\\/bru-na-boinne-2\\\/grianstad-an-gheimhridh\\\/#breadcrumb\",\"itemListElement\":[{\"@type\":\"ListItem\",\"position\":1,\"name\":\"Home\",\"item\":\"https:\\\/\\\/www.worldheritageireland.ie\\\/ga\\\/\"},{\"@type\":\"ListItem\",\"position\":2,\"name\":\"R\u00e9admhaoin Oidhreachta Domhanda\",\"item\":\"https:\\\/\\\/www.worldheritageireland.ie\\\/ga\\\/readmhaoin-oidhreachta-domhanda\\\/\"},{\"@type\":\"ListItem\",\"position\":3,\"name\":\"Br\u00fa na B\u00f3inne\",\"item\":\"https:\\\/\\\/www.worldheritageireland.ie\\\/ga\\\/readmhaoin-oidhreachta-domhanda\\\/bru-na-boinne-2\\\/\"},{\"@type\":\"ListItem\",\"position\":4,\"name\":\"Grianstad an Gheimhridh\"}]},{\"@type\":\"WebSite\",\"@id\":\"https:\\\/\\\/www.worldheritageireland.ie\\\/ga\\\/#website\",\"url\":\"https:\\\/\\\/www.worldheritageireland.ie\\\/ga\\\/\",\"name\":\"Oidhreacht Dhomhanda na h\u00c9ireann\",\"description\":\"Ireland&#039;s Tentative World Heritage\",\"publisher\":{\"@id\":\"https:\\\/\\\/www.worldheritageireland.ie\\\/ga\\\/#organization\"},\"potentialAction\":[{\"@type\":\"SearchAction\",\"target\":{\"@type\":\"EntryPoint\",\"urlTemplate\":\"https:\\\/\\\/www.worldheritageireland.ie\\\/ga\\\/?s={search_term_string}\"},\"query-input\":{\"@type\":\"PropertyValueSpecification\",\"valueRequired\":true,\"valueName\":\"search_term_string\"}}],\"inLanguage\":\"ga-IE\"},{\"@type\":\"Organization\",\"@id\":\"https:\\\/\\\/www.worldheritageireland.ie\\\/ga\\\/#organization\",\"name\":\"Department of Housing, Local Government and Heritage\",\"url\":\"https:\\\/\\\/www.worldheritageireland.ie\\\/ga\\\/\",\"logo\":{\"@type\":\"ImageObject\",\"inLanguage\":\"ga-IE\",\"@id\":\"https:\\\/\\\/www.worldheritageireland.ie\\\/ga\\\/#\\\/schema\\\/logo\\\/image\\\/\",\"url\":\"https:\\\/\\\/www.worldheritageireland.ie\\\/wp-content\\\/uploads\\\/2023\\\/07\\\/unesco_wh_in_Ireland_Blue_180_trans.png\",\"contentUrl\":\"https:\\\/\\\/www.worldheritageireland.ie\\\/wp-content\\\/uploads\\\/2023\\\/07\\\/unesco_wh_in_Ireland_Blue_180_trans.png\",\"width\":181,\"height\":181,\"caption\":\"Department of Housing, Local Government and Heritage\"},\"image\":{\"@id\":\"https:\\\/\\\/www.worldheritageireland.ie\\\/ga\\\/#\\\/schema\\\/logo\\\/image\\\/\"},\"sameAs\":[\"https:\\\/\\\/www.facebook.com\\\/NationalMons\\\/\",\"https:\\\/\\\/x.com\\\/NationalMons\"]}]}<\/script>\n<!-- \/ Yoast SEO plugin. -->","yoast_head_json":{"title":"Grianstad an Gheimhridh - Oidhreacht Dhomhanda na h\u00c9ireann","robots":{"index":"index","follow":"follow","max-snippet":"max-snippet:-1","max-image-preview":"max-image-preview:large","max-video-preview":"max-video-preview:-1"},"canonical":"https:\/\/www.worldheritageireland.ie\/ga\/readmhaoin-oidhreachta-domhanda\/bru-na-boinne-2\/grianstad-an-gheimhridh\/","og_locale":"ga_IE","og_type":"article","og_title":"Grianstad an Gheimhridh - Oidhreacht Dhomhanda na h\u00c9ireann","og_description":"Grianstad an Gheimhridh ag S\u00ed an Bhr\u00fa Is \u00ed an oscailt bheag n\u00f3 &#8216;bosca d\u00edn&#8217; suite os cionn bealach isteach an phas\u00e1iste ar cheann de na gn\u00e9ithe is suntasa\u00ed ag an nGr\u00e1inseach Nua. Ag breacadh an lae ar Ghrianstad an Gheimhridh, an l\u00e1 is giorra den bhliain (21 Nollaig) agus ar feadh roinnt laethanta roimhe [&hellip;]","og_url":"https:\/\/www.worldheritageireland.ie\/ga\/readmhaoin-oidhreachta-domhanda\/bru-na-boinne-2\/grianstad-an-gheimhridh\/","og_site_name":"Oidhreacht Dhomhanda na h\u00c9ireann","article_publisher":"https:\/\/www.facebook.com\/NationalMons\/","article_modified_time":"2025-08-06T10:24:42+00:00","og_image":[{"width":2560,"height":1706,"url":"https:\/\/www.worldheritageireland.ie\/wp-content\/uploads\/2022\/11\/210422_Newgrange_043-scaled.jpg","type":"image\/jpeg"}],"twitter_card":"summary_large_image","twitter_site":"@NationalMons","twitter_misc":{"Est. reading time":"1 minute"},"schema":{"@context":"https:\/\/schema.org","@graph":[{"@type":"WebPage","@id":"https:\/\/www.worldheritageireland.ie\/ga\/readmhaoin-oidhreachta-domhanda\/bru-na-boinne-2\/grianstad-an-gheimhridh\/","url":"https:\/\/www.worldheritageireland.ie\/ga\/readmhaoin-oidhreachta-domhanda\/bru-na-boinne-2\/grianstad-an-gheimhridh\/","name":"Grianstad an Gheimhridh - Oidhreacht Dhomhanda na h\u00c9ireann","isPartOf":{"@id":"https:\/\/www.worldheritageireland.ie\/ga\/#website"},"primaryImageOfPage":{"@id":"https:\/\/www.worldheritageireland.ie\/ga\/readmhaoin-oidhreachta-domhanda\/bru-na-boinne-2\/grianstad-an-gheimhridh\/#primaryimage"},"image":{"@id":"https:\/\/www.worldheritageireland.ie\/ga\/readmhaoin-oidhreachta-domhanda\/bru-na-boinne-2\/grianstad-an-gheimhridh\/#primaryimage"},"thumbnailUrl":"https:\/\/www.worldheritageireland.ie\/wp-content\/uploads\/2022\/11\/210422_Newgrange_043-scaled.jpg","datePublished":"2022-05-25T13:43:57+00:00","dateModified":"2025-08-06T10:24:42+00:00","breadcrumb":{"@id":"https:\/\/www.worldheritageireland.ie\/ga\/readmhaoin-oidhreachta-domhanda\/bru-na-boinne-2\/grianstad-an-gheimhridh\/#breadcrumb"},"inLanguage":"ga-IE","potentialAction":[{"@type":"ReadAction","target":["https:\/\/www.worldheritageireland.ie\/ga\/readmhaoin-oidhreachta-domhanda\/bru-na-boinne-2\/grianstad-an-gheimhridh\/"]}]},{"@type":"ImageObject","inLanguage":"ga-IE","@id":"https:\/\/www.worldheritageireland.ie\/ga\/readmhaoin-oidhreachta-domhanda\/bru-na-boinne-2\/grianstad-an-gheimhridh\/#primaryimage","url":"https:\/\/www.worldheritageireland.ie\/wp-content\/uploads\/2022\/11\/210422_Newgrange_043-scaled.jpg","contentUrl":"https:\/\/www.worldheritageireland.ie\/wp-content\/uploads\/2022\/11\/210422_Newgrange_043-scaled.jpg","width":2560,"height":1706,"caption":"Kerbstone from Newgrange Passage Tomb, Co Meath, Ireland. ME019-046003- Class: Megalithic tomb - passage tomb, Townland: NEWGRANGE."},{"@type":"BreadcrumbList","@id":"https:\/\/www.worldheritageireland.ie\/ga\/readmhaoin-oidhreachta-domhanda\/bru-na-boinne-2\/grianstad-an-gheimhridh\/#breadcrumb","itemListElement":[{"@type":"ListItem","position":1,"name":"Home","item":"https:\/\/www.worldheritageireland.ie\/ga\/"},{"@type":"ListItem","position":2,"name":"R\u00e9admhaoin Oidhreachta Domhanda","item":"https:\/\/www.worldheritageireland.ie\/ga\/readmhaoin-oidhreachta-domhanda\/"},{"@type":"ListItem","position":3,"name":"Br\u00fa na B\u00f3inne","item":"https:\/\/www.worldheritageireland.ie\/ga\/readmhaoin-oidhreachta-domhanda\/bru-na-boinne-2\/"},{"@type":"ListItem","position":4,"name":"Grianstad an Gheimhridh"}]},{"@type":"WebSite","@id":"https:\/\/www.worldheritageireland.ie\/ga\/#website","url":"https:\/\/www.worldheritageireland.ie\/ga\/","name":"Oidhreacht Dhomhanda na h\u00c9ireann","description":"Ireland&#039;s Tentative World Heritage","publisher":{"@id":"https:\/\/www.worldheritageireland.ie\/ga\/#organization"},"potentialAction":[{"@type":"SearchAction","target":{"@type":"EntryPoint","urlTemplate":"https:\/\/www.worldheritageireland.ie\/ga\/?s={search_term_string}"},"query-input":{"@type":"PropertyValueSpecification","valueRequired":true,"valueName":"search_term_string"}}],"inLanguage":"ga-IE"},{"@type":"Organization","@id":"https:\/\/www.worldheritageireland.ie\/ga\/#organization","name":"Department of Housing, Local Government and Heritage","url":"https:\/\/www.worldheritageireland.ie\/ga\/","logo":{"@type":"ImageObject","inLanguage":"ga-IE","@id":"https:\/\/www.worldheritageireland.ie\/ga\/#\/schema\/logo\/image\/","url":"https:\/\/www.worldheritageireland.ie\/wp-content\/uploads\/2023\/07\/unesco_wh_in_Ireland_Blue_180_trans.png","contentUrl":"https:\/\/www.worldheritageireland.ie\/wp-content\/uploads\/2023\/07\/unesco_wh_in_Ireland_Blue_180_trans.png","width":181,"height":181,"caption":"Department of Housing, Local Government and Heritage"},"image":{"@id":"https:\/\/www.worldheritageireland.ie\/ga\/#\/schema\/logo\/image\/"},"sameAs":["https:\/\/www.facebook.com\/NationalMons\/","https:\/\/x.com\/NationalMons"]}]}},"spectra_custom_meta":{"adv-header-id-meta":[""],"stick-header-meta":[""],"site-post-title":["disabled"],"theme-transparent-header-meta":[""],"_top_nav_excluded":[""],"_cms_nav_minihome":[""],"_wp_page_template":["default"],"_last_translation_edit_mode":["translation-editor"],"_thumbnail_id":["2219"],"_wpml_media_duplicate":["1"],"cmplz_hide_cookiebanner":[""],"_oembed_01bbfcf3d2ad37572e9348f592ae7797":["<iframe title=\"Winter Solstice Illumination of Newgrange Chamber\" width=\"1200\" height=\"675\" src=\"https:\/\/www.youtube.com\/embed\/Gl9_mi6Nj0c?feature=oembed\" frameborder=\"0\" allow=\"accelerometer; autoplay; clipboard-write; encrypted-media; gyroscope; picture-in-picture\" allowfullscreen><\/iframe>"],"_oembed_time_01bbfcf3d2ad37572e9348f592ae7797":["1667466741"],"_oembed_c0f0a78e5e4ede16da389e30e71c6316":["<iframe title=\"Winter Solstice Illumination of Newgrange Chamber\" width=\"500\" height=\"281\" src=\"https:\/\/www.youtube.com\/embed\/Gl9_mi6Nj0c?feature=oembed\" frameborder=\"0\" allow=\"accelerometer; autoplay; clipboard-write; encrypted-media; gyroscope; picture-in-picture; web-share\" allowfullscreen><\/iframe>"],"_oembed_time_c0f0a78e5e4ede16da389e30e71c6316":["1673075563"],"_yoast_wpseo_primary_category":[""],"_cmplz_scanned_post":["1"],"_oembed_24128a451ff590cb002011a99dce974d":["<iframe title=\"Winter Solstice Illumination of Newgrange Chamber\" width=\"500\" height=\"281\" src=\"https:\/\/www.youtube.com\/embed\/Gl9_mi6Nj0c?feature=oembed\" frameborder=\"0\" allow=\"accelerometer; autoplay; clipboard-write; encrypted-media; gyroscope; picture-in-picture; web-share\" referrerpolicy=\"strict-origin-when-cross-origin\" allowfullscreen><\/iframe>"],"_oembed_time_24128a451ff590cb002011a99dce974d":["1712438806"],"ast-site-content-layout":["default"],"related_links":["a:1:{i:0;s:0:\"\";}"],"_wpml_word_count":["146"],"_uag_page_assets":["a:9:{s:3:\"css\";s:0:\"\";s:2:\"js\";s:0:\"\";s:18:\"current_block_list\";a:18:{i:0;s:12:\"core\/columns\";i:1;s:11:\"core\/column\";i:2;s:10:\"core\/group\";i:3;s:12:\"core\/heading\";i:4;s:14:\"core\/paragraph\";i:5;s:11:\"core\/spacer\";i:8;s:10:\"core\/embed\";i:9;s:9:\"core\/file\";i:10;s:11:\"core\/search\";i:11;s:17:\"core\/latest-posts\";i:12;s:20:\"core\/latest-comments\";i:13;s:13:\"core\/archives\";i:14;s:15:\"core\/categories\";i:15;s:20:\"outermost\/icon-block\";i:16;s:9:\"core\/list\";i:17;s:14:\"core\/list-item\";i:18;s:20:\"nextend\/smartslider3\";i:19;s:10:\"core\/image\";}s:8:\"uag_flag\";b:0;s:11:\"uag_version\";s:10:\"1775052773\";s:6:\"gfonts\";a:0:{}s:10:\"gfonts_url\";s:0:\"\";s:12:\"gfonts_files\";a:0:{}s:14:\"uag_faq_layout\";b:0;}"]},"uagb_featured_image_src":{"full":["https:\/\/www.worldheritageireland.ie\/wp-content\/uploads\/2022\/11\/210422_Newgrange_043-scaled.jpg",2560,1706,false],"thumbnail":["https:\/\/www.worldheritageireland.ie\/wp-content\/uploads\/2022\/11\/210422_Newgrange_043-150x150.jpg",150,150,true],"medium":["https:\/\/www.worldheritageireland.ie\/wp-content\/uploads\/2022\/11\/210422_Newgrange_043-300x200.jpg",300,200,true],"medium_large":["https:\/\/www.worldheritageireland.ie\/wp-content\/uploads\/2022\/11\/210422_Newgrange_043-768x512.jpg",768,512,true],"large":["https:\/\/www.worldheritageireland.ie\/wp-content\/uploads\/2022\/11\/210422_Newgrange_043-1024x683.jpg",1024,683,true],"gs-tiny":["https:\/\/www.worldheritageireland.ie\/wp-content\/uploads\/2022\/11\/210422_Newgrange_043-scaled.jpg",50,33,false],"xl":["https:\/\/www.worldheritageireland.ie\/wp-content\/uploads\/2022\/11\/210422_Newgrange_043-1600x1067.jpg",1600,1067,true],"xxl":["https:\/\/www.worldheritageireland.ie\/wp-content\/uploads\/2022\/11\/210422_Newgrange_043-2200x1467.jpg",2200,1467,true],"xxxl":["https:\/\/www.worldheritageireland.ie\/wp-content\/uploads\/2022\/11\/210422_Newgrange_043-2800x1866.jpg",2800,1866,true],"xxxxl":["https:\/\/www.worldheritageireland.ie\/wp-content\/uploads\/2022\/11\/210422_Newgrange_043-3400x2266.jpg",3400,2266,true],"xxxxxl":["https:\/\/www.worldheritageireland.ie\/wp-content\/uploads\/2022\/11\/210422_Newgrange_043-4000x2666.jpg",4000,2666,true],"1536x1536":["https:\/\/www.worldheritageireland.ie\/wp-content\/uploads\/2022\/11\/210422_Newgrange_043-1536x1024.jpg",1536,1024,true],"2048x2048":["https:\/\/www.worldheritageireland.ie\/wp-content\/uploads\/2022\/11\/210422_Newgrange_043-2048x1365.jpg",2048,1365,true]},"uagb_author_info":{"display_name":"bobbyjo","author_link":"https:\/\/www.worldheritageireland.ie\/ga\/author\/bobbyjo\/"},"uagb_comment_info":0,"uagb_excerpt":"Grianstad an Gheimhridh ag S\u00ed an Bhr\u00fa Is \u00ed an oscailt bheag n\u00f3 &#8216;bosca d\u00edn&#8217; suite os cionn bealach isteach an phas\u00e1iste ar cheann de na gn\u00e9ithe is suntasa\u00ed ag an nGr\u00e1inseach Nua. Ag breacadh an lae ar Ghrianstad an Gheimhridh, an l\u00e1 is giorra den bhliain (21 Nollaig) agus ar feadh roinnt laethanta roimhe&hellip;","_links":{"self":[{"href":"https:\/\/www.worldheritageireland.ie\/ga\/wp-json\/wp\/v2\/pages\/2104","targetHints":{"allow":["GET"]}}],"collection":[{"href":"https:\/\/www.worldheritageireland.ie\/ga\/wp-json\/wp\/v2\/pages"}],"about":[{"href":"https:\/\/www.worldheritageireland.ie\/ga\/wp-json\/wp\/v2\/types\/page"}],"author":[{"embeddable":true,"href":"https:\/\/www.worldheritageireland.ie\/ga\/wp-json\/wp\/v2\/users\/1"}],"replies":[{"embeddable":true,"href":"https:\/\/www.worldheritageireland.ie\/ga\/wp-json\/wp\/v2\/comments?post=2104"}],"version-history":[{"count":12,"href":"https:\/\/www.worldheritageireland.ie\/ga\/wp-json\/wp\/v2\/pages\/2104\/revisions"}],"predecessor-version":[{"id":5286,"href":"https:\/\/www.worldheritageireland.ie\/ga\/wp-json\/wp\/v2\/pages\/2104\/revisions\/5286"}],"up":[{"embeddable":true,"href":"https:\/\/www.worldheritageireland.ie\/ga\/wp-json\/wp\/v2\/pages\/4957"}],"wp:featuredmedia":[{"embeddable":true,"href":"https:\/\/www.worldheritageireland.ie\/ga\/wp-json\/wp\/v2\/media\/2219"}],"wp:attachment":[{"href":"https:\/\/www.worldheritageireland.ie\/ga\/wp-json\/wp\/v2\/media?parent=2104"}],"wp:term":[{"taxonomy":"category","embeddable":true,"href":"https:\/\/www.worldheritageireland.ie\/ga\/wp-json\/wp\/v2\/categories?post=2104"},{"taxonomy":"post_tag","embeddable":true,"href":"https:\/\/www.worldheritageireland.ie\/ga\/wp-json\/wp\/v2\/tags?post=2104"}],"curies":[{"name":"wp","href":"https:\/\/api.w.org\/{rel}","templated":true}]}}