{"id":2106,"date":"2022-03-28T15:06:31","date_gmt":"2022-03-28T14:06:31","guid":{"rendered":"https:\/\/www.worldheritageireland.ie\/dean-teagmhail-linn\/"},"modified":"2025-01-10T10:57:56","modified_gmt":"2025-01-10T10:57:56","slug":"dean-teagmhail-linn","status":"publish","type":"page","link":"https:\/\/www.worldheritageireland.ie\/ga\/dean-teagmhail-linn\/","title":{"rendered":"D\u00e9an teagmh\u00e1il linn"},"content":{"rendered":"\n<div class=\"inherit-container-width wp-block-group alignfull whi-section is-layout-constrained wp-block-group-is-layout-constrained\"><div class=\"wp-block-group__inner-container\">\n<h1 class=\"wp-block-heading\">D\u00e9an teagmh\u00e1il linn<\/h1>\n\n\n\n<div class=\"wp-block-columns alignwide is-layout-flex wp-container-core-columns-is-layout-28f84493 wp-block-columns-is-layout-flex\">\n<div class=\"wp-block-column is-layout-flow wp-block-column-is-layout-flow\">\n<h2 class=\"wp-block-heading\">Aimsigh muid<\/h2>\n\n\n\n<div class=\"inherit-container-width wp-block-group is-layout-constrained wp-block-group-is-layout-constrained\"><div class=\"wp-block-group__inner-container\">\n<p>Aonad Oidhreachta Domhanda, Seirbh\u00eds na S\u00e9adchomhartha\u00ed N\u00e1isi\u00fanta, Roinn Tith\u00edochta,Rialtais \u00c1iti\u00fail agus Oidhreachta<\/p>\n<\/div><\/div>\n\n\n\t\t\t<div \n\t\t\tclass=\"wp-block-uagb-google-map uagb-google-map__wrap uagb-block-dfbfe2f4     \"\n\t\t\tstyle=\"\" >\n\t\t\t\t<embed\n\t\t\t\t\tclass=\"uagb-google-map__iframe\"\n\t\t\t\t\ttitle=\"Google Map for \"\n\t\t\t\t\tsrc=\"https:\/\/maps.google.com\/maps?q=Department%20of%20Housing%2C%20Local%20Government%20and%20Heritage%20Custom%20House%2C%20Dublin%201&#038;z=12&#038;hl=en&#038;t=m&#038;output=embed&#038;iwloc=near\"\n\t\t\t\t\twidth=\"640\"\n\t\t\t\t\theight=\"300\"\n\t\t\t\t\tloading=\"lazy\"\n\t\t\t\t><\/embed>\n\t\t\t<\/div>\n\t\t\t<\/div>\n\n\n\n<div class=\"wp-block-column is-layout-flow wp-block-column-is-layout-flow\">\n<h2 class=\"wp-block-heading\">Seol r\u00edomhphost chugainn<\/h2>\n\n\n\n<p><strong>Tabhair faoi deara le do thoil nach f\u00e9idir le hOidhreacht an Domhain de chuid na h\u00c9ireann cuidi\u00fa le fiosruithe maidir le h\u00e1iseanna do chuairteoir\u00ed ag R\u00e9admhaoine de chuid Oidhreacht an Domhain n\u00e1 ag L\u00e1ithreacha ar Liosta Sealadach. N\u00e1 t\u00e9igh i dteagmh\u00e1il linn maidir le fiosruithe faoi d&#8217;\u00e1irithint, earra\u00ed caillte n\u00e1 fiosr\u00fa eile a bhaineann le do chuairt.<\/strong><\/p>\n\n\n\n<div class=\"wp-block-contact-form-7-contact-form-selector\">\n<div class=\"wpcf7 no-js\" id=\"wpcf7-f2109-o1\" lang=\"ga-IE\" dir=\"ltr\" data-wpcf7-id=\"2109\">\n<div class=\"screen-reader-response\"><p role=\"status\" aria-live=\"polite\" aria-atomic=\"true\"><\/p> <ul><\/ul><\/div>\n<form action=\"\/ga\/wp-json\/wp\/v2\/pages\/2106#wpcf7-f2109-o1\" method=\"post\" class=\"wpcf7-form init\" aria-label=\"Contact form\" novalidate=\"novalidate\" data-status=\"init\">\n<fieldset class=\"hidden-fields-container\"><input type=\"hidden\" name=\"_wpcf7\" value=\"2109\" \/><input type=\"hidden\" name=\"_wpcf7_version\" value=\"6.1.5\" \/><input type=\"hidden\" name=\"_wpcf7_locale\" value=\"ga_IE\" \/><input type=\"hidden\" name=\"_wpcf7_unit_tag\" value=\"wpcf7-f2109-o1\" \/><input type=\"hidden\" name=\"_wpcf7_container_post\" value=\"0\" \/><input type=\"hidden\" name=\"_wpcf7_posted_data_hash\" value=\"\" \/><input type=\"hidden\" name=\"_wpcf7_recaptcha_response\" value=\"\" \/>\n<\/fieldset>\n<p><label> D'ainm<br \/>\n<span class=\"wpcf7-form-control-wrap\" data-name=\"your-name\"><input size=\"40\" maxlength=\"400\" class=\"wpcf7-form-control wpcf7-text wpcf7-validates-as-required\" aria-required=\"true\" aria-invalid=\"false\" value=\"\" type=\"text\" name=\"your-name\" \/><\/span> <\/label>\n<\/p>\n<p><label> Do sheoladh r\u00edomhphoist<br \/>\n<span class=\"wpcf7-form-control-wrap\" data-name=\"your-email\"><input size=\"40\" maxlength=\"400\" class=\"wpcf7-form-control wpcf7-email wpcf7-validates-as-required wpcf7-text wpcf7-validates-as-email\" aria-required=\"true\" aria-invalid=\"false\" value=\"\" type=\"email\" name=\"your-email\" \/><\/span> <\/label>\n<\/p>\n<p><label> \u00c1bhar<br \/>\n<span class=\"wpcf7-form-control-wrap\" data-name=\"your-subject\"><input size=\"40\" maxlength=\"400\" class=\"wpcf7-form-control wpcf7-text wpcf7-validates-as-required\" aria-required=\"true\" aria-invalid=\"false\" value=\"\" type=\"text\" name=\"your-subject\" \/><\/span> <\/label>\n<\/p>\n<p><label> Do theachtaireacht (roghnach)<br \/>\n<span class=\"wpcf7-form-control-wrap\" data-name=\"your-message\"><textarea cols=\"40\" rows=\"10\" maxlength=\"2000\" class=\"wpcf7-form-control wpcf7-textarea wpcf7-validates-as-required\" aria-required=\"true\" aria-invalid=\"false\" name=\"your-message\"><\/textarea><\/span> <\/label>\n<\/p>\n<p><input class=\"wpcf7-form-control wpcf7-submit has-spinner\" type=\"submit\" value=\"Cuir isteach\" \/>\n<\/p><div class=\"wpcf7-response-output\" aria-hidden=\"true\"><\/div>\n<\/form>\n<\/div>\n<\/div>\n<\/div>\n<\/div>\n<\/div><\/div>\n","protected":false},"excerpt":{"rendered":"<p>D\u00e9an teagmh\u00e1il linn Aimsigh muid Aonad Oidhreachta Domhanda, Seirbh\u00eds na S\u00e9adchomhartha\u00ed N\u00e1isi\u00fanta, Roinn Tith\u00edochta,Rialtais \u00c1iti\u00fail agus Oidhreachta Seol r\u00edomhphost chugainn Tabhair faoi deara le do thoil nach f\u00e9idir le hOidhreacht an Domhain de chuid na h\u00c9ireann cuidi\u00fa le fiosruithe maidir le h\u00e1iseanna do chuairteoir\u00ed ag R\u00e9admhaoine de chuid Oidhreacht an Domhain n\u00e1 ag L\u00e1ithreacha ar [&hellip;]<\/p>\n","protected":false},"author":1,"featured_media":0,"parent":0,"menu_order":0,"comment_status":"closed","ping_status":"closed","template":"page.php","meta":{"_acf_changed":false,"_uag_custom_page_level_css":"","site-sidebar-layout":"default","site-content-layout":"default","ast-site-content-layout":"default","site-content-style":"default","site-sidebar-style":"default","ast-global-header-display":"","ast-banner-title-visibility":"","ast-main-header-display":"","ast-hfb-above-header-display":"","ast-hfb-below-header-display":"","ast-hfb-mobile-header-display":"","site-post-title":"disabled","ast-breadcrumbs-content":"","ast-featured-img":"","footer-sml-layout":"","ast-disable-related-posts":"","theme-transparent-header-meta":"","adv-header-id-meta":"","stick-header-meta":"","header-above-stick-meta":"","header-main-stick-meta":"","header-below-stick-meta":"","astra-migrate-meta-layouts":"default","ast-page-background-enabled":"default","ast-page-background-meta":{"desktop":{"background-color":"var(--ast-global-color-4)","background-image":"","background-repeat":"repeat","background-position":"center center","background-size":"auto","background-attachment":"scroll","background-type":"","background-media":"","overlay-type":"","overlay-color":"","overlay-opacity":"","overlay-gradient":""},"tablet":{"background-color":"","background-image":"","background-repeat":"repeat","background-position":"center center","background-size":"auto","background-attachment":"scroll","background-type":"","background-media":"","overlay-type":"","overlay-color":"","overlay-opacity":"","overlay-gradient":""},"mobile":{"background-color":"","background-image":"","background-repeat":"repeat","background-position":"center center","background-size":"auto","background-attachment":"scroll","background-type":"","background-media":"","overlay-type":"","overlay-color":"","overlay-opacity":"","overlay-gradient":""}},"ast-content-background-meta":{"desktop":{"background-color":"var(--ast-global-color-5)","background-image":"","background-repeat":"repeat","background-position":"center center","background-size":"auto","background-attachment":"scroll","background-type":"","background-media":"","overlay-type":"","overlay-color":"","overlay-opacity":"","overlay-gradient":""},"tablet":{"background-color":"var(--ast-global-color-5)","background-image":"","background-repeat":"repeat","background-position":"center center","background-size":"auto","background-attachment":"scroll","background-type":"","background-media":"","overlay-type":"","overlay-color":"","overlay-opacity":"","overlay-gradient":""},"mobile":{"background-color":"var(--ast-global-color-5)","background-image":"","background-repeat":"repeat","background-position":"center center","background-size":"auto","background-attachment":"scroll","background-type":"","background-media":"","overlay-type":"","overlay-color":"","overlay-opacity":"","overlay-gradient":""}},"pgc_sgb_lightbox_settings":"","footnotes":""},"categories":[],"tags":[],"class_list":["post-2106","page","type-page","status-publish","hentry"],"acf":[],"yoast_head":"<!-- This site is optimized with the Yoast SEO plugin v27.5 - https:\/\/yoast.com\/product\/yoast-seo-wordpress\/ -->\n<title>D\u00e9an teagmh\u00e1il linn - Oidhreacht Dhomhanda na h\u00c9ireann<\/title>\n<meta name=\"robots\" content=\"index, follow, max-snippet:-1, max-image-preview:large, max-video-preview:-1\" \/>\n<link rel=\"canonical\" href=\"https:\/\/www.worldheritageireland.ie\/ga\/dean-teagmhail-linn\/\" \/>\n<meta property=\"og:locale\" content=\"ga_IE\" \/>\n<meta property=\"og:type\" content=\"article\" \/>\n<meta property=\"og:title\" content=\"D\u00e9an teagmh\u00e1il linn - Oidhreacht Dhomhanda na h\u00c9ireann\" \/>\n<meta property=\"og:description\" content=\"D\u00e9an teagmh\u00e1il linn Aimsigh muid Aonad Oidhreachta Domhanda, Seirbh\u00eds na S\u00e9adchomhartha\u00ed N\u00e1isi\u00fanta, Roinn Tith\u00edochta,Rialtais \u00c1iti\u00fail agus Oidhreachta Seol r\u00edomhphost chugainn Tabhair faoi deara le do thoil nach f\u00e9idir le hOidhreacht an Domhain de chuid na h\u00c9ireann cuidi\u00fa le fiosruithe maidir le h\u00e1iseanna do chuairteoir\u00ed ag R\u00e9admhaoine de chuid Oidhreacht an Domhain n\u00e1 ag L\u00e1ithreacha ar [&hellip;]\" \/>\n<meta property=\"og:url\" content=\"https:\/\/www.worldheritageireland.ie\/ga\/dean-teagmhail-linn\/\" \/>\n<meta property=\"og:site_name\" content=\"Oidhreacht Dhomhanda na h\u00c9ireann\" \/>\n<meta property=\"article:publisher\" content=\"https:\/\/www.facebook.com\/NationalMons\/\" \/>\n<meta property=\"article:modified_time\" content=\"2025-01-10T10:57:56+00:00\" \/>\n<meta name=\"twitter:card\" content=\"summary_large_image\" \/>\n<meta name=\"twitter:site\" content=\"@NationalMons\" \/>\n<meta name=\"twitter:label1\" content=\"Est. reading time\" \/>\n\t<meta name=\"twitter:data1\" content=\"1 minute\" \/>\n<script type=\"application\/ld+json\" class=\"yoast-schema-graph\">{\"@context\":\"https:\\\/\\\/schema.org\",\"@graph\":[{\"@type\":\"WebPage\",\"@id\":\"https:\\\/\\\/www.worldheritageireland.ie\\\/ga\\\/dean-teagmhail-linn\\\/\",\"url\":\"https:\\\/\\\/www.worldheritageireland.ie\\\/ga\\\/dean-teagmhail-linn\\\/\",\"name\":\"D\u00e9an teagmh\u00e1il linn - Oidhreacht Dhomhanda na h\u00c9ireann\",\"isPartOf\":{\"@id\":\"https:\\\/\\\/www.worldheritageireland.ie\\\/ga\\\/#website\"},\"datePublished\":\"2022-03-28T14:06:31+00:00\",\"dateModified\":\"2025-01-10T10:57:56+00:00\",\"breadcrumb\":{\"@id\":\"https:\\\/\\\/www.worldheritageireland.ie\\\/ga\\\/dean-teagmhail-linn\\\/#breadcrumb\"},\"inLanguage\":\"ga-IE\",\"potentialAction\":[{\"@type\":\"ReadAction\",\"target\":[\"https:\\\/\\\/www.worldheritageireland.ie\\\/ga\\\/dean-teagmhail-linn\\\/\"]}]},{\"@type\":\"BreadcrumbList\",\"@id\":\"https:\\\/\\\/www.worldheritageireland.ie\\\/ga\\\/dean-teagmhail-linn\\\/#breadcrumb\",\"itemListElement\":[{\"@type\":\"ListItem\",\"position\":1,\"name\":\"Home\",\"item\":\"https:\\\/\\\/www.worldheritageireland.ie\\\/ga\\\/\"},{\"@type\":\"ListItem\",\"position\":2,\"name\":\"D\u00e9an teagmh\u00e1il linn\"}]},{\"@type\":\"WebSite\",\"@id\":\"https:\\\/\\\/www.worldheritageireland.ie\\\/ga\\\/#website\",\"url\":\"https:\\\/\\\/www.worldheritageireland.ie\\\/ga\\\/\",\"name\":\"Oidhreacht Dhomhanda na h\u00c9ireann\",\"description\":\"Ireland&#039;s Tentative World Heritage\",\"publisher\":{\"@id\":\"https:\\\/\\\/www.worldheritageireland.ie\\\/ga\\\/#organization\"},\"potentialAction\":[{\"@type\":\"SearchAction\",\"target\":{\"@type\":\"EntryPoint\",\"urlTemplate\":\"https:\\\/\\\/www.worldheritageireland.ie\\\/ga\\\/?s={search_term_string}\"},\"query-input\":{\"@type\":\"PropertyValueSpecification\",\"valueRequired\":true,\"valueName\":\"search_term_string\"}}],\"inLanguage\":\"ga-IE\"},{\"@type\":\"Organization\",\"@id\":\"https:\\\/\\\/www.worldheritageireland.ie\\\/ga\\\/#organization\",\"name\":\"Department of Housing, Local Government and Heritage\",\"url\":\"https:\\\/\\\/www.worldheritageireland.ie\\\/ga\\\/\",\"logo\":{\"@type\":\"ImageObject\",\"inLanguage\":\"ga-IE\",\"@id\":\"https:\\\/\\\/www.worldheritageireland.ie\\\/ga\\\/#\\\/schema\\\/logo\\\/image\\\/\",\"url\":\"https:\\\/\\\/www.worldheritageireland.ie\\\/wp-content\\\/uploads\\\/2023\\\/07\\\/unesco_wh_in_Ireland_Blue_180_trans.png\",\"contentUrl\":\"https:\\\/\\\/www.worldheritageireland.ie\\\/wp-content\\\/uploads\\\/2023\\\/07\\\/unesco_wh_in_Ireland_Blue_180_trans.png\",\"width\":181,\"height\":181,\"caption\":\"Department of Housing, Local Government and Heritage\"},\"image\":{\"@id\":\"https:\\\/\\\/www.worldheritageireland.ie\\\/ga\\\/#\\\/schema\\\/logo\\\/image\\\/\"},\"sameAs\":[\"https:\\\/\\\/www.facebook.com\\\/NationalMons\\\/\",\"https:\\\/\\\/x.com\\\/NationalMons\"]}]}<\/script>\n<!-- \/ Yoast SEO plugin. -->","yoast_head_json":{"title":"D\u00e9an teagmh\u00e1il linn - Oidhreacht Dhomhanda na h\u00c9ireann","robots":{"index":"index","follow":"follow","max-snippet":"max-snippet:-1","max-image-preview":"max-image-preview:large","max-video-preview":"max-video-preview:-1"},"canonical":"https:\/\/www.worldheritageireland.ie\/ga\/dean-teagmhail-linn\/","og_locale":"ga_IE","og_type":"article","og_title":"D\u00e9an teagmh\u00e1il linn - Oidhreacht Dhomhanda na h\u00c9ireann","og_description":"D\u00e9an teagmh\u00e1il linn Aimsigh muid Aonad Oidhreachta Domhanda, Seirbh\u00eds na S\u00e9adchomhartha\u00ed N\u00e1isi\u00fanta, Roinn Tith\u00edochta,Rialtais \u00c1iti\u00fail agus Oidhreachta Seol r\u00edomhphost chugainn Tabhair faoi deara le do thoil nach f\u00e9idir le hOidhreacht an Domhain de chuid na h\u00c9ireann cuidi\u00fa le fiosruithe maidir le h\u00e1iseanna do chuairteoir\u00ed ag R\u00e9admhaoine de chuid Oidhreacht an Domhain n\u00e1 ag L\u00e1ithreacha ar [&hellip;]","og_url":"https:\/\/www.worldheritageireland.ie\/ga\/dean-teagmhail-linn\/","og_site_name":"Oidhreacht Dhomhanda na h\u00c9ireann","article_publisher":"https:\/\/www.facebook.com\/NationalMons\/","article_modified_time":"2025-01-10T10:57:56+00:00","twitter_card":"summary_large_image","twitter_site":"@NationalMons","twitter_misc":{"Est. reading time":"1 minute"},"schema":{"@context":"https:\/\/schema.org","@graph":[{"@type":"WebPage","@id":"https:\/\/www.worldheritageireland.ie\/ga\/dean-teagmhail-linn\/","url":"https:\/\/www.worldheritageireland.ie\/ga\/dean-teagmhail-linn\/","name":"D\u00e9an teagmh\u00e1il linn - Oidhreacht Dhomhanda na h\u00c9ireann","isPartOf":{"@id":"https:\/\/www.worldheritageireland.ie\/ga\/#website"},"datePublished":"2022-03-28T14:06:31+00:00","dateModified":"2025-01-10T10:57:56+00:00","breadcrumb":{"@id":"https:\/\/www.worldheritageireland.ie\/ga\/dean-teagmhail-linn\/#breadcrumb"},"inLanguage":"ga-IE","potentialAction":[{"@type":"ReadAction","target":["https:\/\/www.worldheritageireland.ie\/ga\/dean-teagmhail-linn\/"]}]},{"@type":"BreadcrumbList","@id":"https:\/\/www.worldheritageireland.ie\/ga\/dean-teagmhail-linn\/#breadcrumb","itemListElement":[{"@type":"ListItem","position":1,"name":"Home","item":"https:\/\/www.worldheritageireland.ie\/ga\/"},{"@type":"ListItem","position":2,"name":"D\u00e9an teagmh\u00e1il linn"}]},{"@type":"WebSite","@id":"https:\/\/www.worldheritageireland.ie\/ga\/#website","url":"https:\/\/www.worldheritageireland.ie\/ga\/","name":"Oidhreacht Dhomhanda na h\u00c9ireann","description":"Ireland&#039;s Tentative World Heritage","publisher":{"@id":"https:\/\/www.worldheritageireland.ie\/ga\/#organization"},"potentialAction":[{"@type":"SearchAction","target":{"@type":"EntryPoint","urlTemplate":"https:\/\/www.worldheritageireland.ie\/ga\/?s={search_term_string}"},"query-input":{"@type":"PropertyValueSpecification","valueRequired":true,"valueName":"search_term_string"}}],"inLanguage":"ga-IE"},{"@type":"Organization","@id":"https:\/\/www.worldheritageireland.ie\/ga\/#organization","name":"Department of Housing, Local Government and Heritage","url":"https:\/\/www.worldheritageireland.ie\/ga\/","logo":{"@type":"ImageObject","inLanguage":"ga-IE","@id":"https:\/\/www.worldheritageireland.ie\/ga\/#\/schema\/logo\/image\/","url":"https:\/\/www.worldheritageireland.ie\/wp-content\/uploads\/2023\/07\/unesco_wh_in_Ireland_Blue_180_trans.png","contentUrl":"https:\/\/www.worldheritageireland.ie\/wp-content\/uploads\/2023\/07\/unesco_wh_in_Ireland_Blue_180_trans.png","width":181,"height":181,"caption":"Department of Housing, Local Government and Heritage"},"image":{"@id":"https:\/\/www.worldheritageireland.ie\/ga\/#\/schema\/logo\/image\/"},"sameAs":["https:\/\/www.facebook.com\/NationalMons\/","https:\/\/x.com\/NationalMons"]}]}},"spectra_custom_meta":{"adv-header-id-meta":[""],"stick-header-meta":[""],"site-post-title":["disabled"],"site-sidebar-layout":["default"],"site-content-layout":["default"],"theme-transparent-header-meta":[""],"_top_nav_excluded":[""],"_cms_nav_minihome":[""],"_wp_page_template":["page.php"],"_last_translation_edit_mode":["translation-editor"],"_cmplz_scanned_post":["1"],"ast-site-content-layout":["default"],"related_links":["a:1:{i:0;s:0:\"\";}"],"_uag_css_file_name":["uag-css-2106.css"],"_uagb_previous_block_counts":["a:90:{s:21:\"uagb\/advanced-heading\";i:0;s:15:\"uagb\/blockquote\";i:0;s:12:\"uagb\/buttons\";i:0;s:18:\"uagb\/buttons-child\";i:0;s:19:\"uagb\/call-to-action\";i:0;s:15:\"uagb\/cf7-styler\";i:0;s:11:\"uagb\/column\";i:0;s:12:\"uagb\/columns\";i:0;s:14:\"uagb\/container\";i:0;s:21:\"uagb\/content-timeline\";i:0;s:27:\"uagb\/content-timeline-child\";i:0;s:14:\"uagb\/countdown\";i:0;s:12:\"uagb\/counter\";i:0;s:8:\"uagb\/faq\";i:0;s:14:\"uagb\/faq-child\";i:0;s:10:\"uagb\/forms\";i:0;s:17:\"uagb\/forms-accept\";i:0;s:19:\"uagb\/forms-checkbox\";i:0;s:15:\"uagb\/forms-date\";i:0;s:16:\"uagb\/forms-email\";i:0;s:17:\"uagb\/forms-hidden\";i:0;s:15:\"uagb\/forms-name\";i:0;s:16:\"uagb\/forms-phone\";i:0;s:16:\"uagb\/forms-radio\";i:0;s:17:\"uagb\/forms-select\";i:0;s:19:\"uagb\/forms-textarea\";i:0;s:17:\"uagb\/forms-toggle\";i:0;s:14:\"uagb\/forms-url\";i:0;s:14:\"uagb\/gf-styler\";i:0;s:15:\"uagb\/google-map\";i:1;s:11:\"uagb\/how-to\";i:0;s:16:\"uagb\/how-to-step\";i:0;s:9:\"uagb\/icon\";i:0;s:14:\"uagb\/icon-list\";i:0;s:20:\"uagb\/icon-list-child\";i:0;s:10:\"uagb\/image\";i:0;s:18:\"uagb\/image-gallery\";i:0;s:13:\"uagb\/info-box\";i:0;s:18:\"uagb\/inline-notice\";i:0;s:11:\"uagb\/lottie\";i:0;s:21:\"uagb\/marketing-button\";i:0;s:10:\"uagb\/modal\";i:0;s:18:\"uagb\/popup-builder\";i:0;s:16:\"uagb\/post-button\";i:0;s:18:\"uagb\/post-carousel\";i:0;s:17:\"uagb\/post-excerpt\";i:0;s:14:\"uagb\/post-grid\";i:0;s:15:\"uagb\/post-image\";i:0;s:17:\"uagb\/post-masonry\";i:0;s:14:\"uagb\/post-meta\";i:0;s:18:\"uagb\/post-taxonomy\";i:0;s:18:\"uagb\/post-timeline\";i:0;s:15:\"uagb\/post-title\";i:0;s:20:\"uagb\/restaurant-menu\";i:0;s:26:\"uagb\/restaurant-menu-child\";i:0;s:11:\"uagb\/review\";i:0;s:12:\"uagb\/section\";i:0;s:14:\"uagb\/separator\";i:0;s:11:\"uagb\/slider\";i:0;s:17:\"uagb\/slider-child\";i:0;s:17:\"uagb\/social-share\";i:0;s:23:\"uagb\/social-share-child\";i:0;s:16:\"uagb\/star-rating\";i:0;s:23:\"uagb\/sure-cart-checkout\";i:0;s:22:\"uagb\/sure-cart-product\";i:0;s:15:\"uagb\/sure-forms\";i:0;s:22:\"uagb\/table-of-contents\";i:0;s:9:\"uagb\/tabs\";i:0;s:15:\"uagb\/tabs-child\";i:0;s:18:\"uagb\/taxonomy-list\";i:0;s:9:\"uagb\/team\";i:0;s:16:\"uagb\/testimonial\";i:0;s:14:\"uagb\/wp-search\";i:0;s:19:\"uagb\/instagram-feed\";i:0;s:10:\"uagb\/login\";i:0;s:17:\"uagb\/loop-builder\";i:0;s:18:\"uagb\/loop-category\";i:0;s:20:\"uagb\/loop-pagination\";i:0;s:15:\"uagb\/loop-reset\";i:0;s:16:\"uagb\/loop-search\";i:0;s:14:\"uagb\/loop-sort\";i:0;s:17:\"uagb\/loop-wrapper\";i:0;s:13:\"uagb\/register\";i:0;s:19:\"uagb\/register-email\";i:0;s:24:\"uagb\/register-first-name\";i:0;s:23:\"uagb\/register-last-name\";i:0;s:22:\"uagb\/register-password\";i:0;s:30:\"uagb\/register-reenter-password\";i:0;s:19:\"uagb\/register-terms\";i:0;s:22:\"uagb\/register-username\";i:0;}"],"_uagb_last_spectra_edit":["1776865677"],"_uag_page_assets":["a:9:{s:3:\"css\";s:274:\" .uagb-block-dfbfe2f4 .uagb-google-map__iframe{height: 300px;}@media only screen and (max-width: 976px) { .uagb-block-dfbfe2f4 .uagb-google-map__iframe{height: 300px;}}@media only screen and (max-width: 767px) { .uagb-block-dfbfe2f4 .uagb-google-map__iframe{height: 300px;}}\";s:2:\"js\";s:0:\"\";s:18:\"current_block_list\";a:17:{i:0;s:10:\"core\/group\";i:1;s:12:\"core\/heading\";i:2;s:12:\"core\/columns\";i:3;s:11:\"core\/column\";i:5;s:14:\"core\/paragraph\";i:6;s:15:\"uagb\/google-map\";i:7;s:36:\"contact-form-7\/contact-form-selector\";i:8;s:11:\"core\/search\";i:9;s:17:\"core\/latest-posts\";i:10;s:20:\"core\/latest-comments\";i:11;s:13:\"core\/archives\";i:12;s:15:\"core\/categories\";i:13;s:20:\"outermost\/icon-block\";i:14;s:9:\"core\/list\";i:15;s:14:\"core\/list-item\";i:16;s:20:\"nextend\/smartslider3\";i:17;s:10:\"core\/image\";}s:8:\"uag_flag\";b:1;s:11:\"uag_version\";s:10:\"1777473999\";s:6:\"gfonts\";a:0:{}s:10:\"gfonts_url\";s:0:\"\";s:12:\"gfonts_files\";a:0:{}s:14:\"uag_faq_layout\";b:0;}"]},"uagb_featured_image_src":{"full":false,"thumbnail":false,"medium":false,"medium_large":false,"large":false,"gs-tiny":false,"xl":false,"xxl":false,"xxxl":false,"xxxxl":false,"xxxxxl":false,"1536x1536":false,"2048x2048":false},"uagb_author_info":{"display_name":"bobbyjo","author_link":"https:\/\/www.worldheritageireland.ie\/ga\/author\/bobbyjo\/"},"uagb_comment_info":0,"uagb_excerpt":"D\u00e9an teagmh\u00e1il linn Aimsigh muid Aonad Oidhreachta Domhanda, Seirbh\u00eds na S\u00e9adchomhartha\u00ed N\u00e1isi\u00fanta, Roinn Tith\u00edochta,Rialtais \u00c1iti\u00fail agus Oidhreachta Seol r\u00edomhphost chugainn Tabhair faoi deara le do thoil nach f\u00e9idir le hOidhreacht an Domhain de chuid na h\u00c9ireann cuidi\u00fa le fiosruithe maidir le h\u00e1iseanna do chuairteoir\u00ed ag R\u00e9admhaoine de chuid Oidhreacht an Domhain n\u00e1 ag L\u00e1ithreacha ar&hellip;","_links":{"self":[{"href":"https:\/\/www.worldheritageireland.ie\/ga\/wp-json\/wp\/v2\/pages\/2106","targetHints":{"allow":["GET"]}}],"collection":[{"href":"https:\/\/www.worldheritageireland.ie\/ga\/wp-json\/wp\/v2\/pages"}],"about":[{"href":"https:\/\/www.worldheritageireland.ie\/ga\/wp-json\/wp\/v2\/types\/page"}],"author":[{"embeddable":true,"href":"https:\/\/www.worldheritageireland.ie\/ga\/wp-json\/wp\/v2\/users\/1"}],"replies":[{"embeddable":true,"href":"https:\/\/www.worldheritageireland.ie\/ga\/wp-json\/wp\/v2\/comments?post=2106"}],"version-history":[{"count":5,"href":"https:\/\/www.worldheritageireland.ie\/ga\/wp-json\/wp\/v2\/pages\/2106\/revisions"}],"predecessor-version":[{"id":2743,"href":"https:\/\/www.worldheritageireland.ie\/ga\/wp-json\/wp\/v2\/pages\/2106\/revisions\/2743"}],"wp:attachment":[{"href":"https:\/\/www.worldheritageireland.ie\/ga\/wp-json\/wp\/v2\/media?parent=2106"}],"wp:term":[{"taxonomy":"category","embeddable":true,"href":"https:\/\/www.worldheritageireland.ie\/ga\/wp-json\/wp\/v2\/categories?post=2106"},{"taxonomy":"post_tag","embeddable":true,"href":"https:\/\/www.worldheritageireland.ie\/ga\/wp-json\/wp\/v2\/tags?post=2106"}],"curies":[{"name":"wp","href":"https:\/\/api.w.org\/{rel}","templated":true}]}}