{"id":2112,"date":"2022-08-22T16:45:28","date_gmt":"2022-08-22T15:45:28","guid":{"rendered":"https:\/\/www.worldheritageireland.ie\/an-liosta-sealadach\/"},"modified":"2025-01-10T11:04:35","modified_gmt":"2025-01-10T11:04:35","slug":"an-liosta-sealadach","status":"publish","type":"page","link":"https:\/\/www.worldheritageireland.ie\/ga\/an-liosta-sealadach\/","title":{"rendered":"An Liosta Sealadach"},"content":{"rendered":"\n<section class=\"wp-block-group is-layout-constrained wp-block-group-is-layout-constrained\">\n<h1 class=\"wp-block-heading\">An Liosta Sealadach<\/h1>\n\n\n\n<p>Fardal is ea an liosta sealadach de l\u00e1ithre\u00e1in oidhreachta chult\u00fartha agus\/n\u00f3 n\u00e1d\u00fartha a mheasann P\u00e1irt\u00ed St\u00e1it gurbh fhi\u00fa st\u00e1das S\u00e1r-Luach Uil\u00edoch iad don chine daonna agus at\u00e1 oiri\u00fanach le bheith ainmnithe ar Liosta Oidhreachta Domhanda mar sin.<\/p>\n\n\n\n<p>Is g\u00e1 go mbeadh l\u00e1ithre\u00e1n curtha san \u00e1ireamh ar Liosta Sealadach St\u00e1t Ph\u00e1irt\u00ed ar feadh bliana ar a laghad ionas gur f\u00e9idir leis a bheith ainmnithe don Liosta Oidhreachta Domhanda. N\u00ed hionann ionchuimsitheacht ar an Liosta Sealadach agus go mbronnfa\u00ed st\u00e1das oifigi\u00fail Oidhreachta Domhanda ar an l\u00e1ithre\u00e1n. N\u00ed shol\u00e1thra\u00edonn an Liosta Sealadach ach uirlis shimpl\u00ed le haghaidh phlean\u00e1la agus abhc\u00f3ideachta don oidhreacht chult\u00fartha agus n\u00e1d\u00fartha iontach at\u00e1 ag an t\u00edr, agus cabhra\u00edonn s\u00e9 leis an gCoiste Oidhreachta Domhanda meas\u00fan\u00fa a dh\u00e9anamh ar liosta ainmni\u00fach\u00e1in na t\u00edre agus as an gcomhth\u00e9acs as a ainmn\u00edodh \u00e9.<\/p>\n\n\n\n<p>Is f\u00e9idir le l\u00e1ithre\u00e1in at\u00e1 liost\u00e1ilte ar an Liosta Sealadach a bheith curtha, bainte n\u00f3 uasd\u00e1taithe ar an liosta aon uair. Molann Coiste Oidhreachta Domhanda go nd\u00e9anann P\u00e1irtithe St\u00e1it athbhreithni\u00fa ar a Liosta Sealadach ar bhonn rialta. Is f\u00e9idir athbhreithni\u00fa ioml\u00e1n a bheith d\u00e9anta ar Liosta Sealadach sa pr\u00f3is\u00e9as athbhreithnithe, n\u00f3 l\u00e1ithre\u00e1in a chur n\u00f3 a bhaint den liosta. Chruthaigh tuairim 95% de Ph\u00e1irtithe St\u00e1it an Choinbhinsi\u00fan P\u00e1irtithe Sealadach. T\u00e1 na Liosta\u00ed Sealadacha ar fad at\u00e1 curtha ar aghaidh chuig Coiste Oidhreachta Domhanda ar f\u00e1il ag <a href=\"http:\/\/whc.unesco.org\/en\/tentativelists\">http:\/\/whc.unesco.org\/en\/tentativelists<\/a>.<\/p>\n\n\n\n<p>B\u00edonn Liosta Sealadach na h\u00c9ireann de sh\u00edor ag athr\u00fa agus athbhreithnithe ag idirch\u00e9imeanna rialta, a chabhra\u00edonn le l\u00e1ithre\u00e1in nua a bheith aitheanta. D&#8217;fhonn go mbeadh l\u00e1ithre\u00e1in curtha ar Liosta Sealadach caithfidh siad clo\u00ed le sainchoinn\u00edollacha Oidhreachta Domhanda caithfear:<\/p>\n\n\n\n<ul class=\"wp-block-list\">\n<li>Bonn cirt a l\u00e9iri\u00fa do th\u00e1bhacht dhomhanda an tsu\u00edmh (S\u00e1r-Luach Uil\u00edoch)<\/li>\n\n\n\n<li>Fianaise a l\u00e9iri\u00fa go bhfuil taca\u00edocht ann \u00f3 rannph\u00e1irteachas p\u00e1irtithe leasmhara<\/li>\n\n\n\n<li>Cur s\u00edos soil\u00e9ir ar theorannacha an tsu\u00edmh a l\u00e9iri\u00fa<\/li>\n\n\n\n<li>Anail\u00eds Chompar\u00e1ideach le l\u00e1ithre\u00e1in at\u00e1 cos\u00fail leo a chur ar f\u00e1il<\/li>\n\n\n\n<li>L\u00e9iri\u00fa go bhfuil d\u00f3thain bainist\u00edochta agus c\u00f3rais cosanta i bhfeidhm<\/li>\n<\/ul>\n\n\n\n<p>N\u00ed dh\u00e9anann eisiamh den Liosta Sealadach d\u00edspeagadh ar bith ar th\u00e1bhacht oidhreachta an tsu\u00edmh ach cialla\u00edonn s\u00e9 nach gclo\u00edonn s\u00e9 le caighde\u00e1in Oidhreachta Domhanda.<\/p>\n<\/section>\n","protected":false},"excerpt":{"rendered":"<p>An Liosta Sealadach Fardal is ea an liosta sealadach de l\u00e1ithre\u00e1in oidhreachta chult\u00fartha agus\/n\u00f3 n\u00e1d\u00fartha a mheasann P\u00e1irt\u00ed St\u00e1it gurbh fhi\u00fa st\u00e1das S\u00e1r-Luach Uil\u00edoch iad don chine daonna agus at\u00e1 oiri\u00fanach le bheith ainmnithe ar Liosta Oidhreachta Domhanda mar sin. Is g\u00e1 go mbeadh l\u00e1ithre\u00e1n curtha san \u00e1ireamh ar Liosta Sealadach St\u00e1t Ph\u00e1irt\u00ed ar feadh [&hellip;]<\/p>\n","protected":false},"author":5,"featured_media":0,"parent":0,"menu_order":0,"comment_status":"closed","ping_status":"closed","template":"page.php","meta":{"_acf_changed":false,"_uag_custom_page_level_css":"","site-sidebar-layout":"default","site-content-layout":"","ast-site-content-layout":"default","site-content-style":"default","site-sidebar-style":"default","ast-global-header-display":"","ast-banner-title-visibility":"","ast-main-header-display":"","ast-hfb-above-header-display":"","ast-hfb-below-header-display":"","ast-hfb-mobile-header-display":"","site-post-title":"","ast-breadcrumbs-content":"","ast-featured-img":"","footer-sml-layout":"","ast-disable-related-posts":"","theme-transparent-header-meta":"","adv-header-id-meta":"","stick-header-meta":"","header-above-stick-meta":"","header-main-stick-meta":"","header-below-stick-meta":"","astra-migrate-meta-layouts":"default","ast-page-background-enabled":"default","ast-page-background-meta":{"desktop":{"background-color":"var(--ast-global-color-4)","background-image":"","background-repeat":"repeat","background-position":"center center","background-size":"auto","background-attachment":"scroll","background-type":"","background-media":"","overlay-type":"","overlay-color":"","overlay-opacity":"","overlay-gradient":""},"tablet":{"background-color":"","background-image":"","background-repeat":"repeat","background-position":"center center","background-size":"auto","background-attachment":"scroll","background-type":"","background-media":"","overlay-type":"","overlay-color":"","overlay-opacity":"","overlay-gradient":""},"mobile":{"background-color":"","background-image":"","background-repeat":"repeat","background-position":"center center","background-size":"auto","background-attachment":"scroll","background-type":"","background-media":"","overlay-type":"","overlay-color":"","overlay-opacity":"","overlay-gradient":""}},"ast-content-background-meta":{"desktop":{"background-color":"var(--ast-global-color-5)","background-image":"","background-repeat":"repeat","background-position":"center center","background-size":"auto","background-attachment":"scroll","background-type":"","background-media":"","overlay-type":"","overlay-color":"","overlay-opacity":"","overlay-gradient":""},"tablet":{"background-color":"var(--ast-global-color-5)","background-image":"","background-repeat":"repeat","background-position":"center center","background-size":"auto","background-attachment":"scroll","background-type":"","background-media":"","overlay-type":"","overlay-color":"","overlay-opacity":"","overlay-gradient":""},"mobile":{"background-color":"var(--ast-global-color-5)","background-image":"","background-repeat":"repeat","background-position":"center center","background-size":"auto","background-attachment":"scroll","background-type":"","background-media":"","overlay-type":"","overlay-color":"","overlay-opacity":"","overlay-gradient":""}},"pgc_sgb_lightbox_settings":"","footnotes":""},"categories":[],"tags":[],"class_list":["post-2112","page","type-page","status-publish","hentry"],"acf":[],"yoast_head":"<!-- This site is optimized with the Yoast SEO plugin v27.3 - https:\/\/yoast.com\/product\/yoast-seo-wordpress\/ -->\n<title>An Liosta Sealadach - Oidhreacht Dhomhanda na h\u00c9ireann<\/title>\n<meta name=\"robots\" content=\"index, follow, max-snippet:-1, max-image-preview:large, max-video-preview:-1\" \/>\n<link rel=\"canonical\" href=\"https:\/\/www.worldheritageireland.ie\/ga\/an-liosta-sealadach\/\" \/>\n<meta property=\"og:locale\" content=\"ga_IE\" \/>\n<meta property=\"og:type\" content=\"article\" \/>\n<meta property=\"og:title\" content=\"An Liosta Sealadach - Oidhreacht Dhomhanda na h\u00c9ireann\" \/>\n<meta property=\"og:description\" content=\"An Liosta Sealadach Fardal is ea an liosta sealadach de l\u00e1ithre\u00e1in oidhreachta chult\u00fartha agus\/n\u00f3 n\u00e1d\u00fartha a mheasann P\u00e1irt\u00ed St\u00e1it gurbh fhi\u00fa st\u00e1das S\u00e1r-Luach Uil\u00edoch iad don chine daonna agus at\u00e1 oiri\u00fanach le bheith ainmnithe ar Liosta Oidhreachta Domhanda mar sin. Is g\u00e1 go mbeadh l\u00e1ithre\u00e1n curtha san \u00e1ireamh ar Liosta Sealadach St\u00e1t Ph\u00e1irt\u00ed ar feadh [&hellip;]\" \/>\n<meta property=\"og:url\" content=\"https:\/\/www.worldheritageireland.ie\/ga\/an-liosta-sealadach\/\" \/>\n<meta property=\"og:site_name\" content=\"Oidhreacht Dhomhanda na h\u00c9ireann\" \/>\n<meta property=\"article:publisher\" content=\"https:\/\/www.facebook.com\/NationalMons\/\" \/>\n<meta property=\"article:modified_time\" content=\"2025-01-10T11:04:35+00:00\" \/>\n<meta name=\"twitter:card\" content=\"summary_large_image\" \/>\n<meta name=\"twitter:site\" content=\"@NationalMons\" \/>\n<meta name=\"twitter:label1\" content=\"Est. reading time\" \/>\n\t<meta name=\"twitter:data1\" content=\"2 minutes\" \/>\n<script type=\"application\/ld+json\" class=\"yoast-schema-graph\">{\"@context\":\"https:\\\/\\\/schema.org\",\"@graph\":[{\"@type\":\"WebPage\",\"@id\":\"https:\\\/\\\/www.worldheritageireland.ie\\\/ga\\\/an-liosta-sealadach\\\/\",\"url\":\"https:\\\/\\\/www.worldheritageireland.ie\\\/ga\\\/an-liosta-sealadach\\\/\",\"name\":\"An Liosta Sealadach - Oidhreacht Dhomhanda na h\u00c9ireann\",\"isPartOf\":{\"@id\":\"https:\\\/\\\/www.worldheritageireland.ie\\\/ga\\\/#website\"},\"datePublished\":\"2022-08-22T15:45:28+00:00\",\"dateModified\":\"2025-01-10T11:04:35+00:00\",\"breadcrumb\":{\"@id\":\"https:\\\/\\\/www.worldheritageireland.ie\\\/ga\\\/an-liosta-sealadach\\\/#breadcrumb\"},\"inLanguage\":\"ga-IE\",\"potentialAction\":[{\"@type\":\"ReadAction\",\"target\":[\"https:\\\/\\\/www.worldheritageireland.ie\\\/ga\\\/an-liosta-sealadach\\\/\"]}]},{\"@type\":\"BreadcrumbList\",\"@id\":\"https:\\\/\\\/www.worldheritageireland.ie\\\/ga\\\/an-liosta-sealadach\\\/#breadcrumb\",\"itemListElement\":[{\"@type\":\"ListItem\",\"position\":1,\"name\":\"Home\",\"item\":\"https:\\\/\\\/www.worldheritageireland.ie\\\/ga\\\/\"},{\"@type\":\"ListItem\",\"position\":2,\"name\":\"An Liosta Sealadach\"}]},{\"@type\":\"WebSite\",\"@id\":\"https:\\\/\\\/www.worldheritageireland.ie\\\/ga\\\/#website\",\"url\":\"https:\\\/\\\/www.worldheritageireland.ie\\\/ga\\\/\",\"name\":\"Oidhreacht Dhomhanda na h\u00c9ireann\",\"description\":\"Ireland&#039;s Tentative World Heritage\",\"publisher\":{\"@id\":\"https:\\\/\\\/www.worldheritageireland.ie\\\/ga\\\/#organization\"},\"potentialAction\":[{\"@type\":\"SearchAction\",\"target\":{\"@type\":\"EntryPoint\",\"urlTemplate\":\"https:\\\/\\\/www.worldheritageireland.ie\\\/ga\\\/?s={search_term_string}\"},\"query-input\":{\"@type\":\"PropertyValueSpecification\",\"valueRequired\":true,\"valueName\":\"search_term_string\"}}],\"inLanguage\":\"ga-IE\"},{\"@type\":\"Organization\",\"@id\":\"https:\\\/\\\/www.worldheritageireland.ie\\\/ga\\\/#organization\",\"name\":\"Department of Housing, Local Government and Heritage\",\"url\":\"https:\\\/\\\/www.worldheritageireland.ie\\\/ga\\\/\",\"logo\":{\"@type\":\"ImageObject\",\"inLanguage\":\"ga-IE\",\"@id\":\"https:\\\/\\\/www.worldheritageireland.ie\\\/ga\\\/#\\\/schema\\\/logo\\\/image\\\/\",\"url\":\"https:\\\/\\\/www.worldheritageireland.ie\\\/wp-content\\\/uploads\\\/2023\\\/07\\\/unesco_wh_in_Ireland_Blue_180_trans.png\",\"contentUrl\":\"https:\\\/\\\/www.worldheritageireland.ie\\\/wp-content\\\/uploads\\\/2023\\\/07\\\/unesco_wh_in_Ireland_Blue_180_trans.png\",\"width\":181,\"height\":181,\"caption\":\"Department of Housing, Local Government and Heritage\"},\"image\":{\"@id\":\"https:\\\/\\\/www.worldheritageireland.ie\\\/ga\\\/#\\\/schema\\\/logo\\\/image\\\/\"},\"sameAs\":[\"https:\\\/\\\/www.facebook.com\\\/NationalMons\\\/\",\"https:\\\/\\\/x.com\\\/NationalMons\"]}]}<\/script>\n<!-- \/ Yoast SEO plugin. -->","yoast_head_json":{"title":"An Liosta Sealadach - Oidhreacht Dhomhanda na h\u00c9ireann","robots":{"index":"index","follow":"follow","max-snippet":"max-snippet:-1","max-image-preview":"max-image-preview:large","max-video-preview":"max-video-preview:-1"},"canonical":"https:\/\/www.worldheritageireland.ie\/ga\/an-liosta-sealadach\/","og_locale":"ga_IE","og_type":"article","og_title":"An Liosta Sealadach - Oidhreacht Dhomhanda na h\u00c9ireann","og_description":"An Liosta Sealadach Fardal is ea an liosta sealadach de l\u00e1ithre\u00e1in oidhreachta chult\u00fartha agus\/n\u00f3 n\u00e1d\u00fartha a mheasann P\u00e1irt\u00ed St\u00e1it gurbh fhi\u00fa st\u00e1das S\u00e1r-Luach Uil\u00edoch iad don chine daonna agus at\u00e1 oiri\u00fanach le bheith ainmnithe ar Liosta Oidhreachta Domhanda mar sin. Is g\u00e1 go mbeadh l\u00e1ithre\u00e1n curtha san \u00e1ireamh ar Liosta Sealadach St\u00e1t Ph\u00e1irt\u00ed ar feadh [&hellip;]","og_url":"https:\/\/www.worldheritageireland.ie\/ga\/an-liosta-sealadach\/","og_site_name":"Oidhreacht Dhomhanda na h\u00c9ireann","article_publisher":"https:\/\/www.facebook.com\/NationalMons\/","article_modified_time":"2025-01-10T11:04:35+00:00","twitter_card":"summary_large_image","twitter_site":"@NationalMons","twitter_misc":{"Est. reading time":"2 minutes"},"schema":{"@context":"https:\/\/schema.org","@graph":[{"@type":"WebPage","@id":"https:\/\/www.worldheritageireland.ie\/ga\/an-liosta-sealadach\/","url":"https:\/\/www.worldheritageireland.ie\/ga\/an-liosta-sealadach\/","name":"An Liosta Sealadach - Oidhreacht Dhomhanda na h\u00c9ireann","isPartOf":{"@id":"https:\/\/www.worldheritageireland.ie\/ga\/#website"},"datePublished":"2022-08-22T15:45:28+00:00","dateModified":"2025-01-10T11:04:35+00:00","breadcrumb":{"@id":"https:\/\/www.worldheritageireland.ie\/ga\/an-liosta-sealadach\/#breadcrumb"},"inLanguage":"ga-IE","potentialAction":[{"@type":"ReadAction","target":["https:\/\/www.worldheritageireland.ie\/ga\/an-liosta-sealadach\/"]}]},{"@type":"BreadcrumbList","@id":"https:\/\/www.worldheritageireland.ie\/ga\/an-liosta-sealadach\/#breadcrumb","itemListElement":[{"@type":"ListItem","position":1,"name":"Home","item":"https:\/\/www.worldheritageireland.ie\/ga\/"},{"@type":"ListItem","position":2,"name":"An Liosta Sealadach"}]},{"@type":"WebSite","@id":"https:\/\/www.worldheritageireland.ie\/ga\/#website","url":"https:\/\/www.worldheritageireland.ie\/ga\/","name":"Oidhreacht Dhomhanda na h\u00c9ireann","description":"Ireland&#039;s Tentative World Heritage","publisher":{"@id":"https:\/\/www.worldheritageireland.ie\/ga\/#organization"},"potentialAction":[{"@type":"SearchAction","target":{"@type":"EntryPoint","urlTemplate":"https:\/\/www.worldheritageireland.ie\/ga\/?s={search_term_string}"},"query-input":{"@type":"PropertyValueSpecification","valueRequired":true,"valueName":"search_term_string"}}],"inLanguage":"ga-IE"},{"@type":"Organization","@id":"https:\/\/www.worldheritageireland.ie\/ga\/#organization","name":"Department of Housing, Local Government and Heritage","url":"https:\/\/www.worldheritageireland.ie\/ga\/","logo":{"@type":"ImageObject","inLanguage":"ga-IE","@id":"https:\/\/www.worldheritageireland.ie\/ga\/#\/schema\/logo\/image\/","url":"https:\/\/www.worldheritageireland.ie\/wp-content\/uploads\/2023\/07\/unesco_wh_in_Ireland_Blue_180_trans.png","contentUrl":"https:\/\/www.worldheritageireland.ie\/wp-content\/uploads\/2023\/07\/unesco_wh_in_Ireland_Blue_180_trans.png","width":181,"height":181,"caption":"Department of Housing, Local Government and Heritage"},"image":{"@id":"https:\/\/www.worldheritageireland.ie\/ga\/#\/schema\/logo\/image\/"},"sameAs":["https:\/\/www.facebook.com\/NationalMons\/","https:\/\/x.com\/NationalMons"]}]}},"spectra_custom_meta":{"_top_nav_excluded":[""],"_cms_nav_minihome":[""],"_wp_page_template":["page.php"],"_last_translation_edit_mode":["translation-editor"],"adv-header-id-meta":[""],"stick-header-meta":[""],"theme-transparent-header-meta":[""],"_yoast_wpseo_primary_category":[""],"_cmplz_scanned_post":["1"],"ast-site-content-layout":["default"],"related_links":["a:1:{i:0;s:0:\"\";}"],"_uag_css_file_name":["uag-css-2112.css"],"_uag_page_assets":["a:9:{s:3:\"css\";s:0:\"\";s:2:\"js\";s:0:\"\";s:18:\"current_block_list\";a:15:{i:0;s:10:\"core\/group\";i:1;s:12:\"core\/heading\";i:2;s:14:\"core\/paragraph\";i:3;s:9:\"core\/list\";i:4;s:14:\"core\/list-item\";i:5;s:11:\"core\/search\";i:6;s:17:\"core\/latest-posts\";i:7;s:20:\"core\/latest-comments\";i:8;s:13:\"core\/archives\";i:9;s:15:\"core\/categories\";i:10;s:20:\"outermost\/icon-block\";i:11;s:12:\"core\/columns\";i:12;s:11:\"core\/column\";i:13;s:20:\"nextend\/smartslider3\";i:14;s:10:\"core\/image\";}s:8:\"uag_flag\";b:0;s:11:\"uag_version\";s:10:\"1775052773\";s:6:\"gfonts\";a:0:{}s:10:\"gfonts_url\";s:0:\"\";s:12:\"gfonts_files\";a:0:{}s:14:\"uag_faq_layout\";b:0;}"]},"uagb_featured_image_src":{"full":false,"thumbnail":false,"medium":false,"medium_large":false,"large":false,"gs-tiny":false,"xl":false,"xxl":false,"xxxl":false,"xxxxl":false,"xxxxxl":false,"1536x1536":false,"2048x2048":false},"uagb_author_info":{"display_name":"Ross Waters","author_link":"https:\/\/www.worldheritageireland.ie\/ga\/author\/rosswaters\/"},"uagb_comment_info":0,"uagb_excerpt":"An Liosta Sealadach Fardal is ea an liosta sealadach de l\u00e1ithre\u00e1in oidhreachta chult\u00fartha agus\/n\u00f3 n\u00e1d\u00fartha a mheasann P\u00e1irt\u00ed St\u00e1it gurbh fhi\u00fa st\u00e1das S\u00e1r-Luach Uil\u00edoch iad don chine daonna agus at\u00e1 oiri\u00fanach le bheith ainmnithe ar Liosta Oidhreachta Domhanda mar sin. Is g\u00e1 go mbeadh l\u00e1ithre\u00e1n curtha san \u00e1ireamh ar Liosta Sealadach St\u00e1t Ph\u00e1irt\u00ed ar feadh&hellip;","_links":{"self":[{"href":"https:\/\/www.worldheritageireland.ie\/ga\/wp-json\/wp\/v2\/pages\/2112","targetHints":{"allow":["GET"]}}],"collection":[{"href":"https:\/\/www.worldheritageireland.ie\/ga\/wp-json\/wp\/v2\/pages"}],"about":[{"href":"https:\/\/www.worldheritageireland.ie\/ga\/wp-json\/wp\/v2\/types\/page"}],"author":[{"embeddable":true,"href":"https:\/\/www.worldheritageireland.ie\/ga\/wp-json\/wp\/v2\/users\/5"}],"replies":[{"embeddable":true,"href":"https:\/\/www.worldheritageireland.ie\/ga\/wp-json\/wp\/v2\/comments?post=2112"}],"version-history":[{"count":4,"href":"https:\/\/www.worldheritageireland.ie\/ga\/wp-json\/wp\/v2\/pages\/2112\/revisions"}],"predecessor-version":[{"id":2746,"href":"https:\/\/www.worldheritageireland.ie\/ga\/wp-json\/wp\/v2\/pages\/2112\/revisions\/2746"}],"wp:attachment":[{"href":"https:\/\/www.worldheritageireland.ie\/ga\/wp-json\/wp\/v2\/media?parent=2112"}],"wp:term":[{"taxonomy":"category","embeddable":true,"href":"https:\/\/www.worldheritageireland.ie\/ga\/wp-json\/wp\/v2\/categories?post=2112"},{"taxonomy":"post_tag","embeddable":true,"href":"https:\/\/www.worldheritageireland.ie\/ga\/wp-json\/wp\/v2\/tags?post=2112"}],"curies":[{"name":"wp","href":"https:\/\/api.w.org\/{rel}","templated":true}]}}