{"id":2115,"date":"2022-08-22T14:14:35","date_gmt":"2022-08-22T13:14:35","guid":{"rendered":"https:\/\/www.worldheritageireland.ie\/an-liosta-sealadach\/2019-2022-liosta-sealadach-athbhreithnigh-proisigh\/"},"modified":"2025-01-10T11:06:55","modified_gmt":"2025-01-10T11:06:55","slug":"2019-2022-liosta-sealadach-athbhreithnigh-proisigh","status":"publish","type":"page","link":"https:\/\/www.worldheritageireland.ie\/ga\/an-liosta-sealadach\/2019-2022-liosta-sealadach-athbhreithnigh-proisigh\/","title":{"rendered":"2019-2022 Liosta Sealadach Athbhreithnigh Pr\u00f3isigh"},"content":{"rendered":"\n<section class=\"inherit-container-width wp-block-group whi-section is-layout-constrained wp-block-group-is-layout-constrained\">\n<h1 class=\"wp-block-heading\">2019-2022 Liosta Sealadach Athbhreithnigh Pr\u00f3isigh<\/h1>\n\n\n\n<h2 class=\"wp-block-heading\">2019<\/h2>\n\n\n\n<p>De r\u00e9ir treoracha \u00f3n EOECNA, ghlac an Roinn le hiarratais in Ean\u00e1ir 2019 do Liosta Sealadach \u00far d&#8217;\u00c9irinn, le teacht in ionad an liosta \u00f3 2010. Iarradh ar na 31 \u00fadar\u00e1s \u00c1iti\u00fail iarratais a chur isteach chuig an Roinn i dtaca le haon mhaoin a bh\u00ed faoina gc\u00faram, agus maoine \u00f3 Liosta Sealadach 2010 san \u00e1ireamh.<\/p>\n\n\n\n<h2 class=\"wp-block-heading\">2020<\/h2>\n\n\n\n<p>D\u2019eagraigh an Roinn, i gcomhar le ICOMOS Ireland, dh\u00e1 cheardlann agus pl\u00e9 comhch\u00e9ime le p\u00e1irtithe leasmhara ar Liosta Sealadach Oidhreachta Domhanda na h\u00c9ireann i m\u00ed <a href=\"https:\/\/www.worldheritageireland.ie\/news-and-events\/unesco-world-heritage-tentative-list-workshop-killarney-co-kerry-15-february-2020\/\" target=\"_blank\" rel=\"noreferrer noopener\">Feabhra<\/a> agus <a href=\"https:\/\/www.worldheritageireland.ie\/news-and-events\/unesco-world-heritage-tentative-list-virtual-workshop-18-and-25-june-2020\/\">Meitheamh<\/a> 2020. Lena chois sin, d&#8217;eagraigh an Roinn sain-treora\u00edocht maidir le hiarratais a chr\u00edochn\u00fa don Liosta Sealadach faoi choinne p\u00e1irtithe leasmhara a raibh suim acu ann i m\u00ed na Nollag 2020.<\/p>\n\n\n\n<h2 class=\"wp-block-heading\">2021<\/h2>\n\n\n\n<p>Glacadh le s\u00e9 iarratas bhail\u00ed faoin sprioc ar an 30 2021:<\/p>\n\n\n\n<ol class=\"wp-block-list\" type=\"1\">\n<li>T\u00edrdhreach Cult\u00fartha d&#8217;Ardtalamh Bhoirne, Contae an Chl\u00e1ir;<\/li>\n\n\n\n<li>Inis Cealtra (Inis Cealtra \/ Inishcaltra \/ Oile\u00e1n an Chuilinn), Contae an Chl\u00e1ir;<\/li>\n\n\n\n<li>Tion\u00f3l C\u00e1bla Trasatlantach: Dairbhre, Contae Chiarra\u00ed-Heart\u2019s Content, Talamh an \u00c9isc agus Labradar, Ceanada;<\/li>\n\n\n\n<li>L\u00e1ithre\u00e1in R\u00edoga na h\u00c9ireann, Contae Chiarra\u00ed, na hIarmh\u00ed, Thiobraid \u00c1rann, Ros Com\u00e1in, agus na M\u00ed*;<\/li>\n\n\n\n<li>T\u00edrdhreach na dTuama\u00ed Pas\u00e1iste i gContae Shligigh; agus<\/li>\n\n\n\n<li>Gleann an D\u00e1 Loch, Contae Chill Mhant\u00e1in (aistarraingthe ina dhiaidh).<\/li>\n<\/ol>\n\n\n\n<p><em>*meastar go nglacfar le hEamhain Mhacha (Navan Fort), Contae Ard Mhacha mar chuid den ainmni\u00fach\u00e1n trasteorann.<\/em><\/p>\n\n\n\n<p><strong>Rinne Sainghr\u00fapa Comhairleach<\/strong> (SGC), a bh\u00ed ceaptha ag an Aire, meas\u00fan\u00fa neamhsple\u00e1ch ar iarratais agus chuir siad a eisi\u00faint molta\u00ed ar f\u00e1il don Aire agus iarrth\u00f3ir\u00ed i Samhain 2021.<\/p>\n\n\n\n<p>Ba iad baill an SGC:<\/p>\n\n\n\n<ul class=\"wp-block-list\">\n<li><strong>Dr Carol Westrik<\/strong> \u2013 Cathaoirleach agus Saineola\u00ed Oidhreachta Domhanda (Comhairleoir Oidhreachta ag Comhairleacht Westrik)<\/li>\n\n\n\n<li><strong>Jane Jackson<\/strong> \u2013 Saineola\u00ed Oidhreachta Tionscla\u00edocht (Pr\u00edomhshaineola\u00ed agus pr\u00edomhchomhairleoir ag Sasana Stairi\u00fail)<\/li>\n\n\n\n<li><strong>Dr Alison Sheridan<\/strong> \u2013 Saineola\u00ed Seand\u00e1la\u00edochta Idirn\u00e1isi\u00fanta International (Comhlach Taighde, Ard-Mh\u00fasaeim na hAlban, Comhlach Oinigh, Scoil na gClasaic\u00ed, Staire agus Seand\u00e1la\u00edochta, Ollscoil Dh\u00fan \u00c9ideann agus Comhlach Comhfhreagrach, Deutsches Arch\u00e4ologisches Institut)<\/li>\n\n\n\n<li><strong>Dr Will Megarry<\/strong> \u2013 Saineola\u00ed Seand\u00e1la\u00edochta \u00c9ireannach (L\u00e9acht\u00f3ir Sinsearach Seand\u00e1la\u00edochta, Scoil Timpeallacht N\u00e1d\u00fartha agus Th\u00f3gtha, Ollscoil na R\u00edona, B\u00e9al Feirste)<\/li>\n\n\n\n<li><strong>Dr Claire Cave<\/strong> \u2013 Saineola\u00ed Oidhreachta N\u00e1d\u00fartha (L\u00e9acht\u00f3ir ar Bhainist\u00edocht Oidhreachta Domhanda, Scoil na Seand\u00e1la\u00edochta, Ollscoil Bhaile \u00c1tha Cliath)<\/li>\n<\/ul>\n\n\n\n<h2 class=\"wp-block-heading\">2022<\/h2>\n\n\n\n<p>D\u2019athbhunaigh an Roinn an EAG mar <strong>Ghr\u00fapa Teicni\u00fail<\/strong> lena n-\u00e1ir\u00edtear ionada\u00ed \u00f3 ICOMOS Ireland chun Meas\u00fan\u00fa Teicni\u00fail a dh\u00e9anamh ar na hiarratais agus chun cabhr\u00fa leis na hiarratas\u00f3ir\u00ed aghaidh a thabhairt ar mholta\u00ed an EAG. Thug an <a href=\"https:\/\/www.worldheritageireland.ie\/publication\/world-heritage-tentative-list-technical-evaluation\/\" target=\"_blank\" rel=\"noreferrer noopener\">Meas\u00fan\u00fa Teicni\u00fail<\/a> seo eolas do chomhdh\u00e9anamh deiridh an Liosta Sealadach.<\/p>\n\n\n\n<p>Cuims\u00edonn Liosta Sealadach 2022 iad seo a leanas:<\/p>\n\n\n\n<ol class=\"wp-block-list\" type=\"1\">\n<li><a href=\"https:\/\/www.worldheritageireland.ie\/ga\/tentative-property\/tirdhreach-na-dtuamai-pasaiste-i-gcontae-shligigh\/\" target=\"_blank\" rel=\"noreferrer noopener\">T\u00edrdhreach na dTuama\u00ed Pas\u00e1iste i gContae Shligigh<\/a>;<\/li>\n\n\n\n<li><a href=\"https:\/\/www.worldheritageireland.ie\/ga\/tentative-property\/tionol-cabla-trasatlantach\/\" target=\"_blank\" rel=\"noreferrer noopener\">Tion\u00f3l C\u00e1bla Trasatlantach<\/a>: Dairbhre, Contae Chiarra\u00ed-Heart\u2019s Content, Talamh an \u00c9isc agus Labradar, (ainmni\u00fach\u00e1n srathach trasn\u00e1isi\u00fanta le Ceanada); agus<\/li>\n\n\n\n<li><a href=\"https:\/\/www.worldheritageireland.ie\/ga\/tentative-property\/laithreain-rioga-na-heireann\/\" target=\"_blank\" rel=\"noreferrer noopener\">L\u00e1ithre\u00e1in R\u00edoga na h\u00c9ireann<\/a>: D\u00fan Ailinne, Contae Chill Dara; Cnoc Uisnigh, Contae na hIarMh\u00ed; Carraig Ph\u00e1draig, Contae Thiobraid \u00c1rann; R\u00e1th Cruachan, Contae Ros Com\u00e1in; agus Teamhair, Contae na M\u00ed (ainmni\u00fach\u00e1n srathach trasteorainn le hEmhain Mhacha\/Emain Macha\/, Contae Ard Mhacha) a chur san \u00e1ireamh.<\/li>\n<\/ol>\n<\/section>\n","protected":false},"excerpt":{"rendered":"<p>2019-2022 Liosta Sealadach Athbhreithnigh Pr\u00f3isigh 2019 De r\u00e9ir treoracha \u00f3n EOECNA, ghlac an Roinn le hiarratais in Ean\u00e1ir 2019 do Liosta Sealadach \u00far d&#8217;\u00c9irinn, le teacht in ionad an liosta \u00f3 2010. Iarradh ar na 31 \u00fadar\u00e1s \u00c1iti\u00fail iarratais a chur isteach chuig an Roinn i dtaca le haon mhaoin a bh\u00ed faoina gc\u00faram, agus [&hellip;]<\/p>\n","protected":false},"author":5,"featured_media":1442,"parent":2112,"menu_order":0,"comment_status":"closed","ping_status":"closed","template":"single.php","meta":{"_acf_changed":false,"_uag_custom_page_level_css":"","site-sidebar-layout":"default","site-content-layout":"","ast-site-content-layout":"default","site-content-style":"default","site-sidebar-style":"default","ast-global-header-display":"","ast-banner-title-visibility":"","ast-main-header-display":"","ast-hfb-above-header-display":"","ast-hfb-below-header-display":"","ast-hfb-mobile-header-display":"","site-post-title":"","ast-breadcrumbs-content":"","ast-featured-img":"","footer-sml-layout":"","ast-disable-related-posts":"","theme-transparent-header-meta":"","adv-header-id-meta":"","stick-header-meta":"","header-above-stick-meta":"","header-main-stick-meta":"","header-below-stick-meta":"","astra-migrate-meta-layouts":"default","ast-page-background-enabled":"default","ast-page-background-meta":{"desktop":{"background-color":"var(--ast-global-color-4)","background-image":"","background-repeat":"repeat","background-position":"center center","background-size":"auto","background-attachment":"scroll","background-type":"","background-media":"","overlay-type":"","overlay-color":"","overlay-opacity":"","overlay-gradient":""},"tablet":{"background-color":"","background-image":"","background-repeat":"repeat","background-position":"center center","background-size":"auto","background-attachment":"scroll","background-type":"","background-media":"","overlay-type":"","overlay-color":"","overlay-opacity":"","overlay-gradient":""},"mobile":{"background-color":"","background-image":"","background-repeat":"repeat","background-position":"center center","background-size":"auto","background-attachment":"scroll","background-type":"","background-media":"","overlay-type":"","overlay-color":"","overlay-opacity":"","overlay-gradient":""}},"ast-content-background-meta":{"desktop":{"background-color":"var(--ast-global-color-5)","background-image":"","background-repeat":"repeat","background-position":"center center","background-size":"auto","background-attachment":"scroll","background-type":"","background-media":"","overlay-type":"","overlay-color":"","overlay-opacity":"","overlay-gradient":""},"tablet":{"background-color":"var(--ast-global-color-5)","background-image":"","background-repeat":"repeat","background-position":"center center","background-size":"auto","background-attachment":"scroll","background-type":"","background-media":"","overlay-type":"","overlay-color":"","overlay-opacity":"","overlay-gradient":""},"mobile":{"background-color":"var(--ast-global-color-5)","background-image":"","background-repeat":"repeat","background-position":"center center","background-size":"auto","background-attachment":"scroll","background-type":"","background-media":"","overlay-type":"","overlay-color":"","overlay-opacity":"","overlay-gradient":""}},"pgc_sgb_lightbox_settings":"","footnotes":""},"categories":[40],"tags":[],"class_list":["post-2115","page","type-page","status-publish","has-post-thumbnail","hentry","category-maoin-sealadach"],"acf":[],"yoast_head":"<!-- This site is optimized with the Yoast SEO plugin v27.3 - https:\/\/yoast.com\/product\/yoast-seo-wordpress\/ -->\n<title>2019-2022 Liosta Sealadach Athbhreithnigh Pr\u00f3isigh - Oidhreacht Dhomhanda na h\u00c9ireann<\/title>\n<meta name=\"robots\" content=\"index, follow, max-snippet:-1, max-image-preview:large, max-video-preview:-1\" \/>\n<link rel=\"canonical\" href=\"https:\/\/www.worldheritageireland.ie\/ga\/an-liosta-sealadach\/2019-2022-liosta-sealadach-athbhreithnigh-proisigh\/\" \/>\n<meta property=\"og:locale\" content=\"ga_IE\" \/>\n<meta property=\"og:type\" content=\"article\" \/>\n<meta property=\"og:title\" content=\"2019-2022 Liosta Sealadach Athbhreithnigh Pr\u00f3isigh - Oidhreacht Dhomhanda na h\u00c9ireann\" \/>\n<meta property=\"og:description\" content=\"2019-2022 Liosta Sealadach Athbhreithnigh Pr\u00f3isigh 2019 De r\u00e9ir treoracha \u00f3n EOECNA, ghlac an Roinn le hiarratais in Ean\u00e1ir 2019 do Liosta Sealadach \u00far d&#8217;\u00c9irinn, le teacht in ionad an liosta \u00f3 2010. Iarradh ar na 31 \u00fadar\u00e1s \u00c1iti\u00fail iarratais a chur isteach chuig an Roinn i dtaca le haon mhaoin a bh\u00ed faoina gc\u00faram, agus [&hellip;]\" \/>\n<meta property=\"og:url\" content=\"https:\/\/www.worldheritageireland.ie\/ga\/an-liosta-sealadach\/2019-2022-liosta-sealadach-athbhreithnigh-proisigh\/\" \/>\n<meta property=\"og:site_name\" content=\"Oidhreacht Dhomhanda na h\u00c9ireann\" \/>\n<meta property=\"article:publisher\" content=\"https:\/\/www.facebook.com\/NationalMons\/\" \/>\n<meta property=\"article:modified_time\" content=\"2025-01-10T11:06:55+00:00\" \/>\n<meta property=\"og:image\" content=\"https:\/\/www.worldheritageireland.ie\/wp-content\/uploads\/2022\/07\/171006-Carrowkeel-Aerials-2006-003-scaled-e1658482759905.jpg\" \/>\n\t<meta property=\"og:image:width\" content=\"2560\" \/>\n\t<meta property=\"og:image:height\" content=\"1689\" \/>\n\t<meta property=\"og:image:type\" content=\"image\/jpeg\" \/>\n<meta name=\"twitter:card\" content=\"summary_large_image\" \/>\n<meta name=\"twitter:site\" content=\"@NationalMons\" \/>\n<meta name=\"twitter:label1\" content=\"Est. reading time\" \/>\n\t<meta name=\"twitter:data1\" content=\"3 minutes\" \/>\n<script type=\"application\/ld+json\" class=\"yoast-schema-graph\">{\"@context\":\"https:\\\/\\\/schema.org\",\"@graph\":[{\"@type\":\"WebPage\",\"@id\":\"https:\\\/\\\/www.worldheritageireland.ie\\\/ga\\\/an-liosta-sealadach\\\/2019-2022-liosta-sealadach-athbhreithnigh-proisigh\\\/\",\"url\":\"https:\\\/\\\/www.worldheritageireland.ie\\\/ga\\\/an-liosta-sealadach\\\/2019-2022-liosta-sealadach-athbhreithnigh-proisigh\\\/\",\"name\":\"2019-2022 Liosta Sealadach Athbhreithnigh Pr\u00f3isigh - Oidhreacht Dhomhanda na h\u00c9ireann\",\"isPartOf\":{\"@id\":\"https:\\\/\\\/www.worldheritageireland.ie\\\/ga\\\/#website\"},\"primaryImageOfPage\":{\"@id\":\"https:\\\/\\\/www.worldheritageireland.ie\\\/ga\\\/an-liosta-sealadach\\\/2019-2022-liosta-sealadach-athbhreithnigh-proisigh\\\/#primaryimage\"},\"image\":{\"@id\":\"https:\\\/\\\/www.worldheritageireland.ie\\\/ga\\\/an-liosta-sealadach\\\/2019-2022-liosta-sealadach-athbhreithnigh-proisigh\\\/#primaryimage\"},\"thumbnailUrl\":\"https:\\\/\\\/www.worldheritageireland.ie\\\/wp-content\\\/uploads\\\/2022\\\/07\\\/171006-Carrowkeel-Aerials-2006-003-scaled-e1658482759905.jpg\",\"datePublished\":\"2022-08-22T13:14:35+00:00\",\"dateModified\":\"2025-01-10T11:06:55+00:00\",\"breadcrumb\":{\"@id\":\"https:\\\/\\\/www.worldheritageireland.ie\\\/ga\\\/an-liosta-sealadach\\\/2019-2022-liosta-sealadach-athbhreithnigh-proisigh\\\/#breadcrumb\"},\"inLanguage\":\"ga-IE\",\"potentialAction\":[{\"@type\":\"ReadAction\",\"target\":[\"https:\\\/\\\/www.worldheritageireland.ie\\\/ga\\\/an-liosta-sealadach\\\/2019-2022-liosta-sealadach-athbhreithnigh-proisigh\\\/\"]}]},{\"@type\":\"ImageObject\",\"inLanguage\":\"ga-IE\",\"@id\":\"https:\\\/\\\/www.worldheritageireland.ie\\\/ga\\\/an-liosta-sealadach\\\/2019-2022-liosta-sealadach-athbhreithnigh-proisigh\\\/#primaryimage\",\"url\":\"https:\\\/\\\/www.worldheritageireland.ie\\\/wp-content\\\/uploads\\\/2022\\\/07\\\/171006-Carrowkeel-Aerials-2006-003-scaled-e1658482759905.jpg\",\"contentUrl\":\"https:\\\/\\\/www.worldheritageireland.ie\\\/wp-content\\\/uploads\\\/2022\\\/07\\\/171006-Carrowkeel-Aerials-2006-003-scaled-e1658482759905.jpg\",\"width\":2560,\"height\":1689,\"caption\":\"Carrowkeel Passage Grave Cemetery, AKA Knocknashee, Carrowkeel Co. Sligo Ireland\"},{\"@type\":\"BreadcrumbList\",\"@id\":\"https:\\\/\\\/www.worldheritageireland.ie\\\/ga\\\/an-liosta-sealadach\\\/2019-2022-liosta-sealadach-athbhreithnigh-proisigh\\\/#breadcrumb\",\"itemListElement\":[{\"@type\":\"ListItem\",\"position\":1,\"name\":\"Home\",\"item\":\"https:\\\/\\\/www.worldheritageireland.ie\\\/ga\\\/\"},{\"@type\":\"ListItem\",\"position\":2,\"name\":\"An Liosta Sealadach\",\"item\":\"https:\\\/\\\/www.worldheritageireland.ie\\\/ga\\\/an-liosta-sealadach\\\/\"},{\"@type\":\"ListItem\",\"position\":3,\"name\":\"2019-2022 Liosta Sealadach Athbhreithnigh Pr\u00f3isigh\"}]},{\"@type\":\"WebSite\",\"@id\":\"https:\\\/\\\/www.worldheritageireland.ie\\\/ga\\\/#website\",\"url\":\"https:\\\/\\\/www.worldheritageireland.ie\\\/ga\\\/\",\"name\":\"Oidhreacht Dhomhanda na h\u00c9ireann\",\"description\":\"Ireland&#039;s Tentative World Heritage\",\"publisher\":{\"@id\":\"https:\\\/\\\/www.worldheritageireland.ie\\\/ga\\\/#organization\"},\"potentialAction\":[{\"@type\":\"SearchAction\",\"target\":{\"@type\":\"EntryPoint\",\"urlTemplate\":\"https:\\\/\\\/www.worldheritageireland.ie\\\/ga\\\/?s={search_term_string}\"},\"query-input\":{\"@type\":\"PropertyValueSpecification\",\"valueRequired\":true,\"valueName\":\"search_term_string\"}}],\"inLanguage\":\"ga-IE\"},{\"@type\":\"Organization\",\"@id\":\"https:\\\/\\\/www.worldheritageireland.ie\\\/ga\\\/#organization\",\"name\":\"Department of Housing, Local Government and Heritage\",\"url\":\"https:\\\/\\\/www.worldheritageireland.ie\\\/ga\\\/\",\"logo\":{\"@type\":\"ImageObject\",\"inLanguage\":\"ga-IE\",\"@id\":\"https:\\\/\\\/www.worldheritageireland.ie\\\/ga\\\/#\\\/schema\\\/logo\\\/image\\\/\",\"url\":\"https:\\\/\\\/www.worldheritageireland.ie\\\/wp-content\\\/uploads\\\/2023\\\/07\\\/unesco_wh_in_Ireland_Blue_180_trans.png\",\"contentUrl\":\"https:\\\/\\\/www.worldheritageireland.ie\\\/wp-content\\\/uploads\\\/2023\\\/07\\\/unesco_wh_in_Ireland_Blue_180_trans.png\",\"width\":181,\"height\":181,\"caption\":\"Department of Housing, Local Government and Heritage\"},\"image\":{\"@id\":\"https:\\\/\\\/www.worldheritageireland.ie\\\/ga\\\/#\\\/schema\\\/logo\\\/image\\\/\"},\"sameAs\":[\"https:\\\/\\\/www.facebook.com\\\/NationalMons\\\/\",\"https:\\\/\\\/x.com\\\/NationalMons\"]}]}<\/script>\n<!-- \/ Yoast SEO plugin. -->","yoast_head_json":{"title":"2019-2022 Liosta Sealadach Athbhreithnigh Pr\u00f3isigh - Oidhreacht Dhomhanda na h\u00c9ireann","robots":{"index":"index","follow":"follow","max-snippet":"max-snippet:-1","max-image-preview":"max-image-preview:large","max-video-preview":"max-video-preview:-1"},"canonical":"https:\/\/www.worldheritageireland.ie\/ga\/an-liosta-sealadach\/2019-2022-liosta-sealadach-athbhreithnigh-proisigh\/","og_locale":"ga_IE","og_type":"article","og_title":"2019-2022 Liosta Sealadach Athbhreithnigh Pr\u00f3isigh - Oidhreacht Dhomhanda na h\u00c9ireann","og_description":"2019-2022 Liosta Sealadach Athbhreithnigh Pr\u00f3isigh 2019 De r\u00e9ir treoracha \u00f3n EOECNA, ghlac an Roinn le hiarratais in Ean\u00e1ir 2019 do Liosta Sealadach \u00far d&#8217;\u00c9irinn, le teacht in ionad an liosta \u00f3 2010. Iarradh ar na 31 \u00fadar\u00e1s \u00c1iti\u00fail iarratais a chur isteach chuig an Roinn i dtaca le haon mhaoin a bh\u00ed faoina gc\u00faram, agus [&hellip;]","og_url":"https:\/\/www.worldheritageireland.ie\/ga\/an-liosta-sealadach\/2019-2022-liosta-sealadach-athbhreithnigh-proisigh\/","og_site_name":"Oidhreacht Dhomhanda na h\u00c9ireann","article_publisher":"https:\/\/www.facebook.com\/NationalMons\/","article_modified_time":"2025-01-10T11:06:55+00:00","og_image":[{"width":2560,"height":1689,"url":"https:\/\/www.worldheritageireland.ie\/wp-content\/uploads\/2022\/07\/171006-Carrowkeel-Aerials-2006-003-scaled-e1658482759905.jpg","type":"image\/jpeg"}],"twitter_card":"summary_large_image","twitter_site":"@NationalMons","twitter_misc":{"Est. reading time":"3 minutes"},"schema":{"@context":"https:\/\/schema.org","@graph":[{"@type":"WebPage","@id":"https:\/\/www.worldheritageireland.ie\/ga\/an-liosta-sealadach\/2019-2022-liosta-sealadach-athbhreithnigh-proisigh\/","url":"https:\/\/www.worldheritageireland.ie\/ga\/an-liosta-sealadach\/2019-2022-liosta-sealadach-athbhreithnigh-proisigh\/","name":"2019-2022 Liosta Sealadach Athbhreithnigh Pr\u00f3isigh - Oidhreacht Dhomhanda na h\u00c9ireann","isPartOf":{"@id":"https:\/\/www.worldheritageireland.ie\/ga\/#website"},"primaryImageOfPage":{"@id":"https:\/\/www.worldheritageireland.ie\/ga\/an-liosta-sealadach\/2019-2022-liosta-sealadach-athbhreithnigh-proisigh\/#primaryimage"},"image":{"@id":"https:\/\/www.worldheritageireland.ie\/ga\/an-liosta-sealadach\/2019-2022-liosta-sealadach-athbhreithnigh-proisigh\/#primaryimage"},"thumbnailUrl":"https:\/\/www.worldheritageireland.ie\/wp-content\/uploads\/2022\/07\/171006-Carrowkeel-Aerials-2006-003-scaled-e1658482759905.jpg","datePublished":"2022-08-22T13:14:35+00:00","dateModified":"2025-01-10T11:06:55+00:00","breadcrumb":{"@id":"https:\/\/www.worldheritageireland.ie\/ga\/an-liosta-sealadach\/2019-2022-liosta-sealadach-athbhreithnigh-proisigh\/#breadcrumb"},"inLanguage":"ga-IE","potentialAction":[{"@type":"ReadAction","target":["https:\/\/www.worldheritageireland.ie\/ga\/an-liosta-sealadach\/2019-2022-liosta-sealadach-athbhreithnigh-proisigh\/"]}]},{"@type":"ImageObject","inLanguage":"ga-IE","@id":"https:\/\/www.worldheritageireland.ie\/ga\/an-liosta-sealadach\/2019-2022-liosta-sealadach-athbhreithnigh-proisigh\/#primaryimage","url":"https:\/\/www.worldheritageireland.ie\/wp-content\/uploads\/2022\/07\/171006-Carrowkeel-Aerials-2006-003-scaled-e1658482759905.jpg","contentUrl":"https:\/\/www.worldheritageireland.ie\/wp-content\/uploads\/2022\/07\/171006-Carrowkeel-Aerials-2006-003-scaled-e1658482759905.jpg","width":2560,"height":1689,"caption":"Carrowkeel Passage Grave Cemetery, AKA Knocknashee, Carrowkeel Co. Sligo Ireland"},{"@type":"BreadcrumbList","@id":"https:\/\/www.worldheritageireland.ie\/ga\/an-liosta-sealadach\/2019-2022-liosta-sealadach-athbhreithnigh-proisigh\/#breadcrumb","itemListElement":[{"@type":"ListItem","position":1,"name":"Home","item":"https:\/\/www.worldheritageireland.ie\/ga\/"},{"@type":"ListItem","position":2,"name":"An Liosta Sealadach","item":"https:\/\/www.worldheritageireland.ie\/ga\/an-liosta-sealadach\/"},{"@type":"ListItem","position":3,"name":"2019-2022 Liosta Sealadach Athbhreithnigh Pr\u00f3isigh"}]},{"@type":"WebSite","@id":"https:\/\/www.worldheritageireland.ie\/ga\/#website","url":"https:\/\/www.worldheritageireland.ie\/ga\/","name":"Oidhreacht Dhomhanda na h\u00c9ireann","description":"Ireland&#039;s Tentative World Heritage","publisher":{"@id":"https:\/\/www.worldheritageireland.ie\/ga\/#organization"},"potentialAction":[{"@type":"SearchAction","target":{"@type":"EntryPoint","urlTemplate":"https:\/\/www.worldheritageireland.ie\/ga\/?s={search_term_string}"},"query-input":{"@type":"PropertyValueSpecification","valueRequired":true,"valueName":"search_term_string"}}],"inLanguage":"ga-IE"},{"@type":"Organization","@id":"https:\/\/www.worldheritageireland.ie\/ga\/#organization","name":"Department of Housing, Local Government and Heritage","url":"https:\/\/www.worldheritageireland.ie\/ga\/","logo":{"@type":"ImageObject","inLanguage":"ga-IE","@id":"https:\/\/www.worldheritageireland.ie\/ga\/#\/schema\/logo\/image\/","url":"https:\/\/www.worldheritageireland.ie\/wp-content\/uploads\/2023\/07\/unesco_wh_in_Ireland_Blue_180_trans.png","contentUrl":"https:\/\/www.worldheritageireland.ie\/wp-content\/uploads\/2023\/07\/unesco_wh_in_Ireland_Blue_180_trans.png","width":181,"height":181,"caption":"Department of Housing, Local Government and Heritage"},"image":{"@id":"https:\/\/www.worldheritageireland.ie\/ga\/#\/schema\/logo\/image\/"},"sameAs":["https:\/\/www.facebook.com\/NationalMons\/","https:\/\/x.com\/NationalMons"]}]}},"spectra_custom_meta":{"_top_nav_excluded":[""],"_cms_nav_minihome":[""],"_wp_page_template":["single.php"],"_thumbnail_id":["1442"],"_last_translation_edit_mode":["translation-editor"],"adv-header-id-meta":[""],"stick-header-meta":[""],"theme-transparent-header-meta":[""],"_yoast_wpseo_primary_category":[""],"_cmplz_scanned_post":["1"],"ast-site-content-layout":["default"],"related_links":["a:1:{i:0;s:0:\"\";}"],"_uag_css_file_name":["uag-css-2115.css"],"_uag_page_assets":["a:9:{s:3:\"css\";s:0:\"\";s:2:\"js\";s:0:\"\";s:18:\"current_block_list\";a:15:{i:0;s:10:\"core\/group\";i:1;s:12:\"core\/heading\";i:2;s:14:\"core\/paragraph\";i:3;s:9:\"core\/list\";i:4;s:14:\"core\/list-item\";i:5;s:11:\"core\/search\";i:6;s:17:\"core\/latest-posts\";i:7;s:20:\"core\/latest-comments\";i:8;s:13:\"core\/archives\";i:9;s:15:\"core\/categories\";i:10;s:20:\"outermost\/icon-block\";i:11;s:12:\"core\/columns\";i:12;s:11:\"core\/column\";i:13;s:20:\"nextend\/smartslider3\";i:14;s:10:\"core\/image\";}s:8:\"uag_flag\";b:0;s:11:\"uag_version\";s:10:\"1776099092\";s:6:\"gfonts\";a:0:{}s:10:\"gfonts_url\";s:0:\"\";s:12:\"gfonts_files\";a:0:{}s:14:\"uag_faq_layout\";b:0;}"]},"uagb_featured_image_src":{"full":["https:\/\/www.worldheritageireland.ie\/wp-content\/uploads\/2022\/07\/171006-Carrowkeel-Aerials-2006-003-scaled-e1658482759905.jpg",2560,1689,false],"thumbnail":["https:\/\/www.worldheritageireland.ie\/wp-content\/uploads\/2022\/07\/171006-Carrowkeel-Aerials-2006-003-150x150.jpg",150,150,true],"medium":["https:\/\/www.worldheritageireland.ie\/wp-content\/uploads\/2022\/07\/171006-Carrowkeel-Aerials-2006-003-300x198.jpg",300,198,true],"medium_large":["https:\/\/www.worldheritageireland.ie\/wp-content\/uploads\/2022\/07\/171006-Carrowkeel-Aerials-2006-003-768x507.jpg",768,507,true],"large":["https:\/\/www.worldheritageireland.ie\/wp-content\/uploads\/2022\/07\/171006-Carrowkeel-Aerials-2006-003-1024x676.jpg",1024,676,true],"gs-tiny":["https:\/\/www.worldheritageireland.ie\/wp-content\/uploads\/2022\/07\/171006-Carrowkeel-Aerials-2006-003-scaled-e1658482759905.jpg",50,33,false],"xl":["https:\/\/www.worldheritageireland.ie\/wp-content\/uploads\/2022\/07\/171006-Carrowkeel-Aerials-2006-003-1600x1056.jpg",1600,1056,true],"xxl":["https:\/\/www.worldheritageireland.ie\/wp-content\/uploads\/2022\/07\/171006-Carrowkeel-Aerials-2006-003-2200x1451.jpg",2200,1451,true],"xxxl":["https:\/\/www.worldheritageireland.ie\/wp-content\/uploads\/2022\/07\/171006-Carrowkeel-Aerials-2006-003-2800x1847.jpg",2800,1847,true],"xxxxl":["https:\/\/www.worldheritageireland.ie\/wp-content\/uploads\/2022\/07\/171006-Carrowkeel-Aerials-2006-003-scaled-e1658482759905.jpg",2560,1689,false],"xxxxxl":["https:\/\/www.worldheritageireland.ie\/wp-content\/uploads\/2022\/07\/171006-Carrowkeel-Aerials-2006-003-scaled-e1658482759905.jpg",2560,1689,false],"1536x1536":["https:\/\/www.worldheritageireland.ie\/wp-content\/uploads\/2022\/07\/171006-Carrowkeel-Aerials-2006-003-1536x1013.jpg",1536,1013,true],"2048x2048":["https:\/\/www.worldheritageireland.ie\/wp-content\/uploads\/2022\/07\/171006-Carrowkeel-Aerials-2006-003-2048x1351.jpg",2048,1351,true]},"uagb_author_info":{"display_name":"Ross Waters","author_link":"https:\/\/www.worldheritageireland.ie\/ga\/author\/rosswaters\/"},"uagb_comment_info":0,"uagb_excerpt":"2019-2022 Liosta Sealadach Athbhreithnigh Pr\u00f3isigh 2019 De r\u00e9ir treoracha \u00f3n EOECNA, ghlac an Roinn le hiarratais in Ean\u00e1ir 2019 do Liosta Sealadach \u00far d&#8217;\u00c9irinn, le teacht in ionad an liosta \u00f3 2010. Iarradh ar na 31 \u00fadar\u00e1s \u00c1iti\u00fail iarratais a chur isteach chuig an Roinn i dtaca le haon mhaoin a bh\u00ed faoina gc\u00faram, agus&hellip;","_links":{"self":[{"href":"https:\/\/www.worldheritageireland.ie\/ga\/wp-json\/wp\/v2\/pages\/2115","targetHints":{"allow":["GET"]}}],"collection":[{"href":"https:\/\/www.worldheritageireland.ie\/ga\/wp-json\/wp\/v2\/pages"}],"about":[{"href":"https:\/\/www.worldheritageireland.ie\/ga\/wp-json\/wp\/v2\/types\/page"}],"author":[{"embeddable":true,"href":"https:\/\/www.worldheritageireland.ie\/ga\/wp-json\/wp\/v2\/users\/5"}],"replies":[{"embeddable":true,"href":"https:\/\/www.worldheritageireland.ie\/ga\/wp-json\/wp\/v2\/comments?post=2115"}],"version-history":[{"count":11,"href":"https:\/\/www.worldheritageireland.ie\/ga\/wp-json\/wp\/v2\/pages\/2115\/revisions"}],"predecessor-version":[{"id":2790,"href":"https:\/\/www.worldheritageireland.ie\/ga\/wp-json\/wp\/v2\/pages\/2115\/revisions\/2790"}],"up":[{"embeddable":true,"href":"https:\/\/www.worldheritageireland.ie\/ga\/wp-json\/wp\/v2\/pages\/2112"}],"wp:featuredmedia":[{"embeddable":true,"href":"https:\/\/www.worldheritageireland.ie\/ga\/wp-json\/wp\/v2\/media\/1442"}],"wp:attachment":[{"href":"https:\/\/www.worldheritageireland.ie\/ga\/wp-json\/wp\/v2\/media?parent=2115"}],"wp:term":[{"taxonomy":"category","embeddable":true,"href":"https:\/\/www.worldheritageireland.ie\/ga\/wp-json\/wp\/v2\/categories?post=2115"},{"taxonomy":"post_tag","embeddable":true,"href":"https:\/\/www.worldheritageireland.ie\/ga\/wp-json\/wp\/v2\/tags?post=2115"}],"curies":[{"name":"wp","href":"https:\/\/api.w.org\/{rel}","templated":true}]}}