{"id":2119,"date":"2022-08-22T16:33:30","date_gmt":"2022-08-22T15:33:30","guid":{"rendered":"https:\/\/www.worldheritageireland.ie\/an-liosta-sealadach\/liosta-sealadach-1992\/"},"modified":"2025-01-10T11:05:16","modified_gmt":"2025-01-10T11:05:16","slug":"liosta-sealadach-1992","status":"publish","type":"page","link":"https:\/\/www.worldheritageireland.ie\/ga\/an-liosta-sealadach\/liosta-sealadach-1992\/","title":{"rendered":"Liosta Sealadach 1992"},"content":{"rendered":"\n<section class=\"inherit-container-width wp-block-group alignfull whi-section is-layout-constrained wp-block-group-is-layout-constrained\">\n<h1 class=\"wp-block-heading\">Liosta Sealadach 1992<\/h1>\n\n\n\n<p>Chuir coiste Roinne inmhe\u00e1nach Liosta Sealadach 1992 i dtoll a ch\u00e9ile, tar \u00e9is pr\u00f3iseas comhairli\u00fach\u00e1in phoibl\u00ed a f\u00f3gra\u00edodh, a chuimsigh deich l\u00e1ithre\u00e1n cult\u00fartha agus n\u00e1d\u00fartha. Inscr\u00edobhadh dh\u00e1 l\u00e1ithre\u00e1n \u00f3n liosta sin ar Liosta Oidhreachta Domhanda \u00f3 sh\u00edn; <a href=\"https:\/\/www.worldheritageireland.ie\/ga\/heritage-property\/bru-na-boinne-coimpleasc-seandalaiochta-lub-na-boinne\/\" target=\"_blank\" rel=\"noreferrer noopener\">Br\u00fa na B\u00f3inne \u2013 \u2018Coimpl\u00e9asc Seand\u00e1la\u00edochta L\u00fab na B\u00f3inne<\/a> i 1993 agus <a href=\"https:\/\/www.worldheritageireland.ie\/ga\/heritage-property\/sceilg-mhichil\/\" target=\"_blank\" rel=\"noreferrer noopener\">Sceilg Mhich\u00edl<\/a> i 1996.<\/p>\n\n\n\n<div class=\"wp-block-file\"><a id=\"wp-block-file--media-551d9490-6ec8-4810-8545-2db5a4042145\" href=\"https:\/\/www.worldheritageireland.ie\/wp-content\/uploads\/2022\/08\/1992-Tentative-List.pdf\" target=\"_blank\" rel=\"noreferrer noopener\">Liosta-Sealadach-1992<\/a><\/div>\n\n\n\n<h2 class=\"wp-block-heading\">Cult\u00fartha<\/h2>\n\n\n\n<ol class=\"ticss-63a0618b wp-block-list\">\n<li>Imscr\u00edobhadh Coimpl\u00e9asc Seand\u00e1la\u00edochta L\u00fab na B\u00f3inne i 1993<\/li>\n\n\n\n<li>Inscr\u00edobhadh Sceilg Mhich\u00edl in 1996<\/li>\n\n\n\n<li>Caiseal Thiar<\/li>\n\n\n\n<li>An Caiseal<\/li>\n<\/ol>\n\n\n\n<h2 class=\"wp-block-heading\">N\u00e1d\u00fartha<\/h2>\n\n\n\n<ol class=\"ticss-65e2518d wp-block-list\">\n<li>P\u00e1irc N\u00e1isi\u00fanta Chill Airne<\/li>\n\n\n\n<li>M\u00f3intigh Iarthuaiscirt Mhaigh Eo<\/li>\n\n\n\n<li>An Mh\u00f3in Rua<\/li>\n<\/ol>\n\n\n\n<h2 class=\"wp-block-heading\">Measc\u00e1n- Cult\u00fartha agus N\u00e1d\u00fartha<\/h2>\n\n\n\n<ol class=\"ticss-39b27d3f wp-block-list\">\n<li>Cluain Mhic N\u00f3is<\/li>\n\n\n\n<li>Boirinn <\/li>\n\n\n\n<li>P\u00e1irceanna Cheide<\/li>\n<\/ol>\n<\/section>\n","protected":false},"excerpt":{"rendered":"<p>Liosta Sealadach 1992 Chuir coiste Roinne inmhe\u00e1nach Liosta Sealadach 1992 i dtoll a ch\u00e9ile, tar \u00e9is pr\u00f3iseas comhairli\u00fach\u00e1in phoibl\u00ed a f\u00f3gra\u00edodh, a chuimsigh deich l\u00e1ithre\u00e1n cult\u00fartha agus n\u00e1d\u00fartha. Inscr\u00edobhadh dh\u00e1 l\u00e1ithre\u00e1n \u00f3n liosta sin ar Liosta Oidhreachta Domhanda \u00f3 sh\u00edn; Br\u00fa na B\u00f3inne \u2013 \u2018Coimpl\u00e9asc Seand\u00e1la\u00edochta L\u00fab na B\u00f3inne i 1993 agus Sceilg Mhich\u00edl i [&hellip;]<\/p>\n","protected":false},"author":5,"featured_media":0,"parent":2112,"menu_order":0,"comment_status":"closed","ping_status":"closed","template":"","meta":{"_acf_changed":false,"_uag_custom_page_level_css":"","site-sidebar-layout":"default","site-content-layout":"","ast-site-content-layout":"default","site-content-style":"default","site-sidebar-style":"default","ast-global-header-display":"","ast-banner-title-visibility":"","ast-main-header-display":"","ast-hfb-above-header-display":"","ast-hfb-below-header-display":"","ast-hfb-mobile-header-display":"","site-post-title":"","ast-breadcrumbs-content":"","ast-featured-img":"","footer-sml-layout":"","ast-disable-related-posts":"","theme-transparent-header-meta":"","adv-header-id-meta":"","stick-header-meta":"","header-above-stick-meta":"","header-main-stick-meta":"","header-below-stick-meta":"","astra-migrate-meta-layouts":"default","ast-page-background-enabled":"default","ast-page-background-meta":{"desktop":{"background-color":"var(--ast-global-color-4)","background-image":"","background-repeat":"repeat","background-position":"center center","background-size":"auto","background-attachment":"scroll","background-type":"","background-media":"","overlay-type":"","overlay-color":"","overlay-opacity":"","overlay-gradient":""},"tablet":{"background-color":"","background-image":"","background-repeat":"repeat","background-position":"center center","background-size":"auto","background-attachment":"scroll","background-type":"","background-media":"","overlay-type":"","overlay-color":"","overlay-opacity":"","overlay-gradient":""},"mobile":{"background-color":"","background-image":"","background-repeat":"repeat","background-position":"center center","background-size":"auto","background-attachment":"scroll","background-type":"","background-media":"","overlay-type":"","overlay-color":"","overlay-opacity":"","overlay-gradient":""}},"ast-content-background-meta":{"desktop":{"background-color":"var(--ast-global-color-5)","background-image":"","background-repeat":"repeat","background-position":"center center","background-size":"auto","background-attachment":"scroll","background-type":"","background-media":"","overlay-type":"","overlay-color":"","overlay-opacity":"","overlay-gradient":""},"tablet":{"background-color":"var(--ast-global-color-5)","background-image":"","background-repeat":"repeat","background-position":"center center","background-size":"auto","background-attachment":"scroll","background-type":"","background-media":"","overlay-type":"","overlay-color":"","overlay-opacity":"","overlay-gradient":""},"mobile":{"background-color":"var(--ast-global-color-5)","background-image":"","background-repeat":"repeat","background-position":"center center","background-size":"auto","background-attachment":"scroll","background-type":"","background-media":"","overlay-type":"","overlay-color":"","overlay-opacity":"","overlay-gradient":""}},"pgc_sgb_lightbox_settings":"","footnotes":""},"categories":[40],"tags":[],"class_list":["post-2119","page","type-page","status-publish","hentry","category-maoin-sealadach"],"acf":[],"yoast_head":"<!-- This site is optimized with the Yoast SEO plugin v27.3 - https:\/\/yoast.com\/product\/yoast-seo-wordpress\/ -->\n<title>Liosta Sealadach 1992 - Oidhreacht Dhomhanda na h\u00c9ireann<\/title>\n<meta name=\"robots\" content=\"index, follow, max-snippet:-1, max-image-preview:large, max-video-preview:-1\" \/>\n<link rel=\"canonical\" href=\"https:\/\/www.worldheritageireland.ie\/ga\/an-liosta-sealadach\/liosta-sealadach-1992\/\" \/>\n<meta property=\"og:locale\" content=\"ga_IE\" \/>\n<meta property=\"og:type\" content=\"article\" \/>\n<meta property=\"og:title\" content=\"Liosta Sealadach 1992 - Oidhreacht Dhomhanda na h\u00c9ireann\" \/>\n<meta property=\"og:description\" content=\"Liosta Sealadach 1992 Chuir coiste Roinne inmhe\u00e1nach Liosta Sealadach 1992 i dtoll a ch\u00e9ile, tar \u00e9is pr\u00f3iseas comhairli\u00fach\u00e1in phoibl\u00ed a f\u00f3gra\u00edodh, a chuimsigh deich l\u00e1ithre\u00e1n cult\u00fartha agus n\u00e1d\u00fartha. Inscr\u00edobhadh dh\u00e1 l\u00e1ithre\u00e1n \u00f3n liosta sin ar Liosta Oidhreachta Domhanda \u00f3 sh\u00edn; Br\u00fa na B\u00f3inne \u2013 \u2018Coimpl\u00e9asc Seand\u00e1la\u00edochta L\u00fab na B\u00f3inne i 1993 agus Sceilg Mhich\u00edl i [&hellip;]\" \/>\n<meta property=\"og:url\" content=\"https:\/\/www.worldheritageireland.ie\/ga\/an-liosta-sealadach\/liosta-sealadach-1992\/\" \/>\n<meta property=\"og:site_name\" content=\"Oidhreacht Dhomhanda na h\u00c9ireann\" \/>\n<meta property=\"article:publisher\" content=\"https:\/\/www.facebook.com\/NationalMons\/\" \/>\n<meta property=\"article:modified_time\" content=\"2025-01-10T11:05:16+00:00\" \/>\n<meta name=\"twitter:card\" content=\"summary_large_image\" \/>\n<meta name=\"twitter:site\" content=\"@NationalMons\" \/>\n<meta name=\"twitter:label1\" content=\"Est. reading time\" \/>\n\t<meta name=\"twitter:data1\" content=\"1 minute\" \/>\n<script type=\"application\/ld+json\" class=\"yoast-schema-graph\">{\"@context\":\"https:\\\/\\\/schema.org\",\"@graph\":[{\"@type\":\"WebPage\",\"@id\":\"https:\\\/\\\/www.worldheritageireland.ie\\\/ga\\\/an-liosta-sealadach\\\/liosta-sealadach-1992\\\/\",\"url\":\"https:\\\/\\\/www.worldheritageireland.ie\\\/ga\\\/an-liosta-sealadach\\\/liosta-sealadach-1992\\\/\",\"name\":\"Liosta Sealadach 1992 - Oidhreacht Dhomhanda na h\u00c9ireann\",\"isPartOf\":{\"@id\":\"https:\\\/\\\/www.worldheritageireland.ie\\\/ga\\\/#website\"},\"datePublished\":\"2022-08-22T15:33:30+00:00\",\"dateModified\":\"2025-01-10T11:05:16+00:00\",\"breadcrumb\":{\"@id\":\"https:\\\/\\\/www.worldheritageireland.ie\\\/ga\\\/an-liosta-sealadach\\\/liosta-sealadach-1992\\\/#breadcrumb\"},\"inLanguage\":\"ga-IE\",\"potentialAction\":[{\"@type\":\"ReadAction\",\"target\":[\"https:\\\/\\\/www.worldheritageireland.ie\\\/ga\\\/an-liosta-sealadach\\\/liosta-sealadach-1992\\\/\"]}]},{\"@type\":\"BreadcrumbList\",\"@id\":\"https:\\\/\\\/www.worldheritageireland.ie\\\/ga\\\/an-liosta-sealadach\\\/liosta-sealadach-1992\\\/#breadcrumb\",\"itemListElement\":[{\"@type\":\"ListItem\",\"position\":1,\"name\":\"Home\",\"item\":\"https:\\\/\\\/www.worldheritageireland.ie\\\/ga\\\/\"},{\"@type\":\"ListItem\",\"position\":2,\"name\":\"An Liosta Sealadach\",\"item\":\"https:\\\/\\\/www.worldheritageireland.ie\\\/ga\\\/an-liosta-sealadach\\\/\"},{\"@type\":\"ListItem\",\"position\":3,\"name\":\"Liosta Sealadach 1992\"}]},{\"@type\":\"WebSite\",\"@id\":\"https:\\\/\\\/www.worldheritageireland.ie\\\/ga\\\/#website\",\"url\":\"https:\\\/\\\/www.worldheritageireland.ie\\\/ga\\\/\",\"name\":\"Oidhreacht Dhomhanda na h\u00c9ireann\",\"description\":\"Ireland&#039;s Tentative World Heritage\",\"publisher\":{\"@id\":\"https:\\\/\\\/www.worldheritageireland.ie\\\/ga\\\/#organization\"},\"potentialAction\":[{\"@type\":\"SearchAction\",\"target\":{\"@type\":\"EntryPoint\",\"urlTemplate\":\"https:\\\/\\\/www.worldheritageireland.ie\\\/ga\\\/?s={search_term_string}\"},\"query-input\":{\"@type\":\"PropertyValueSpecification\",\"valueRequired\":true,\"valueName\":\"search_term_string\"}}],\"inLanguage\":\"ga-IE\"},{\"@type\":\"Organization\",\"@id\":\"https:\\\/\\\/www.worldheritageireland.ie\\\/ga\\\/#organization\",\"name\":\"Department of Housing, Local Government and Heritage\",\"url\":\"https:\\\/\\\/www.worldheritageireland.ie\\\/ga\\\/\",\"logo\":{\"@type\":\"ImageObject\",\"inLanguage\":\"ga-IE\",\"@id\":\"https:\\\/\\\/www.worldheritageireland.ie\\\/ga\\\/#\\\/schema\\\/logo\\\/image\\\/\",\"url\":\"https:\\\/\\\/www.worldheritageireland.ie\\\/wp-content\\\/uploads\\\/2023\\\/07\\\/unesco_wh_in_Ireland_Blue_180_trans.png\",\"contentUrl\":\"https:\\\/\\\/www.worldheritageireland.ie\\\/wp-content\\\/uploads\\\/2023\\\/07\\\/unesco_wh_in_Ireland_Blue_180_trans.png\",\"width\":181,\"height\":181,\"caption\":\"Department of Housing, Local Government and Heritage\"},\"image\":{\"@id\":\"https:\\\/\\\/www.worldheritageireland.ie\\\/ga\\\/#\\\/schema\\\/logo\\\/image\\\/\"},\"sameAs\":[\"https:\\\/\\\/www.facebook.com\\\/NationalMons\\\/\",\"https:\\\/\\\/x.com\\\/NationalMons\"]}]}<\/script>\n<!-- \/ Yoast SEO plugin. -->","yoast_head_json":{"title":"Liosta Sealadach 1992 - Oidhreacht Dhomhanda na h\u00c9ireann","robots":{"index":"index","follow":"follow","max-snippet":"max-snippet:-1","max-image-preview":"max-image-preview:large","max-video-preview":"max-video-preview:-1"},"canonical":"https:\/\/www.worldheritageireland.ie\/ga\/an-liosta-sealadach\/liosta-sealadach-1992\/","og_locale":"ga_IE","og_type":"article","og_title":"Liosta Sealadach 1992 - Oidhreacht Dhomhanda na h\u00c9ireann","og_description":"Liosta Sealadach 1992 Chuir coiste Roinne inmhe\u00e1nach Liosta Sealadach 1992 i dtoll a ch\u00e9ile, tar \u00e9is pr\u00f3iseas comhairli\u00fach\u00e1in phoibl\u00ed a f\u00f3gra\u00edodh, a chuimsigh deich l\u00e1ithre\u00e1n cult\u00fartha agus n\u00e1d\u00fartha. Inscr\u00edobhadh dh\u00e1 l\u00e1ithre\u00e1n \u00f3n liosta sin ar Liosta Oidhreachta Domhanda \u00f3 sh\u00edn; Br\u00fa na B\u00f3inne \u2013 \u2018Coimpl\u00e9asc Seand\u00e1la\u00edochta L\u00fab na B\u00f3inne i 1993 agus Sceilg Mhich\u00edl i [&hellip;]","og_url":"https:\/\/www.worldheritageireland.ie\/ga\/an-liosta-sealadach\/liosta-sealadach-1992\/","og_site_name":"Oidhreacht Dhomhanda na h\u00c9ireann","article_publisher":"https:\/\/www.facebook.com\/NationalMons\/","article_modified_time":"2025-01-10T11:05:16+00:00","twitter_card":"summary_large_image","twitter_site":"@NationalMons","twitter_misc":{"Est. reading time":"1 minute"},"schema":{"@context":"https:\/\/schema.org","@graph":[{"@type":"WebPage","@id":"https:\/\/www.worldheritageireland.ie\/ga\/an-liosta-sealadach\/liosta-sealadach-1992\/","url":"https:\/\/www.worldheritageireland.ie\/ga\/an-liosta-sealadach\/liosta-sealadach-1992\/","name":"Liosta Sealadach 1992 - Oidhreacht Dhomhanda na h\u00c9ireann","isPartOf":{"@id":"https:\/\/www.worldheritageireland.ie\/ga\/#website"},"datePublished":"2022-08-22T15:33:30+00:00","dateModified":"2025-01-10T11:05:16+00:00","breadcrumb":{"@id":"https:\/\/www.worldheritageireland.ie\/ga\/an-liosta-sealadach\/liosta-sealadach-1992\/#breadcrumb"},"inLanguage":"ga-IE","potentialAction":[{"@type":"ReadAction","target":["https:\/\/www.worldheritageireland.ie\/ga\/an-liosta-sealadach\/liosta-sealadach-1992\/"]}]},{"@type":"BreadcrumbList","@id":"https:\/\/www.worldheritageireland.ie\/ga\/an-liosta-sealadach\/liosta-sealadach-1992\/#breadcrumb","itemListElement":[{"@type":"ListItem","position":1,"name":"Home","item":"https:\/\/www.worldheritageireland.ie\/ga\/"},{"@type":"ListItem","position":2,"name":"An Liosta Sealadach","item":"https:\/\/www.worldheritageireland.ie\/ga\/an-liosta-sealadach\/"},{"@type":"ListItem","position":3,"name":"Liosta Sealadach 1992"}]},{"@type":"WebSite","@id":"https:\/\/www.worldheritageireland.ie\/ga\/#website","url":"https:\/\/www.worldheritageireland.ie\/ga\/","name":"Oidhreacht Dhomhanda na h\u00c9ireann","description":"Ireland&#039;s Tentative World Heritage","publisher":{"@id":"https:\/\/www.worldheritageireland.ie\/ga\/#organization"},"potentialAction":[{"@type":"SearchAction","target":{"@type":"EntryPoint","urlTemplate":"https:\/\/www.worldheritageireland.ie\/ga\/?s={search_term_string}"},"query-input":{"@type":"PropertyValueSpecification","valueRequired":true,"valueName":"search_term_string"}}],"inLanguage":"ga-IE"},{"@type":"Organization","@id":"https:\/\/www.worldheritageireland.ie\/ga\/#organization","name":"Department of Housing, Local Government and Heritage","url":"https:\/\/www.worldheritageireland.ie\/ga\/","logo":{"@type":"ImageObject","inLanguage":"ga-IE","@id":"https:\/\/www.worldheritageireland.ie\/ga\/#\/schema\/logo\/image\/","url":"https:\/\/www.worldheritageireland.ie\/wp-content\/uploads\/2023\/07\/unesco_wh_in_Ireland_Blue_180_trans.png","contentUrl":"https:\/\/www.worldheritageireland.ie\/wp-content\/uploads\/2023\/07\/unesco_wh_in_Ireland_Blue_180_trans.png","width":181,"height":181,"caption":"Department of Housing, Local Government and Heritage"},"image":{"@id":"https:\/\/www.worldheritageireland.ie\/ga\/#\/schema\/logo\/image\/"},"sameAs":["https:\/\/www.facebook.com\/NationalMons\/","https:\/\/x.com\/NationalMons"]}]}},"spectra_custom_meta":{"_top_nav_excluded":[""],"_cms_nav_minihome":[""],"_wp_page_template":["default"],"_last_translation_edit_mode":["translation-editor"],"adv-header-id-meta":[""],"stick-header-meta":[""],"theme-transparent-header-meta":[""],"_yoast_wpseo_primary_category":[""],"_cmplz_scanned_post":["1"],"ast-site-content-layout":["default"],"related_links":["a:1:{i:0;s:0:\"\";}"],"_uag_page_assets":["a:9:{s:3:\"css\";s:0:\"\";s:2:\"js\";s:0:\"\";s:18:\"current_block_list\";a:16:{i:0;s:10:\"core\/group\";i:1;s:12:\"core\/heading\";i:2;s:14:\"core\/paragraph\";i:3;s:9:\"core\/file\";i:4;s:9:\"core\/list\";i:5;s:14:\"core\/list-item\";i:6;s:11:\"core\/search\";i:7;s:17:\"core\/latest-posts\";i:8;s:20:\"core\/latest-comments\";i:9;s:13:\"core\/archives\";i:10;s:15:\"core\/categories\";i:11;s:20:\"outermost\/icon-block\";i:12;s:12:\"core\/columns\";i:13;s:11:\"core\/column\";i:14;s:20:\"nextend\/smartslider3\";i:15;s:10:\"core\/image\";}s:8:\"uag_flag\";b:0;s:11:\"uag_version\";s:10:\"1776099092\";s:6:\"gfonts\";a:0:{}s:10:\"gfonts_url\";s:0:\"\";s:12:\"gfonts_files\";a:0:{}s:14:\"uag_faq_layout\";b:0;}"]},"uagb_featured_image_src":{"full":false,"thumbnail":false,"medium":false,"medium_large":false,"large":false,"gs-tiny":false,"xl":false,"xxl":false,"xxxl":false,"xxxxl":false,"xxxxxl":false,"1536x1536":false,"2048x2048":false},"uagb_author_info":{"display_name":"Ross Waters","author_link":"https:\/\/www.worldheritageireland.ie\/ga\/author\/rosswaters\/"},"uagb_comment_info":0,"uagb_excerpt":"Liosta Sealadach 1992 Chuir coiste Roinne inmhe\u00e1nach Liosta Sealadach 1992 i dtoll a ch\u00e9ile, tar \u00e9is pr\u00f3iseas comhairli\u00fach\u00e1in phoibl\u00ed a f\u00f3gra\u00edodh, a chuimsigh deich l\u00e1ithre\u00e1n cult\u00fartha agus n\u00e1d\u00fartha. Inscr\u00edobhadh dh\u00e1 l\u00e1ithre\u00e1n \u00f3n liosta sin ar Liosta Oidhreachta Domhanda \u00f3 sh\u00edn; Br\u00fa na B\u00f3inne \u2013 \u2018Coimpl\u00e9asc Seand\u00e1la\u00edochta L\u00fab na B\u00f3inne i 1993 agus Sceilg Mhich\u00edl i&hellip;","_links":{"self":[{"href":"https:\/\/www.worldheritageireland.ie\/ga\/wp-json\/wp\/v2\/pages\/2119","targetHints":{"allow":["GET"]}}],"collection":[{"href":"https:\/\/www.worldheritageireland.ie\/ga\/wp-json\/wp\/v2\/pages"}],"about":[{"href":"https:\/\/www.worldheritageireland.ie\/ga\/wp-json\/wp\/v2\/types\/page"}],"author":[{"embeddable":true,"href":"https:\/\/www.worldheritageireland.ie\/ga\/wp-json\/wp\/v2\/users\/5"}],"replies":[{"embeddable":true,"href":"https:\/\/www.worldheritageireland.ie\/ga\/wp-json\/wp\/v2\/comments?post=2119"}],"version-history":[{"count":7,"href":"https:\/\/www.worldheritageireland.ie\/ga\/wp-json\/wp\/v2\/pages\/2119\/revisions"}],"predecessor-version":[{"id":2784,"href":"https:\/\/www.worldheritageireland.ie\/ga\/wp-json\/wp\/v2\/pages\/2119\/revisions\/2784"}],"up":[{"embeddable":true,"href":"https:\/\/www.worldheritageireland.ie\/ga\/wp-json\/wp\/v2\/pages\/2112"}],"wp:attachment":[{"href":"https:\/\/www.worldheritageireland.ie\/ga\/wp-json\/wp\/v2\/media?parent=2119"}],"wp:term":[{"taxonomy":"category","embeddable":true,"href":"https:\/\/www.worldheritageireland.ie\/ga\/wp-json\/wp\/v2\/categories?post=2119"},{"taxonomy":"post_tag","embeddable":true,"href":"https:\/\/www.worldheritageireland.ie\/ga\/wp-json\/wp\/v2\/tags?post=2119"}],"curies":[{"name":"wp","href":"https:\/\/api.w.org\/{rel}","templated":true}]}}