{"id":2654,"date":"2023-07-27T15:13:54","date_gmt":"2023-07-27T14:13:54","guid":{"rendered":"https:\/\/www.worldheritageireland.ie\/bru-na-boinne-treithe-de-shar-luach-uilioch\/"},"modified":"2025-08-06T14:27:15","modified_gmt":"2025-08-06T13:27:15","slug":"bru-na-boinne-treithe-de-shar-luach-uilioch","status":"publish","type":"page","link":"https:\/\/www.worldheritageireland.ie\/ga\/readmhaoin-oidhreachta-domhanda\/bru-na-boinne-2\/bru-na-boinne-treithe-de-shar-luach-uilioch\/","title":{"rendered":"Br\u00fa na B\u00f3inne \u2013 Tr\u00e9ithe de Sh\u00e1r-Luach Uil\u00edoch"},"content":{"rendered":"\n<section class=\"inherit-container-width wp-block-group is-layout-constrained wp-block-group-is-layout-constrained\">\n<h1 class=\"wp-block-heading\">Br\u00fa na B\u00f3inne \u2013 Tr\u00e9ithe de Sh\u00e1r-Luach Uil\u00edoch<\/h1>\n\n\n\n<p>Cuireann tr\u00e9ithe an S\u00e1rluach Uil\u00edoch at\u00e1 ag Maoin Oidhreachta Domhanda in i\u00fal agus cumasa\u00edonn siad tuiscint ar an luach sin. Ba cheart do na tr\u00e9ithe sin a bheith ina bhf\u00f3cas do ghn\u00edomha\u00edochta\u00ed cosanta agus bainist\u00edochta<\/p>\n\n\n\n<h2 class=\"wp-block-heading\">T\u00edrdhreach<\/h2>\n\n\n\n<ol class=\"has-white-color has-text-color wp-block-list\">\n<li>1. T\u00edrdhreach fairsing adhlactha a bhfuil suntas deasghn\u00e1thach m\u00f3r ag baint leis ar chor na B\u00f3inne le l\u00edon m\u00f3r s\u00e9adchomhartha\u00ed s\u00f3isialta, geilleagracha agus adhlactha lena n-\u00e1ir\u00edtear 40+ tuama pas\u00e1iste<\/li>\n\n\n\n<li>2. Radhairc isteach sa mhaoin agus amach aisti<\/li>\n<\/ol>\n\n\n\n<h2 class=\"wp-block-heading\">Gn\u00e9ithe seand\u00e1la\u00edochta<\/h2>\n\n\n\n<ol start=\"3\" class=\"has-white-color has-text-color wp-block-list\">\n<li>3. Doimhneacht ama Bhr\u00fa na B\u00f3inne \u00f3n tr\u00e9imhse Neoiliteach go dt\u00ed tr\u00e9imhs\u00ed deiridh na me\u00e1naoise<\/li>\n\n\n\n<li>4. An l\u00e9iri\u00fa is fearr ar thuama\u00ed pas\u00e1iste san Eoraip r\u00e9amhstairi\u00fail<\/li>\n\n\n\n<li>5. An l\u00e9iri\u00fa is m\u00f3 agus is t\u00e1bhachta\u00ed ar eala\u00edn phlaisteach mheigiliteach r\u00e9amhstairi\u00fail<\/li>\n\n\n\n<li>6. Dearadh na dtuama\u00ed pas\u00e1iste i nd\u00e1il leis na sp\u00e9artha agus an r\u00e9alteola\u00edocht<\/li>\n\n\n\n<li>7. Na tr\u00ed dhumha adhlactha mh\u00f3ra, Cn\u00f3bha, S\u00ed an Bhr\u00fa agus Dubhadh, agus na l\u00e1ithreacha m\u00f3rthimpeall orthu<\/li>\n\n\n\n<li>8. Gr\u00fapa Chn\u00f3bha le h\u00fas\u00e1id \u00f3n tr\u00e9imhse Neoiliteach go dt\u00ed na tr\u00e9imhs\u00ed me\u00e1naois dh\u00e9anach, lena n-\u00e1ir\u00edtear tuama\u00ed pas\u00e1iste, imfh\u00e1luithe, l\u00e1ithreacha \u00e1it\u00edochta agus c\u00f3rais p\u00e1irce<\/li>\n\n\n\n<li>9. Gr\u00fapa su\u00edomhanna r\u00e9amhstairi\u00fala Sh\u00ed an Bhr\u00fa lena n-\u00e1ir\u00edtear tuama\u00ed pas\u00e1iste, heinse, cursas agus liagciorcal<\/li>\n\n\n\n<li>10. Gr\u00fapa su\u00edomhanna r\u00e9amhstairi\u00fala agus Iarannaoise, luath-Chr\u00edosta\u00ed agus luath-mhe\u00e1naoise Dhubhadh lena n-\u00e1ir\u00edtear an dumha adhlactha m\u00f3r, tuama\u00ed meigiliteacha, go leor tuama\u00ed adhlactha n\u00edos l\u00fa, heinse, gall\u00e1n, agus s\u00e9ip\u00e9al agus t\u00fartheach me\u00e1naoiseach<\/li>\n\n\n\n<li>11. L\u00e1ithreacha r\u00e9amhstairi\u00fala, Iarannaoise, luath-Chr\u00edosta\u00ed agus me\u00e1naoise eile scaipthe trasna an t\u00edrdhreacha<\/li>\n<\/ol>\n\n\n\n<h2 class=\"wp-block-heading\">Dobhraite<\/h2>\n\n\n\n<ol start=\"12\" class=\"has-white-color has-text-color wp-block-list\">\n<li>12. Cuid de cheantar a bhfuil an-chuid sc\u00e9alta faoi stair \u00e1rsa na h\u00c9ireann ag baint leis<\/li>\n\n\n\n<li>13. Atmaisf\u00e9ar an ionaid deasghn\u00e1tha<\/li>\n<\/ol>\n\n\n\n<p>Tabhair faoi deara gur cearta\u00edodh na hearr\u00e1id\u00ed sa R\u00e1iteas um Luach Uil\u00edoch Gan \u00cdoc do liosta na n-aitreab\u00faid\u00ed.<br\/><\/p>\n\n\n\n<p><strong><a href=\"https:\/\/www.worldheritageireland.ie\/wp-content\/uploads\/2023\/07\/Summary-of-the-Attributes-for-Irelands-two-existing-World-Heritage-Properties.pdf\">Clice\u00e1il anseo le haghaidh tuilleadh faisn\u00e9ise.<\/a><\/strong><\/p>\n<\/section>\n","protected":false},"excerpt":{"rendered":"<p>Br\u00fa na B\u00f3inne \u2013 Tr\u00e9ithe de Sh\u00e1r-Luach Uil\u00edoch Cuireann tr\u00e9ithe an S\u00e1rluach Uil\u00edoch at\u00e1 ag Maoin Oidhreachta Domhanda in i\u00fal agus cumasa\u00edonn siad tuiscint ar an luach sin. Ba cheart do na tr\u00e9ithe sin a bheith ina bhf\u00f3cas do ghn\u00edomha\u00edochta\u00ed cosanta agus bainist\u00edochta T\u00edrdhreach Gn\u00e9ithe seand\u00e1la\u00edochta Dobhraite Tabhair faoi deara gur cearta\u00edodh na hearr\u00e1id\u00ed sa [&hellip;]<\/p>\n","protected":false},"author":6,"featured_media":0,"parent":4957,"menu_order":0,"comment_status":"closed","ping_status":"closed","template":"","meta":{"_acf_changed":false,"_uag_custom_page_level_css":"","site-sidebar-layout":"default","site-content-layout":"","ast-site-content-layout":"default","site-content-style":"default","site-sidebar-style":"default","ast-global-header-display":"","ast-banner-title-visibility":"","ast-main-header-display":"","ast-hfb-above-header-display":"","ast-hfb-below-header-display":"","ast-hfb-mobile-header-display":"","site-post-title":"disabled","ast-breadcrumbs-content":"","ast-featured-img":"","footer-sml-layout":"","ast-disable-related-posts":"","theme-transparent-header-meta":"","adv-header-id-meta":"","stick-header-meta":"","header-above-stick-meta":"","header-main-stick-meta":"","header-below-stick-meta":"","astra-migrate-meta-layouts":"set","ast-page-background-enabled":"default","ast-page-background-meta":{"desktop":{"background-color":"var(--ast-global-color-4)","background-image":"","background-repeat":"repeat","background-position":"center center","background-size":"auto","background-attachment":"scroll","background-type":"","background-media":"","overlay-type":"","overlay-color":"","overlay-opacity":"","overlay-gradient":""},"tablet":{"background-color":"","background-image":"","background-repeat":"repeat","background-position":"center center","background-size":"auto","background-attachment":"scroll","background-type":"","background-media":"","overlay-type":"","overlay-color":"","overlay-opacity":"","overlay-gradient":""},"mobile":{"background-color":"","background-image":"","background-repeat":"repeat","background-position":"center center","background-size":"auto","background-attachment":"scroll","background-type":"","background-media":"","overlay-type":"","overlay-color":"","overlay-opacity":"","overlay-gradient":""}},"ast-content-background-meta":{"desktop":{"background-color":"var(--ast-global-color-5)","background-image":"","background-repeat":"repeat","background-position":"center center","background-size":"auto","background-attachment":"scroll","background-type":"","background-media":"","overlay-type":"","overlay-color":"","overlay-opacity":"","overlay-gradient":""},"tablet":{"background-color":"var(--ast-global-color-5)","background-image":"","background-repeat":"repeat","background-position":"center center","background-size":"auto","background-attachment":"scroll","background-type":"","background-media":"","overlay-type":"","overlay-color":"","overlay-opacity":"","overlay-gradient":""},"mobile":{"background-color":"var(--ast-global-color-5)","background-image":"","background-repeat":"repeat","background-position":"center center","background-size":"auto","background-attachment":"scroll","background-type":"","background-media":"","overlay-type":"","overlay-color":"","overlay-opacity":"","overlay-gradient":""}},"pgc_sgb_lightbox_settings":"","footnotes":""},"categories":[38,37],"tags":[],"class_list":["post-2654","page","type-page","status-publish","hentry","category-bru-na-boinne-ga","category-readmhaoin-oidhreacht-domhanda"],"acf":[],"yoast_head":"<!-- This site is optimized with the Yoast SEO plugin v27.3 - https:\/\/yoast.com\/product\/yoast-seo-wordpress\/ -->\n<title>Br\u00fa na B\u00f3inne \u2013 Tr\u00e9ithe de Sh\u00e1r-Luach Uil\u00edoch - Oidhreacht Dhomhanda na h\u00c9ireann<\/title>\n<meta name=\"robots\" content=\"index, follow, max-snippet:-1, max-image-preview:large, max-video-preview:-1\" \/>\n<link rel=\"canonical\" href=\"https:\/\/www.worldheritageireland.ie\/ga\/readmhaoin-oidhreachta-domhanda\/bru-na-boinne-2\/bru-na-boinne-treithe-de-shar-luach-uilioch\/\" \/>\n<meta property=\"og:locale\" content=\"ga_IE\" \/>\n<meta property=\"og:type\" content=\"article\" \/>\n<meta property=\"og:title\" content=\"Br\u00fa na B\u00f3inne \u2013 Tr\u00e9ithe de Sh\u00e1r-Luach Uil\u00edoch - Oidhreacht Dhomhanda na h\u00c9ireann\" \/>\n<meta property=\"og:description\" content=\"Br\u00fa na B\u00f3inne \u2013 Tr\u00e9ithe de Sh\u00e1r-Luach Uil\u00edoch Cuireann tr\u00e9ithe an S\u00e1rluach Uil\u00edoch at\u00e1 ag Maoin Oidhreachta Domhanda in i\u00fal agus cumasa\u00edonn siad tuiscint ar an luach sin. Ba cheart do na tr\u00e9ithe sin a bheith ina bhf\u00f3cas do ghn\u00edomha\u00edochta\u00ed cosanta agus bainist\u00edochta T\u00edrdhreach Gn\u00e9ithe seand\u00e1la\u00edochta Dobhraite Tabhair faoi deara gur cearta\u00edodh na hearr\u00e1id\u00ed sa [&hellip;]\" \/>\n<meta property=\"og:url\" content=\"https:\/\/www.worldheritageireland.ie\/ga\/readmhaoin-oidhreachta-domhanda\/bru-na-boinne-2\/bru-na-boinne-treithe-de-shar-luach-uilioch\/\" \/>\n<meta property=\"og:site_name\" content=\"Oidhreacht Dhomhanda na h\u00c9ireann\" \/>\n<meta property=\"article:publisher\" content=\"https:\/\/www.facebook.com\/NationalMons\/\" \/>\n<meta property=\"article:modified_time\" content=\"2025-08-06T13:27:15+00:00\" \/>\n<meta name=\"twitter:card\" content=\"summary_large_image\" \/>\n<meta name=\"twitter:site\" content=\"@NationalMons\" \/>\n<meta name=\"twitter:label1\" content=\"Est. reading time\" \/>\n\t<meta name=\"twitter:data1\" content=\"2 minutes\" \/>\n<script type=\"application\/ld+json\" class=\"yoast-schema-graph\">{\"@context\":\"https:\\\/\\\/schema.org\",\"@graph\":[{\"@type\":\"WebPage\",\"@id\":\"https:\\\/\\\/www.worldheritageireland.ie\\\/ga\\\/readmhaoin-oidhreachta-domhanda\\\/bru-na-boinne-2\\\/bru-na-boinne-treithe-de-shar-luach-uilioch\\\/\",\"url\":\"https:\\\/\\\/www.worldheritageireland.ie\\\/ga\\\/readmhaoin-oidhreachta-domhanda\\\/bru-na-boinne-2\\\/bru-na-boinne-treithe-de-shar-luach-uilioch\\\/\",\"name\":\"Br\u00fa na B\u00f3inne \u2013 Tr\u00e9ithe de Sh\u00e1r-Luach Uil\u00edoch - Oidhreacht Dhomhanda na h\u00c9ireann\",\"isPartOf\":{\"@id\":\"https:\\\/\\\/www.worldheritageireland.ie\\\/ga\\\/#website\"},\"datePublished\":\"2023-07-27T14:13:54+00:00\",\"dateModified\":\"2025-08-06T13:27:15+00:00\",\"breadcrumb\":{\"@id\":\"https:\\\/\\\/www.worldheritageireland.ie\\\/ga\\\/readmhaoin-oidhreachta-domhanda\\\/bru-na-boinne-2\\\/bru-na-boinne-treithe-de-shar-luach-uilioch\\\/#breadcrumb\"},\"inLanguage\":\"ga-IE\",\"potentialAction\":[{\"@type\":\"ReadAction\",\"target\":[\"https:\\\/\\\/www.worldheritageireland.ie\\\/ga\\\/readmhaoin-oidhreachta-domhanda\\\/bru-na-boinne-2\\\/bru-na-boinne-treithe-de-shar-luach-uilioch\\\/\"]}]},{\"@type\":\"BreadcrumbList\",\"@id\":\"https:\\\/\\\/www.worldheritageireland.ie\\\/ga\\\/readmhaoin-oidhreachta-domhanda\\\/bru-na-boinne-2\\\/bru-na-boinne-treithe-de-shar-luach-uilioch\\\/#breadcrumb\",\"itemListElement\":[{\"@type\":\"ListItem\",\"position\":1,\"name\":\"Home\",\"item\":\"https:\\\/\\\/www.worldheritageireland.ie\\\/ga\\\/\"},{\"@type\":\"ListItem\",\"position\":2,\"name\":\"R\u00e9admhaoin Oidhreachta Domhanda\",\"item\":\"https:\\\/\\\/www.worldheritageireland.ie\\\/ga\\\/readmhaoin-oidhreachta-domhanda\\\/\"},{\"@type\":\"ListItem\",\"position\":3,\"name\":\"Br\u00fa na B\u00f3inne\",\"item\":\"https:\\\/\\\/www.worldheritageireland.ie\\\/ga\\\/readmhaoin-oidhreachta-domhanda\\\/bru-na-boinne-2\\\/\"},{\"@type\":\"ListItem\",\"position\":4,\"name\":\"Br\u00fa na B\u00f3inne \u2013 Tr\u00e9ithe de Sh\u00e1r-Luach Uil\u00edoch\"}]},{\"@type\":\"WebSite\",\"@id\":\"https:\\\/\\\/www.worldheritageireland.ie\\\/ga\\\/#website\",\"url\":\"https:\\\/\\\/www.worldheritageireland.ie\\\/ga\\\/\",\"name\":\"Oidhreacht Dhomhanda na h\u00c9ireann\",\"description\":\"Ireland&#039;s Tentative World Heritage\",\"publisher\":{\"@id\":\"https:\\\/\\\/www.worldheritageireland.ie\\\/ga\\\/#organization\"},\"potentialAction\":[{\"@type\":\"SearchAction\",\"target\":{\"@type\":\"EntryPoint\",\"urlTemplate\":\"https:\\\/\\\/www.worldheritageireland.ie\\\/ga\\\/?s={search_term_string}\"},\"query-input\":{\"@type\":\"PropertyValueSpecification\",\"valueRequired\":true,\"valueName\":\"search_term_string\"}}],\"inLanguage\":\"ga-IE\"},{\"@type\":\"Organization\",\"@id\":\"https:\\\/\\\/www.worldheritageireland.ie\\\/ga\\\/#organization\",\"name\":\"Department of Housing, Local Government and Heritage\",\"url\":\"https:\\\/\\\/www.worldheritageireland.ie\\\/ga\\\/\",\"logo\":{\"@type\":\"ImageObject\",\"inLanguage\":\"ga-IE\",\"@id\":\"https:\\\/\\\/www.worldheritageireland.ie\\\/ga\\\/#\\\/schema\\\/logo\\\/image\\\/\",\"url\":\"https:\\\/\\\/www.worldheritageireland.ie\\\/wp-content\\\/uploads\\\/2023\\\/07\\\/unesco_wh_in_Ireland_Blue_180_trans.png\",\"contentUrl\":\"https:\\\/\\\/www.worldheritageireland.ie\\\/wp-content\\\/uploads\\\/2023\\\/07\\\/unesco_wh_in_Ireland_Blue_180_trans.png\",\"width\":181,\"height\":181,\"caption\":\"Department of Housing, Local Government and Heritage\"},\"image\":{\"@id\":\"https:\\\/\\\/www.worldheritageireland.ie\\\/ga\\\/#\\\/schema\\\/logo\\\/image\\\/\"},\"sameAs\":[\"https:\\\/\\\/www.facebook.com\\\/NationalMons\\\/\",\"https:\\\/\\\/x.com\\\/NationalMons\"]}]}<\/script>\n<!-- \/ Yoast SEO plugin. -->","yoast_head_json":{"title":"Br\u00fa na B\u00f3inne \u2013 Tr\u00e9ithe de Sh\u00e1r-Luach Uil\u00edoch - Oidhreacht Dhomhanda na h\u00c9ireann","robots":{"index":"index","follow":"follow","max-snippet":"max-snippet:-1","max-image-preview":"max-image-preview:large","max-video-preview":"max-video-preview:-1"},"canonical":"https:\/\/www.worldheritageireland.ie\/ga\/readmhaoin-oidhreachta-domhanda\/bru-na-boinne-2\/bru-na-boinne-treithe-de-shar-luach-uilioch\/","og_locale":"ga_IE","og_type":"article","og_title":"Br\u00fa na B\u00f3inne \u2013 Tr\u00e9ithe de Sh\u00e1r-Luach Uil\u00edoch - Oidhreacht Dhomhanda na h\u00c9ireann","og_description":"Br\u00fa na B\u00f3inne \u2013 Tr\u00e9ithe de Sh\u00e1r-Luach Uil\u00edoch Cuireann tr\u00e9ithe an S\u00e1rluach Uil\u00edoch at\u00e1 ag Maoin Oidhreachta Domhanda in i\u00fal agus cumasa\u00edonn siad tuiscint ar an luach sin. Ba cheart do na tr\u00e9ithe sin a bheith ina bhf\u00f3cas do ghn\u00edomha\u00edochta\u00ed cosanta agus bainist\u00edochta T\u00edrdhreach Gn\u00e9ithe seand\u00e1la\u00edochta Dobhraite Tabhair faoi deara gur cearta\u00edodh na hearr\u00e1id\u00ed sa [&hellip;]","og_url":"https:\/\/www.worldheritageireland.ie\/ga\/readmhaoin-oidhreachta-domhanda\/bru-na-boinne-2\/bru-na-boinne-treithe-de-shar-luach-uilioch\/","og_site_name":"Oidhreacht Dhomhanda na h\u00c9ireann","article_publisher":"https:\/\/www.facebook.com\/NationalMons\/","article_modified_time":"2025-08-06T13:27:15+00:00","twitter_card":"summary_large_image","twitter_site":"@NationalMons","twitter_misc":{"Est. reading time":"2 minutes"},"schema":{"@context":"https:\/\/schema.org","@graph":[{"@type":"WebPage","@id":"https:\/\/www.worldheritageireland.ie\/ga\/readmhaoin-oidhreachta-domhanda\/bru-na-boinne-2\/bru-na-boinne-treithe-de-shar-luach-uilioch\/","url":"https:\/\/www.worldheritageireland.ie\/ga\/readmhaoin-oidhreachta-domhanda\/bru-na-boinne-2\/bru-na-boinne-treithe-de-shar-luach-uilioch\/","name":"Br\u00fa na B\u00f3inne \u2013 Tr\u00e9ithe de Sh\u00e1r-Luach Uil\u00edoch - Oidhreacht Dhomhanda na h\u00c9ireann","isPartOf":{"@id":"https:\/\/www.worldheritageireland.ie\/ga\/#website"},"datePublished":"2023-07-27T14:13:54+00:00","dateModified":"2025-08-06T13:27:15+00:00","breadcrumb":{"@id":"https:\/\/www.worldheritageireland.ie\/ga\/readmhaoin-oidhreachta-domhanda\/bru-na-boinne-2\/bru-na-boinne-treithe-de-shar-luach-uilioch\/#breadcrumb"},"inLanguage":"ga-IE","potentialAction":[{"@type":"ReadAction","target":["https:\/\/www.worldheritageireland.ie\/ga\/readmhaoin-oidhreachta-domhanda\/bru-na-boinne-2\/bru-na-boinne-treithe-de-shar-luach-uilioch\/"]}]},{"@type":"BreadcrumbList","@id":"https:\/\/www.worldheritageireland.ie\/ga\/readmhaoin-oidhreachta-domhanda\/bru-na-boinne-2\/bru-na-boinne-treithe-de-shar-luach-uilioch\/#breadcrumb","itemListElement":[{"@type":"ListItem","position":1,"name":"Home","item":"https:\/\/www.worldheritageireland.ie\/ga\/"},{"@type":"ListItem","position":2,"name":"R\u00e9admhaoin Oidhreachta Domhanda","item":"https:\/\/www.worldheritageireland.ie\/ga\/readmhaoin-oidhreachta-domhanda\/"},{"@type":"ListItem","position":3,"name":"Br\u00fa na B\u00f3inne","item":"https:\/\/www.worldheritageireland.ie\/ga\/readmhaoin-oidhreachta-domhanda\/bru-na-boinne-2\/"},{"@type":"ListItem","position":4,"name":"Br\u00fa na B\u00f3inne \u2013 Tr\u00e9ithe de Sh\u00e1r-Luach Uil\u00edoch"}]},{"@type":"WebSite","@id":"https:\/\/www.worldheritageireland.ie\/ga\/#website","url":"https:\/\/www.worldheritageireland.ie\/ga\/","name":"Oidhreacht Dhomhanda na h\u00c9ireann","description":"Ireland&#039;s Tentative World Heritage","publisher":{"@id":"https:\/\/www.worldheritageireland.ie\/ga\/#organization"},"potentialAction":[{"@type":"SearchAction","target":{"@type":"EntryPoint","urlTemplate":"https:\/\/www.worldheritageireland.ie\/ga\/?s={search_term_string}"},"query-input":{"@type":"PropertyValueSpecification","valueRequired":true,"valueName":"search_term_string"}}],"inLanguage":"ga-IE"},{"@type":"Organization","@id":"https:\/\/www.worldheritageireland.ie\/ga\/#organization","name":"Department of Housing, Local Government and Heritage","url":"https:\/\/www.worldheritageireland.ie\/ga\/","logo":{"@type":"ImageObject","inLanguage":"ga-IE","@id":"https:\/\/www.worldheritageireland.ie\/ga\/#\/schema\/logo\/image\/","url":"https:\/\/www.worldheritageireland.ie\/wp-content\/uploads\/2023\/07\/unesco_wh_in_Ireland_Blue_180_trans.png","contentUrl":"https:\/\/www.worldheritageireland.ie\/wp-content\/uploads\/2023\/07\/unesco_wh_in_Ireland_Blue_180_trans.png","width":181,"height":181,"caption":"Department of Housing, Local Government and Heritage"},"image":{"@id":"https:\/\/www.worldheritageireland.ie\/ga\/#\/schema\/logo\/image\/"},"sameAs":["https:\/\/www.facebook.com\/NationalMons\/","https:\/\/x.com\/NationalMons"]}]}},"spectra_custom_meta":{"adv-header-id-meta":[""],"stick-header-meta":[""],"theme-transparent-header-meta":[""],"_top_nav_excluded":[""],"_cms_nav_minihome":[""],"_last_translation_edit_mode":["translation-editor"],"_wp_page_template":["default"],"site-post-title":["disabled"],"_edit_lock":["1754486346:1"],"_edit_last":["11"],"cmplz_hide_cookiebanner":[""],"_yoast_wpseo_content_score":["90"],"_yoast_wpseo_estimated-reading-time-minutes":["2"],"_yoast_wpseo_wordproof_timestamp":[""],"footnotes":[""],"_uag_custom_page_level_css":[""],"ast-site-content-layout":["default"],"astra-migrate-meta-layouts":["set"],"_wpml_media_duplicate":["1"],"_wpml_media_featured":["1"],"_cmplz_remote_scanned_post":["1"],"_cmplz_scanned_post":["1"],"related_links":["a:1:{i:0;s:0:\"\";}"],"_yoast_wpseo_primary_category":["26"],"_wpml_word_count":["365"],"_uag_page_assets":["a:9:{s:3:\"css\";s:0:\"\";s:2:\"js\";s:0:\"\";s:18:\"current_block_list\";a:15:{i:0;s:10:\"core\/group\";i:1;s:12:\"core\/heading\";i:2;s:14:\"core\/paragraph\";i:3;s:9:\"core\/list\";i:4;s:14:\"core\/list-item\";i:5;s:11:\"core\/search\";i:6;s:17:\"core\/latest-posts\";i:7;s:20:\"core\/latest-comments\";i:8;s:13:\"core\/archives\";i:9;s:15:\"core\/categories\";i:10;s:20:\"outermost\/icon-block\";i:11;s:12:\"core\/columns\";i:12;s:11:\"core\/column\";i:13;s:20:\"nextend\/smartslider3\";i:14;s:10:\"core\/image\";}s:8:\"uag_flag\";b:0;s:11:\"uag_version\";s:10:\"1775052773\";s:6:\"gfonts\";a:0:{}s:10:\"gfonts_url\";s:0:\"\";s:12:\"gfonts_files\";a:0:{}s:14:\"uag_faq_layout\";b:0;}"]},"uagb_featured_image_src":{"full":false,"thumbnail":false,"medium":false,"medium_large":false,"large":false,"gs-tiny":false,"xl":false,"xxl":false,"xxxl":false,"xxxxl":false,"xxxxxl":false,"1536x1536":false,"2048x2048":false},"uagb_author_info":{"display_name":"John Joe Healy","author_link":"https:\/\/www.worldheritageireland.ie\/ga\/author\/johnjoe\/"},"uagb_comment_info":0,"uagb_excerpt":"Br\u00fa na B\u00f3inne \u2013 Tr\u00e9ithe de Sh\u00e1r-Luach Uil\u00edoch Cuireann tr\u00e9ithe an S\u00e1rluach Uil\u00edoch at\u00e1 ag Maoin Oidhreachta Domhanda in i\u00fal agus cumasa\u00edonn siad tuiscint ar an luach sin. Ba cheart do na tr\u00e9ithe sin a bheith ina bhf\u00f3cas do ghn\u00edomha\u00edochta\u00ed cosanta agus bainist\u00edochta T\u00edrdhreach Gn\u00e9ithe seand\u00e1la\u00edochta Dobhraite Tabhair faoi deara gur cearta\u00edodh na hearr\u00e1id\u00ed sa&hellip;","_links":{"self":[{"href":"https:\/\/www.worldheritageireland.ie\/ga\/wp-json\/wp\/v2\/pages\/2654","targetHints":{"allow":["GET"]}}],"collection":[{"href":"https:\/\/www.worldheritageireland.ie\/ga\/wp-json\/wp\/v2\/pages"}],"about":[{"href":"https:\/\/www.worldheritageireland.ie\/ga\/wp-json\/wp\/v2\/types\/page"}],"author":[{"embeddable":true,"href":"https:\/\/www.worldheritageireland.ie\/ga\/wp-json\/wp\/v2\/users\/6"}],"replies":[{"embeddable":true,"href":"https:\/\/www.worldheritageireland.ie\/ga\/wp-json\/wp\/v2\/comments?post=2654"}],"version-history":[{"count":11,"href":"https:\/\/www.worldheritageireland.ie\/ga\/wp-json\/wp\/v2\/pages\/2654\/revisions"}],"predecessor-version":[{"id":5381,"href":"https:\/\/www.worldheritageireland.ie\/ga\/wp-json\/wp\/v2\/pages\/2654\/revisions\/5381"}],"up":[{"embeddable":true,"href":"https:\/\/www.worldheritageireland.ie\/ga\/wp-json\/wp\/v2\/pages\/4957"}],"wp:attachment":[{"href":"https:\/\/www.worldheritageireland.ie\/ga\/wp-json\/wp\/v2\/media?parent=2654"}],"wp:term":[{"taxonomy":"category","embeddable":true,"href":"https:\/\/www.worldheritageireland.ie\/ga\/wp-json\/wp\/v2\/categories?post=2654"},{"taxonomy":"post_tag","embeddable":true,"href":"https:\/\/www.worldheritageireland.ie\/ga\/wp-json\/wp\/v2\/tags?post=2654"}],"curies":[{"name":"wp","href":"https:\/\/api.w.org\/{rel}","templated":true}]}}