{"id":2662,"date":"2023-07-28T12:19:07","date_gmt":"2023-07-28T11:19:07","guid":{"rendered":"https:\/\/www.worldheritageireland.ie\/sceilg-mhichil-treithe-de-shar-luach-uilioch\/"},"modified":"2025-08-06T14:49:37","modified_gmt":"2025-08-06T13:49:37","slug":"sceilg-mhichil-treithe-de-shar-luach-uilioch","status":"publish","type":"page","link":"https:\/\/www.worldheritageireland.ie\/ga\/readmhaoin-oidhreachta-domhanda\/sceilg-mhichil-2\/sceilg-mhichil-treithe-de-shar-luach-uilioch\/","title":{"rendered":"Sceilg Mhich\u00edl \u2013 Tr\u00e9ithe de Sh\u00e1r-Luach Uil\u00edoch"},"content":{"rendered":"\n<section class=\"inherit-container-width wp-block-group is-layout-constrained wp-block-group-is-layout-constrained\">\n<h1 class=\"wp-block-heading\">Sceilg Mhich\u00edl \u2013 Tr\u00e9ithe de Sh\u00e1r-Luach Uil\u00edoch<\/h1>\n\n\n\n<p>Cuireann tr\u00e9ithe an S\u00e1rluach Uil\u00edoch at\u00e1 ag Maoin Oidhreachta Domhanda in i\u00fal agus cumasa\u00edonn siad tuiscint ar an luach sin. Ba cheart do na tr\u00e9ithe sin a bheith ina bhf\u00f3cas do ghn\u00edomha\u00edochta\u00ed cosanta agus bainist\u00edochta<\/p>\n\n\n\n<h2 class=\"wp-block-heading\">T\u00edrdhreach<\/h2>\n\n\n\n<ol class=\"wp-block-list\">\n<li>An su\u00edomh is \u00e1ille de na mainistreacha oile\u00e1in luath-mhe\u00e1naoiseacha ar fad i su\u00edomh mara iarg\u00falta agus dr\u00e1mat\u00fail, suite d\u2019aon ghn\u00f3 ar charraig phirimideach san aig\u00e9an<\/li>\n\n\n\n<li>Topagrafa\u00edocht agus radharcra dr\u00e1mat\u00fail an oile\u00e1in le Gleann Chr\u00edost 130 m os cionn leibh\u00e9al na farraige agus na beanna Thuaidh agus Theas<\/li>\n\n\n\n<li>Comhth\u00e1th\u00fa laistigh de th\u00edrdhreach na bpr\u00edomh-mhainistreach iarsma\u00ed ar an tseilf f\u00e1na ar an taobh thoir thuaidh den oile\u00e1n agus den d\u00edseart ar l\u00e9ibhinn caol d\u00edreach faoi bhun na Binn Theas laistigh de th\u00edrdhreach an oile\u00e1in<\/li>\n<\/ol>\n\n\n\n<h2 class=\"wp-block-heading\">Seand\u00e1la\u00edochta\/ailtireachta\/gn\u00e9ithe strucht\u00faracha\/c\u00e1il\u00edochta\u00ed<\/h2>\n\n\n\n<ol class=\"wp-block-list\" start=\"4\">\n<li>Sampla den scoth de lonna\u00edocht mhainistreach luath-mhe\u00e1naoiseach at\u00e1 caomhnaithe go foirfe lena n-\u00e1ir\u00edtear point\u00ed tuirlingthe, c\u00e9imeanna a eitilt, sraitheadh, ceapacha le haghaidh t\u00e1irgeadh bia, limist\u00e9ir ph\u00e1bh\u00e1ilte, sp\u00e1sanna maireacht\u00e1la, foirgnimh le haghaidh adhartha<\/li>\n\n\n\n<li>Ailtireacht dh\u00fachasach chloiche shl\u00e1n na m\u00edlaoise seo caite, a dhoicim\u00e9ada\u00edonn go saini\u00fail \u00e9abhl\u00f3id na dteicn\u00edc\u00ed saoirseachta cloiche tirime<\/li>\n\n\n\n<li>ithe\/c\u00e1il\u00edochta\u00ed ailtireachta\/strucht\u00faracha<\/li>\n<\/ol>\n\n\n\n<h2 class=\"wp-block-heading\">Dobhraite<\/h2>\n\n\n\n<ol class=\"wp-block-list\" start=\"7\">\n<li>Siombail de leathadh na Cr\u00edosta\u00edochta agus na litearthachta at\u00e1 ag teacht chun cinn ar fud an domhain, ag l\u00e9iri\u00fa foircneacha na mainistreach luath-Chr\u00edosta\u00ed<\/li>\n\n\n\n<li>8. Braistint l\u00e1idir spiorad\u00e1ltachta a eascra\u00edonn as l\u00e1ithreacht fhada na manach ar an oile\u00e1n agus as sl\u00e1ine amhairc-aeist\u00e9iti\u00fail an l\u00e1ithre\u00e1in aitheanta seo a choinne\u00e1il<\/li>\n<\/ol>\n\n\n\n<h2 class=\"wp-block-heading\">D\u00falra<\/h2>\n\n\n\n<ol class=\"wp-block-list\" start=\"9\">\n<li>Ceann de na su\u00edomhanna is t\u00e1bhachta\u00ed in \u00c9irinn chun \u00e9anlaith mhara a ph\u00f3r\u00fa<\/li>\n<\/ol>\n\n\n\n<p><strong><a href=\"https:\/\/www.worldheritageireland.ie\/wp-content\/uploads\/2023\/07\/Summary-of-the-Attributes-for-Irelands-two-existing-World-Heritage-Properties.pdf\">Clice\u00e1il anseo le haghaidh tuilleadh faisn\u00e9ise.<\/a><\/strong><\/p>\n<\/section>\n","protected":false},"excerpt":{"rendered":"<p>Sceilg Mhich\u00edl \u2013 Tr\u00e9ithe de Sh\u00e1r-Luach Uil\u00edoch Cuireann tr\u00e9ithe an S\u00e1rluach Uil\u00edoch at\u00e1 ag Maoin Oidhreachta Domhanda in i\u00fal agus cumasa\u00edonn siad tuiscint ar an luach sin. Ba cheart do na tr\u00e9ithe sin a bheith ina bhf\u00f3cas do ghn\u00edomha\u00edochta\u00ed cosanta agus bainist\u00edochta T\u00edrdhreach Seand\u00e1la\u00edochta\/ailtireachta\/gn\u00e9ithe strucht\u00faracha\/c\u00e1il\u00edochta\u00ed Dobhraite D\u00falra Clice\u00e1il anseo le haghaidh tuilleadh faisn\u00e9ise.<\/p>\n","protected":false},"author":6,"featured_media":912,"parent":4961,"menu_order":0,"comment_status":"closed","ping_status":"closed","template":"","meta":{"_acf_changed":false,"_uag_custom_page_level_css":"","site-sidebar-layout":"default","site-content-layout":"","ast-site-content-layout":"default","site-content-style":"default","site-sidebar-style":"default","ast-global-header-display":"","ast-banner-title-visibility":"","ast-main-header-display":"","ast-hfb-above-header-display":"","ast-hfb-below-header-display":"","ast-hfb-mobile-header-display":"","site-post-title":"","ast-breadcrumbs-content":"","ast-featured-img":"","footer-sml-layout":"","ast-disable-related-posts":"","theme-transparent-header-meta":"","adv-header-id-meta":"","stick-header-meta":"","header-above-stick-meta":"","header-main-stick-meta":"","header-below-stick-meta":"","astra-migrate-meta-layouts":"set","ast-page-background-enabled":"default","ast-page-background-meta":{"desktop":{"background-color":"var(--ast-global-color-4)","background-image":"","background-repeat":"repeat","background-position":"center center","background-size":"auto","background-attachment":"scroll","background-type":"","background-media":"","overlay-type":"","overlay-color":"","overlay-opacity":"","overlay-gradient":""},"tablet":{"background-color":"","background-image":"","background-repeat":"repeat","background-position":"center center","background-size":"auto","background-attachment":"scroll","background-type":"","background-media":"","overlay-type":"","overlay-color":"","overlay-opacity":"","overlay-gradient":""},"mobile":{"background-color":"","background-image":"","background-repeat":"repeat","background-position":"center center","background-size":"auto","background-attachment":"scroll","background-type":"","background-media":"","overlay-type":"","overlay-color":"","overlay-opacity":"","overlay-gradient":""}},"ast-content-background-meta":{"desktop":{"background-color":"var(--ast-global-color-5)","background-image":"","background-repeat":"repeat","background-position":"center center","background-size":"auto","background-attachment":"scroll","background-type":"","background-media":"","overlay-type":"","overlay-color":"","overlay-opacity":"","overlay-gradient":""},"tablet":{"background-color":"var(--ast-global-color-5)","background-image":"","background-repeat":"repeat","background-position":"center center","background-size":"auto","background-attachment":"scroll","background-type":"","background-media":"","overlay-type":"","overlay-color":"","overlay-opacity":"","overlay-gradient":""},"mobile":{"background-color":"var(--ast-global-color-5)","background-image":"","background-repeat":"repeat","background-position":"center center","background-size":"auto","background-attachment":"scroll","background-type":"","background-media":"","overlay-type":"","overlay-color":"","overlay-opacity":"","overlay-gradient":""}},"pgc_sgb_lightbox_settings":"","footnotes":""},"categories":[37,39,49],"tags":[],"class_list":["post-2662","page","type-page","status-publish","has-post-thumbnail","hentry","category-readmhaoin-oidhreacht-domhanda","category-sceilg-mhichil","category-tirdhreach"],"acf":[],"yoast_head":"<!-- This site is optimized with the Yoast SEO plugin v27.3 - https:\/\/yoast.com\/product\/yoast-seo-wordpress\/ -->\n<title>Sceilg Mhich\u00edl \u2013 Tr\u00e9ithe de Sh\u00e1r-Luach Uil\u00edoch - Oidhreacht Dhomhanda na h\u00c9ireann<\/title>\n<meta name=\"robots\" content=\"index, follow, max-snippet:-1, max-image-preview:large, max-video-preview:-1\" \/>\n<link rel=\"canonical\" href=\"https:\/\/www.worldheritageireland.ie\/ga\/readmhaoin-oidhreachta-domhanda\/sceilg-mhichil-2\/sceilg-mhichil-treithe-de-shar-luach-uilioch\/\" \/>\n<meta property=\"og:locale\" content=\"ga_IE\" \/>\n<meta property=\"og:type\" content=\"article\" \/>\n<meta property=\"og:title\" content=\"Sceilg Mhich\u00edl \u2013 Tr\u00e9ithe de Sh\u00e1r-Luach Uil\u00edoch - Oidhreacht Dhomhanda na h\u00c9ireann\" \/>\n<meta property=\"og:description\" content=\"Sceilg Mhich\u00edl \u2013 Tr\u00e9ithe de Sh\u00e1r-Luach Uil\u00edoch Cuireann tr\u00e9ithe an S\u00e1rluach Uil\u00edoch at\u00e1 ag Maoin Oidhreachta Domhanda in i\u00fal agus cumasa\u00edonn siad tuiscint ar an luach sin. Ba cheart do na tr\u00e9ithe sin a bheith ina bhf\u00f3cas do ghn\u00edomha\u00edochta\u00ed cosanta agus bainist\u00edochta T\u00edrdhreach Seand\u00e1la\u00edochta\/ailtireachta\/gn\u00e9ithe strucht\u00faracha\/c\u00e1il\u00edochta\u00ed Dobhraite D\u00falra Clice\u00e1il anseo le haghaidh tuilleadh faisn\u00e9ise.\" \/>\n<meta property=\"og:url\" content=\"https:\/\/www.worldheritageireland.ie\/ga\/readmhaoin-oidhreachta-domhanda\/sceilg-mhichil-2\/sceilg-mhichil-treithe-de-shar-luach-uilioch\/\" \/>\n<meta property=\"og:site_name\" content=\"Oidhreacht Dhomhanda na h\u00c9ireann\" \/>\n<meta property=\"article:publisher\" content=\"https:\/\/www.facebook.com\/NationalMons\/\" \/>\n<meta property=\"article:modified_time\" content=\"2025-08-06T13:49:37+00:00\" \/>\n<meta property=\"og:image\" content=\"https:\/\/www.worldheritageireland.ie\/wp-content\/uploads\/2022\/05\/060615_Skellig_Michael_002_02.jpg\" \/>\n\t<meta property=\"og:image:width\" content=\"600\" \/>\n\t<meta property=\"og:image:height\" content=\"405\" \/>\n\t<meta property=\"og:image:type\" content=\"image\/jpeg\" \/>\n<meta name=\"twitter:card\" content=\"summary_large_image\" \/>\n<meta name=\"twitter:site\" content=\"@NationalMons\" \/>\n<meta name=\"twitter:label1\" content=\"Est. reading time\" \/>\n\t<meta name=\"twitter:data1\" content=\"2 minutes\" \/>\n<script type=\"application\/ld+json\" class=\"yoast-schema-graph\">{\"@context\":\"https:\\\/\\\/schema.org\",\"@graph\":[{\"@type\":\"WebPage\",\"@id\":\"https:\\\/\\\/www.worldheritageireland.ie\\\/ga\\\/readmhaoin-oidhreachta-domhanda\\\/sceilg-mhichil-2\\\/sceilg-mhichil-treithe-de-shar-luach-uilioch\\\/\",\"url\":\"https:\\\/\\\/www.worldheritageireland.ie\\\/ga\\\/readmhaoin-oidhreachta-domhanda\\\/sceilg-mhichil-2\\\/sceilg-mhichil-treithe-de-shar-luach-uilioch\\\/\",\"name\":\"Sceilg Mhich\u00edl \u2013 Tr\u00e9ithe de Sh\u00e1r-Luach Uil\u00edoch - Oidhreacht Dhomhanda na h\u00c9ireann\",\"isPartOf\":{\"@id\":\"https:\\\/\\\/www.worldheritageireland.ie\\\/ga\\\/#website\"},\"primaryImageOfPage\":{\"@id\":\"https:\\\/\\\/www.worldheritageireland.ie\\\/ga\\\/readmhaoin-oidhreachta-domhanda\\\/sceilg-mhichil-2\\\/sceilg-mhichil-treithe-de-shar-luach-uilioch\\\/#primaryimage\"},\"image\":{\"@id\":\"https:\\\/\\\/www.worldheritageireland.ie\\\/ga\\\/readmhaoin-oidhreachta-domhanda\\\/sceilg-mhichil-2\\\/sceilg-mhichil-treithe-de-shar-luach-uilioch\\\/#primaryimage\"},\"thumbnailUrl\":\"https:\\\/\\\/www.worldheritageireland.ie\\\/wp-content\\\/uploads\\\/2022\\\/05\\\/060615_Skellig_Michael_002_02.jpg\",\"datePublished\":\"2023-07-28T11:19:07+00:00\",\"dateModified\":\"2025-08-06T13:49:37+00:00\",\"breadcrumb\":{\"@id\":\"https:\\\/\\\/www.worldheritageireland.ie\\\/ga\\\/readmhaoin-oidhreachta-domhanda\\\/sceilg-mhichil-2\\\/sceilg-mhichil-treithe-de-shar-luach-uilioch\\\/#breadcrumb\"},\"inLanguage\":\"ga-IE\",\"potentialAction\":[{\"@type\":\"ReadAction\",\"target\":[\"https:\\\/\\\/www.worldheritageireland.ie\\\/ga\\\/readmhaoin-oidhreachta-domhanda\\\/sceilg-mhichil-2\\\/sceilg-mhichil-treithe-de-shar-luach-uilioch\\\/\"]}]},{\"@type\":\"ImageObject\",\"inLanguage\":\"ga-IE\",\"@id\":\"https:\\\/\\\/www.worldheritageireland.ie\\\/ga\\\/readmhaoin-oidhreachta-domhanda\\\/sceilg-mhichil-2\\\/sceilg-mhichil-treithe-de-shar-luach-uilioch\\\/#primaryimage\",\"url\":\"https:\\\/\\\/www.worldheritageireland.ie\\\/wp-content\\\/uploads\\\/2022\\\/05\\\/060615_Skellig_Michael_002_02.jpg\",\"contentUrl\":\"https:\\\/\\\/www.worldheritageireland.ie\\\/wp-content\\\/uploads\\\/2022\\\/05\\\/060615_Skellig_Michael_002_02.jpg\",\"width\":600,\"height\":405,\"caption\":\"Skellig Michael, Co. Kerry, Ireland\"},{\"@type\":\"BreadcrumbList\",\"@id\":\"https:\\\/\\\/www.worldheritageireland.ie\\\/ga\\\/readmhaoin-oidhreachta-domhanda\\\/sceilg-mhichil-2\\\/sceilg-mhichil-treithe-de-shar-luach-uilioch\\\/#breadcrumb\",\"itemListElement\":[{\"@type\":\"ListItem\",\"position\":1,\"name\":\"Home\",\"item\":\"https:\\\/\\\/www.worldheritageireland.ie\\\/ga\\\/\"},{\"@type\":\"ListItem\",\"position\":2,\"name\":\"R\u00e9admhaoin Oidhreachta Domhanda\",\"item\":\"https:\\\/\\\/www.worldheritageireland.ie\\\/ga\\\/readmhaoin-oidhreachta-domhanda\\\/\"},{\"@type\":\"ListItem\",\"position\":3,\"name\":\"Sceilg Mhich\u00edl\",\"item\":\"https:\\\/\\\/www.worldheritageireland.ie\\\/ga\\\/readmhaoin-oidhreachta-domhanda\\\/sceilg-mhichil-2\\\/\"},{\"@type\":\"ListItem\",\"position\":4,\"name\":\"Sceilg Mhich\u00edl \u2013 Tr\u00e9ithe de Sh\u00e1r-Luach Uil\u00edoch\"}]},{\"@type\":\"WebSite\",\"@id\":\"https:\\\/\\\/www.worldheritageireland.ie\\\/ga\\\/#website\",\"url\":\"https:\\\/\\\/www.worldheritageireland.ie\\\/ga\\\/\",\"name\":\"Oidhreacht Dhomhanda na h\u00c9ireann\",\"description\":\"Ireland&#039;s Tentative World Heritage\",\"publisher\":{\"@id\":\"https:\\\/\\\/www.worldheritageireland.ie\\\/ga\\\/#organization\"},\"potentialAction\":[{\"@type\":\"SearchAction\",\"target\":{\"@type\":\"EntryPoint\",\"urlTemplate\":\"https:\\\/\\\/www.worldheritageireland.ie\\\/ga\\\/?s={search_term_string}\"},\"query-input\":{\"@type\":\"PropertyValueSpecification\",\"valueRequired\":true,\"valueName\":\"search_term_string\"}}],\"inLanguage\":\"ga-IE\"},{\"@type\":\"Organization\",\"@id\":\"https:\\\/\\\/www.worldheritageireland.ie\\\/ga\\\/#organization\",\"name\":\"Department of Housing, Local Government and Heritage\",\"url\":\"https:\\\/\\\/www.worldheritageireland.ie\\\/ga\\\/\",\"logo\":{\"@type\":\"ImageObject\",\"inLanguage\":\"ga-IE\",\"@id\":\"https:\\\/\\\/www.worldheritageireland.ie\\\/ga\\\/#\\\/schema\\\/logo\\\/image\\\/\",\"url\":\"https:\\\/\\\/www.worldheritageireland.ie\\\/wp-content\\\/uploads\\\/2023\\\/07\\\/unesco_wh_in_Ireland_Blue_180_trans.png\",\"contentUrl\":\"https:\\\/\\\/www.worldheritageireland.ie\\\/wp-content\\\/uploads\\\/2023\\\/07\\\/unesco_wh_in_Ireland_Blue_180_trans.png\",\"width\":181,\"height\":181,\"caption\":\"Department of Housing, Local Government and Heritage\"},\"image\":{\"@id\":\"https:\\\/\\\/www.worldheritageireland.ie\\\/ga\\\/#\\\/schema\\\/logo\\\/image\\\/\"},\"sameAs\":[\"https:\\\/\\\/www.facebook.com\\\/NationalMons\\\/\",\"https:\\\/\\\/x.com\\\/NationalMons\"]}]}<\/script>\n<!-- \/ Yoast SEO plugin. -->","yoast_head_json":{"title":"Sceilg Mhich\u00edl \u2013 Tr\u00e9ithe de Sh\u00e1r-Luach Uil\u00edoch - Oidhreacht Dhomhanda na h\u00c9ireann","robots":{"index":"index","follow":"follow","max-snippet":"max-snippet:-1","max-image-preview":"max-image-preview:large","max-video-preview":"max-video-preview:-1"},"canonical":"https:\/\/www.worldheritageireland.ie\/ga\/readmhaoin-oidhreachta-domhanda\/sceilg-mhichil-2\/sceilg-mhichil-treithe-de-shar-luach-uilioch\/","og_locale":"ga_IE","og_type":"article","og_title":"Sceilg Mhich\u00edl \u2013 Tr\u00e9ithe de Sh\u00e1r-Luach Uil\u00edoch - Oidhreacht Dhomhanda na h\u00c9ireann","og_description":"Sceilg Mhich\u00edl \u2013 Tr\u00e9ithe de Sh\u00e1r-Luach Uil\u00edoch Cuireann tr\u00e9ithe an S\u00e1rluach Uil\u00edoch at\u00e1 ag Maoin Oidhreachta Domhanda in i\u00fal agus cumasa\u00edonn siad tuiscint ar an luach sin. Ba cheart do na tr\u00e9ithe sin a bheith ina bhf\u00f3cas do ghn\u00edomha\u00edochta\u00ed cosanta agus bainist\u00edochta T\u00edrdhreach Seand\u00e1la\u00edochta\/ailtireachta\/gn\u00e9ithe strucht\u00faracha\/c\u00e1il\u00edochta\u00ed Dobhraite D\u00falra Clice\u00e1il anseo le haghaidh tuilleadh faisn\u00e9ise.","og_url":"https:\/\/www.worldheritageireland.ie\/ga\/readmhaoin-oidhreachta-domhanda\/sceilg-mhichil-2\/sceilg-mhichil-treithe-de-shar-luach-uilioch\/","og_site_name":"Oidhreacht Dhomhanda na h\u00c9ireann","article_publisher":"https:\/\/www.facebook.com\/NationalMons\/","article_modified_time":"2025-08-06T13:49:37+00:00","og_image":[{"width":600,"height":405,"url":"https:\/\/www.worldheritageireland.ie\/wp-content\/uploads\/2022\/05\/060615_Skellig_Michael_002_02.jpg","type":"image\/jpeg"}],"twitter_card":"summary_large_image","twitter_site":"@NationalMons","twitter_misc":{"Est. reading time":"2 minutes"},"schema":{"@context":"https:\/\/schema.org","@graph":[{"@type":"WebPage","@id":"https:\/\/www.worldheritageireland.ie\/ga\/readmhaoin-oidhreachta-domhanda\/sceilg-mhichil-2\/sceilg-mhichil-treithe-de-shar-luach-uilioch\/","url":"https:\/\/www.worldheritageireland.ie\/ga\/readmhaoin-oidhreachta-domhanda\/sceilg-mhichil-2\/sceilg-mhichil-treithe-de-shar-luach-uilioch\/","name":"Sceilg Mhich\u00edl \u2013 Tr\u00e9ithe de Sh\u00e1r-Luach Uil\u00edoch - Oidhreacht Dhomhanda na h\u00c9ireann","isPartOf":{"@id":"https:\/\/www.worldheritageireland.ie\/ga\/#website"},"primaryImageOfPage":{"@id":"https:\/\/www.worldheritageireland.ie\/ga\/readmhaoin-oidhreachta-domhanda\/sceilg-mhichil-2\/sceilg-mhichil-treithe-de-shar-luach-uilioch\/#primaryimage"},"image":{"@id":"https:\/\/www.worldheritageireland.ie\/ga\/readmhaoin-oidhreachta-domhanda\/sceilg-mhichil-2\/sceilg-mhichil-treithe-de-shar-luach-uilioch\/#primaryimage"},"thumbnailUrl":"https:\/\/www.worldheritageireland.ie\/wp-content\/uploads\/2022\/05\/060615_Skellig_Michael_002_02.jpg","datePublished":"2023-07-28T11:19:07+00:00","dateModified":"2025-08-06T13:49:37+00:00","breadcrumb":{"@id":"https:\/\/www.worldheritageireland.ie\/ga\/readmhaoin-oidhreachta-domhanda\/sceilg-mhichil-2\/sceilg-mhichil-treithe-de-shar-luach-uilioch\/#breadcrumb"},"inLanguage":"ga-IE","potentialAction":[{"@type":"ReadAction","target":["https:\/\/www.worldheritageireland.ie\/ga\/readmhaoin-oidhreachta-domhanda\/sceilg-mhichil-2\/sceilg-mhichil-treithe-de-shar-luach-uilioch\/"]}]},{"@type":"ImageObject","inLanguage":"ga-IE","@id":"https:\/\/www.worldheritageireland.ie\/ga\/readmhaoin-oidhreachta-domhanda\/sceilg-mhichil-2\/sceilg-mhichil-treithe-de-shar-luach-uilioch\/#primaryimage","url":"https:\/\/www.worldheritageireland.ie\/wp-content\/uploads\/2022\/05\/060615_Skellig_Michael_002_02.jpg","contentUrl":"https:\/\/www.worldheritageireland.ie\/wp-content\/uploads\/2022\/05\/060615_Skellig_Michael_002_02.jpg","width":600,"height":405,"caption":"Skellig Michael, Co. Kerry, Ireland"},{"@type":"BreadcrumbList","@id":"https:\/\/www.worldheritageireland.ie\/ga\/readmhaoin-oidhreachta-domhanda\/sceilg-mhichil-2\/sceilg-mhichil-treithe-de-shar-luach-uilioch\/#breadcrumb","itemListElement":[{"@type":"ListItem","position":1,"name":"Home","item":"https:\/\/www.worldheritageireland.ie\/ga\/"},{"@type":"ListItem","position":2,"name":"R\u00e9admhaoin Oidhreachta Domhanda","item":"https:\/\/www.worldheritageireland.ie\/ga\/readmhaoin-oidhreachta-domhanda\/"},{"@type":"ListItem","position":3,"name":"Sceilg Mhich\u00edl","item":"https:\/\/www.worldheritageireland.ie\/ga\/readmhaoin-oidhreachta-domhanda\/sceilg-mhichil-2\/"},{"@type":"ListItem","position":4,"name":"Sceilg Mhich\u00edl \u2013 Tr\u00e9ithe de Sh\u00e1r-Luach Uil\u00edoch"}]},{"@type":"WebSite","@id":"https:\/\/www.worldheritageireland.ie\/ga\/#website","url":"https:\/\/www.worldheritageireland.ie\/ga\/","name":"Oidhreacht Dhomhanda na h\u00c9ireann","description":"Ireland&#039;s Tentative World Heritage","publisher":{"@id":"https:\/\/www.worldheritageireland.ie\/ga\/#organization"},"potentialAction":[{"@type":"SearchAction","target":{"@type":"EntryPoint","urlTemplate":"https:\/\/www.worldheritageireland.ie\/ga\/?s={search_term_string}"},"query-input":{"@type":"PropertyValueSpecification","valueRequired":true,"valueName":"search_term_string"}}],"inLanguage":"ga-IE"},{"@type":"Organization","@id":"https:\/\/www.worldheritageireland.ie\/ga\/#organization","name":"Department of Housing, Local Government and Heritage","url":"https:\/\/www.worldheritageireland.ie\/ga\/","logo":{"@type":"ImageObject","inLanguage":"ga-IE","@id":"https:\/\/www.worldheritageireland.ie\/ga\/#\/schema\/logo\/image\/","url":"https:\/\/www.worldheritageireland.ie\/wp-content\/uploads\/2023\/07\/unesco_wh_in_Ireland_Blue_180_trans.png","contentUrl":"https:\/\/www.worldheritageireland.ie\/wp-content\/uploads\/2023\/07\/unesco_wh_in_Ireland_Blue_180_trans.png","width":181,"height":181,"caption":"Department of Housing, Local Government and Heritage"},"image":{"@id":"https:\/\/www.worldheritageireland.ie\/ga\/#\/schema\/logo\/image\/"},"sameAs":["https:\/\/www.facebook.com\/NationalMons\/","https:\/\/x.com\/NationalMons"]}]}},"spectra_custom_meta":{"_top_nav_excluded":[""],"_cms_nav_minihome":[""],"_last_translation_edit_mode":["translation-editor"],"_wp_page_template":["default"],"_thumbnail_id":["912"],"_edit_lock":["1693475716:5"],"_edit_last":["5"],"cmplz_hide_cookiebanner":[""],"_yoast_wpseo_content_score":["60"],"_yoast_wpseo_estimated-reading-time-minutes":["2"],"_yoast_wpseo_wordproof_timestamp":[""],"adv-header-id-meta":[""],"stick-header-meta":[""],"theme-transparent-header-meta":[""],"footnotes":[""],"_uag_custom_page_level_css":[""],"ast-site-content-layout":["default"],"astra-migrate-meta-layouts":["set"],"_wpml_media_duplicate":["1"],"_wpml_media_featured":["1"],"_yoast_wpseo_primary_category":["36"],"_cmplz_remote_scanned_post":["1"],"_cmplz_scanned_post":["1"],"related_links":["a:1:{i:0;s:0:\"\";}"],"_wpml_word_count":["340"],"_uag_page_assets":["a:9:{s:3:\"css\";s:0:\"\";s:2:\"js\";s:0:\"\";s:18:\"current_block_list\";a:15:{i:0;s:10:\"core\/group\";i:1;s:12:\"core\/heading\";i:2;s:14:\"core\/paragraph\";i:3;s:9:\"core\/list\";i:4;s:14:\"core\/list-item\";i:5;s:11:\"core\/search\";i:6;s:17:\"core\/latest-posts\";i:7;s:20:\"core\/latest-comments\";i:8;s:13:\"core\/archives\";i:9;s:15:\"core\/categories\";i:10;s:20:\"outermost\/icon-block\";i:11;s:12:\"core\/columns\";i:12;s:11:\"core\/column\";i:13;s:20:\"nextend\/smartslider3\";i:14;s:10:\"core\/image\";}s:8:\"uag_flag\";b:0;s:11:\"uag_version\";s:10:\"1776099092\";s:6:\"gfonts\";a:0:{}s:10:\"gfonts_url\";s:0:\"\";s:12:\"gfonts_files\";a:0:{}s:14:\"uag_faq_layout\";b:0;}"]},"uagb_featured_image_src":{"full":["https:\/\/www.worldheritageireland.ie\/wp-content\/uploads\/2022\/05\/060615_Skellig_Michael_002_02.jpg",600,405,false],"thumbnail":["https:\/\/www.worldheritageireland.ie\/wp-content\/uploads\/2022\/05\/060615_Skellig_Michael_002_02-150x150.jpg",150,150,true],"medium":["https:\/\/www.worldheritageireland.ie\/wp-content\/uploads\/2022\/05\/060615_Skellig_Michael_002_02-300x203.jpg",300,203,true],"medium_large":["https:\/\/www.worldheritageireland.ie\/wp-content\/uploads\/2022\/05\/060615_Skellig_Michael_002_02.jpg",600,405,false],"large":["https:\/\/www.worldheritageireland.ie\/wp-content\/uploads\/2022\/05\/060615_Skellig_Michael_002_02.jpg",600,405,false],"gs-tiny":["https:\/\/www.worldheritageireland.ie\/wp-content\/uploads\/2022\/05\/060615_Skellig_Michael_002_02.jpg",50,34,false],"xl":["https:\/\/www.worldheritageireland.ie\/wp-content\/uploads\/2022\/05\/060615_Skellig_Michael_002_02.jpg",600,405,false],"xxl":["https:\/\/www.worldheritageireland.ie\/wp-content\/uploads\/2022\/05\/060615_Skellig_Michael_002_02.jpg",600,405,false],"xxxl":["https:\/\/www.worldheritageireland.ie\/wp-content\/uploads\/2022\/05\/060615_Skellig_Michael_002_02.jpg",600,405,false],"xxxxl":["https:\/\/www.worldheritageireland.ie\/wp-content\/uploads\/2022\/05\/060615_Skellig_Michael_002_02.jpg",600,405,false],"xxxxxl":["https:\/\/www.worldheritageireland.ie\/wp-content\/uploads\/2022\/05\/060615_Skellig_Michael_002_02.jpg",600,405,false],"1536x1536":["https:\/\/www.worldheritageireland.ie\/wp-content\/uploads\/2022\/05\/060615_Skellig_Michael_002_02.jpg",600,405,false],"2048x2048":["https:\/\/www.worldheritageireland.ie\/wp-content\/uploads\/2022\/05\/060615_Skellig_Michael_002_02.jpg",600,405,false]},"uagb_author_info":{"display_name":"John Joe Healy","author_link":"https:\/\/www.worldheritageireland.ie\/ga\/author\/johnjoe\/"},"uagb_comment_info":0,"uagb_excerpt":"Sceilg Mhich\u00edl \u2013 Tr\u00e9ithe de Sh\u00e1r-Luach Uil\u00edoch Cuireann tr\u00e9ithe an S\u00e1rluach Uil\u00edoch at\u00e1 ag Maoin Oidhreachta Domhanda in i\u00fal agus cumasa\u00edonn siad tuiscint ar an luach sin. Ba cheart do na tr\u00e9ithe sin a bheith ina bhf\u00f3cas do ghn\u00edomha\u00edochta\u00ed cosanta agus bainist\u00edochta T\u00edrdhreach Seand\u00e1la\u00edochta\/ailtireachta\/gn\u00e9ithe strucht\u00faracha\/c\u00e1il\u00edochta\u00ed Dobhraite D\u00falra Clice\u00e1il anseo le haghaidh tuilleadh faisn\u00e9ise.","_links":{"self":[{"href":"https:\/\/www.worldheritageireland.ie\/ga\/wp-json\/wp\/v2\/pages\/2662","targetHints":{"allow":["GET"]}}],"collection":[{"href":"https:\/\/www.worldheritageireland.ie\/ga\/wp-json\/wp\/v2\/pages"}],"about":[{"href":"https:\/\/www.worldheritageireland.ie\/ga\/wp-json\/wp\/v2\/types\/page"}],"author":[{"embeddable":true,"href":"https:\/\/www.worldheritageireland.ie\/ga\/wp-json\/wp\/v2\/users\/6"}],"replies":[{"embeddable":true,"href":"https:\/\/www.worldheritageireland.ie\/ga\/wp-json\/wp\/v2\/comments?post=2662"}],"version-history":[{"count":14,"href":"https:\/\/www.worldheritageireland.ie\/ga\/wp-json\/wp\/v2\/pages\/2662\/revisions"}],"predecessor-version":[{"id":3520,"href":"https:\/\/www.worldheritageireland.ie\/ga\/wp-json\/wp\/v2\/pages\/2662\/revisions\/3520"}],"up":[{"embeddable":true,"href":"https:\/\/www.worldheritageireland.ie\/ga\/wp-json\/wp\/v2\/pages\/4961"}],"wp:featuredmedia":[{"embeddable":true,"href":"https:\/\/www.worldheritageireland.ie\/ga\/wp-json\/wp\/v2\/media\/912"}],"wp:attachment":[{"href":"https:\/\/www.worldheritageireland.ie\/ga\/wp-json\/wp\/v2\/media?parent=2662"}],"wp:term":[{"taxonomy":"category","embeddable":true,"href":"https:\/\/www.worldheritageireland.ie\/ga\/wp-json\/wp\/v2\/categories?post=2662"},{"taxonomy":"post_tag","embeddable":true,"href":"https:\/\/www.worldheritageireland.ie\/ga\/wp-json\/wp\/v2\/tags?post=2662"}],"curies":[{"name":"wp","href":"https:\/\/api.w.org\/{rel}","templated":true}]}}