{"id":5994,"date":"2025-12-03T17:48:55","date_gmt":"2025-12-03T17:48:55","guid":{"rendered":"https:\/\/www.worldheritageireland.ie\/readmhaoin-oidhreachta-domhanda\/sceilg-mhichil-2\/measunacht-leochaileachta-aeraide\/"},"modified":"2026-01-05T12:56:47","modified_gmt":"2026-01-05T12:56:47","slug":"measunacht-leochaileachta-aeraide","status":"publish","type":"page","link":"https:\/\/www.worldheritageireland.ie\/ga\/readmhaoin-oidhreachta-domhanda\/sceilg-mhichil-2\/measunacht-leochaileachta-aeraide\/","title":{"rendered":"Meas\u00fanacht Leochaileachta Aer\u00e1ide"},"content":{"rendered":"\n<div class=\"wp-block-group has-ast-global-color-8-color has-ast-global-color-4-background-color has-text-color has-background has-link-color wp-elements-be606af41032bc04a3b75c7b9cd426e6 is-layout-constrained wp-block-group-is-layout-constrained\"><div class=\"wp-block-group__inner-container\">\n<p class=\"has-ast-global-color-8-color has-text-color has-link-color wp-elements-07c2c453af4395e9c0b0e951ca7267de\">T\u00e1 Sceilg Mhich\u00edl ar cheann amh\u00e1in as deich gcinn de L\u00e1ithre\u00e1in Oidhreachta Domhanda a roghna\u00edodh le bheith mar chuid den ch\u00e9ad tionscadal at\u00e1 \u00e1 mhaoini\u00fa ag National Geographic, is \u00e9 sin \u2018Oidhreachta\u00ed \u00e1 gCaomhn\u00fa\u2019, taobh le l\u00e1ithre\u00e1in ch\u00e1ili\u00fala eile cuir i gc\u00e1s Petra san Iord\u00e1in, L\u00e9ibhinn na R\u00edse i gCordaill\u00e9ara\u00ed na nOile\u00e1n Filip\u00edneach agus P\u00e1irc Sheand\u00e1la\u00edochta Angkor sa Chamb\u00f3id.<\/p>\n\n\n\n<p class=\"has-ast-global-color-8-color has-text-color has-link-color wp-elements-856752d540763503a214cebc5cf1026b\">An phr\u00edomhaidhm at\u00e1 ann leis an tionscadal na pobail \u00e1iti\u00fala a chur ar an eolas le go mbeidh siad in ann a n-oidhreacht chult\u00fartha f\u00e9in a chosaint. Bh\u00ed Seirbh\u00eds na S\u00e9adchomhartha\u00ed N\u00e1isi\u00fanta agus Oifig na nOibreacha Poibl\u00ed ag obair i gcomhar le ch\u00e9ile ar an tionscadal seo. Ceann de na tortha\u00ed ba th\u00e1bhachta\u00ed a bh\u00ed le cur ar f\u00e1il n\u00e1 Meas\u00fanacht Leochaileachta Aer\u00e1ide do Sceilg Mhich\u00edl. <\/p>\n\n\n\n<p class=\"has-ast-global-color-8-color has-text-color has-link-color wp-elements-c9dbae96de49bcad7531ad9d6d0165cc\">Tugadh faoin meas\u00fanacht i gcaitheamh na tr\u00e9imhse 2023\/2024 agus bh\u00ed r\u00f3l ag saineolaithe teicni\u00fala agus pobail lena linn. D\u00e9antar achoimre sa tuarasc\u00e1il ar na pr\u00f3isis ag baint le Meas\u00fanacht Leochaileachta Aer\u00e1ide ar L\u00e1ithre\u00e1n Oidhreachta Domhanda Sceilg Mhich\u00edl agus ar na tortha\u00ed \u00f3n Meas\u00fanacht. Is iad Carrig Conservation a rinne an tuarasc\u00e1il a dhr\u00e9acht\u00fa do Sheirbh\u00eds na S\u00e9adchomhartha\u00ed N\u00e1isi\u00fanta agus d\u2019Oifig na nOibreacha Poibl\u00ed. Tugtar sonra\u00ed sa tuarasc\u00e1il ar na riosca\u00ed at\u00e1 ann don Sceilg mar gheall ar an athr\u00fa aer\u00e1ide, idir riosca\u00ed aitheanta agus riosca\u00ed a d\u2019fh\u00e9adfadh a bheith ann. Tugtar gn\u00edomhartha molta chun tabhairt faoi bhearta maolaithe agus oiri\u00fanaithe ina leith.  <\/p>\n\n\n\n<p class=\"has-ast-global-color-8-color has-text-color has-link-color wp-elements-2dfb62c66f12f2832796a07b5040a643\">Nuair a dh\u00e9antar compar\u00e1id idir na tortha\u00ed \u00f3n Meas\u00fanacht Leochaileachta Aer\u00e1ide seo agus Meas\u00fanacht a rinneadh deich mbliana \u00f3 shin, feictear go bhfuil cuid de na hiarmhairt\u00ed a tuaradh ansin tar \u00e9is dul in olcas ar an l\u00e1ithre\u00e1n, cuir i gc\u00e1s maidhm charraige, creimeadh agus fadhbanna rochtana. Luaitear chomh maith go bhfuil na hiarrachta\u00ed bainist\u00edochta at\u00e1 d\u00e9anta chun dul i ngleic leis na hiarmhairt\u00ed tar \u00e9is cuidi\u00fa a thabhairt leis an riosca a mhaol\u00fa agus le caomhn\u00fa lean\u00fanach na h\u00e1ite, go h\u00e1irithe na hiarrachta\u00ed sin ag baint le maidhm charraige. L\u00e9ir\u00edonn s\u00e9 seo a th\u00e1bhachta\u00ed at\u00e1 an meas\u00fan\u00fa riosca mar chuid de phr\u00f3iseas bainist\u00edochta atriallach.  <\/p>\n\n\n\n<p class=\"has-ast-global-color-8-color has-text-color has-link-color wp-elements-2cc4051ab9df99f94685d88cfbd8adfc\">T\u00e1 Seirbh\u00eds na S\u00e9adchomhartha\u00ed N\u00e1isi\u00fanta, Oifig na nOibreacha Poibl\u00ed agus an tSeirbh\u00eds P\u00e1irceanna N\u00e1isi\u00fanta agus Fiadh\u00falra ag obair i dteannta a ch\u00e9ile i gc\u00f3na\u00ed chun gn\u00edomhartha a chur i bhfeidhm chun dul i ngleic le bagairt\u00ed reatha. B\u00edmid ag plean\u00e1il don mhe\u00e1nt\u00e9arma agus don fhadt\u00e9arma ionas go nd\u00e9anfar oidhreacht shuntasach chult\u00fartha agus n\u00e1d\u00fartha Sceilg Mhich\u00edl a chosaint agus a chaomhn\u00fa don am at\u00e1 le teacht. C\u00e9im th\u00e1bhachtach thosaigh is ea foilsi\u00fa na Tuarasc\u00e1la \u00f3n Meas\u00fanacht Leochaileachta Aer\u00e1ide sna hiarrachta\u00ed le dul i ngleic leis an tionchar \u00f3n athr\u00fa aer\u00e1ide ar an L\u00e1ithre\u00e1n Oidhreachta Domhanda seo againne. <\/p>\n\n\n\n<p class=\"has-black-color has-ast-global-color-4-background-color has-text-color has-background has-link-color wp-elements-969f43e3dafefed8f4776155c8780b2c\">Seoladh an tuarasc\u00e1il i nDairbhre, Co. Chiarra\u00ed, D\u00e9 C\u00e9adaoin an 12 Samhain 2025 mar chuid d\u2019\u00f3c\u00e1id don phobal a bh\u00ed p\u00e1irteach san obair chun \u00ed a dhr\u00e9acht\u00fa. <a style=\"color: #000\" href=\"https:\/\/www.worldheritageireland.ie\/ga\/category\/foilseachain\/?page=1&#038;filter=sceilg-michil\">Is f\u00e9idir an tuarasc\u00e1il a fh\u00e1il ar <strong style=\"color: #000\">an nasc seo<\/strong><\/a>. <\/p>\n\n\n\n<figure data-wp-context=\"{&quot;imageId&quot;:&quot;69deb3115134e&quot;}\" data-wp-interactive=\"core\/image\" data-wp-key=\"69deb3115134e\" class=\"wp-block-image aligncenter size-full wp-lightbox-container\"><img loading=\"lazy\" decoding=\"async\" width=\"577\" height=\"385\" data-wp-class--hide=\"state.isContentHidden\" data-wp-class--show=\"state.isContentVisible\" data-wp-init=\"callbacks.setButtonStyles\" data-wp-on--click=\"actions.showLightbox\" data-wp-on--load=\"callbacks.setButtonStyles\" data-wp-on-window--resize=\"callbacks.setButtonStyles\" src=\"https:\/\/www.worldheritageireland.ie\/wp-content\/uploads\/2026\/01\/SM-CVA-WHI.jpg\" alt=\"Climate Vulnerability Assessment Session\" class=\"wp-image-6034\" srcset=\"https:\/\/www.worldheritageireland.ie\/wp-content\/uploads\/2026\/01\/SM-CVA-WHI.jpg 577w, https:\/\/www.worldheritageireland.ie\/wp-content\/uploads\/2026\/01\/SM-CVA-WHI-300x200.jpg 300w, https:\/\/www.worldheritageireland.ie\/wp-content\/uploads\/2026\/01\/SM-CVA-WHI-50x33.jpg 50w\" sizes=\"auto, (max-width: 577px) 100vw, 577px\" \/><button\n\t\t\tclass=\"lightbox-trigger\"\n\t\t\ttype=\"button\"\n\t\t\taria-haspopup=\"dialog\"\n\t\t\taria-label=\"Enlarge\"\n\t\t\tdata-wp-init=\"callbacks.initTriggerButton\"\n\t\t\tdata-wp-on--click=\"actions.showLightbox\"\n\t\t\tdata-wp-style--right=\"state.imageButtonRight\"\n\t\t\tdata-wp-style--top=\"state.imageButtonTop\"\n\t\t>\n\t\t\t<svg xmlns=\"http:\/\/www.w3.org\/2000\/svg\" width=\"12\" height=\"12\" fill=\"none\" viewBox=\"0 0 12 12\">\n\t\t\t\t<path fill=\"#fff\" d=\"M2 0a2 2 0 0 0-2 2v2h1.5V2a.5.5 0 0 1 .5-.5h2V0H2Zm2 10.5H2a.5.5 0 0 1-.5-.5V8H0v2a2 2 0 0 0 2 2h2v-1.5ZM8 12v-1.5h2a.5.5 0 0 0 .5-.5V8H12v2a2 2 0 0 1-2 2H8Zm2-12a2 2 0 0 1 2 2v2h-1.5V2a.5.5 0 0 0-.5-.5H8V0h2Z\" \/>\n\t\t\t<\/svg>\n\t\t<\/button><\/figure>\n<\/div><\/div>\n","protected":false},"excerpt":{"rendered":"<p>T\u00e1 Sceilg Mhich\u00edl ar cheann amh\u00e1in as deich gcinn de L\u00e1ithre\u00e1in Oidhreachta Domhanda a roghna\u00edodh le bheith mar chuid den ch\u00e9ad tionscadal at\u00e1 \u00e1 mhaoini\u00fa ag National Geographic, is \u00e9 sin \u2018Oidhreachta\u00ed \u00e1 gCaomhn\u00fa\u2019, taobh le l\u00e1ithre\u00e1in ch\u00e1ili\u00fala eile cuir i gc\u00e1s Petra san Iord\u00e1in, L\u00e9ibhinn na R\u00edse i gCordaill\u00e9ara\u00ed na nOile\u00e1n Filip\u00edneach agus P\u00e1irc [&hellip;]<\/p>\n","protected":false},"author":1,"featured_media":0,"parent":4961,"menu_order":0,"comment_status":"closed","ping_status":"closed","template":"","meta":{"_acf_changed":false,"_uag_custom_page_level_css":"","site-sidebar-layout":"default","site-content-layout":"","ast-site-content-layout":"default","site-content-style":"default","site-sidebar-style":"default","ast-global-header-display":"","ast-banner-title-visibility":"","ast-main-header-display":"","ast-hfb-above-header-display":"","ast-hfb-below-header-display":"","ast-hfb-mobile-header-display":"","site-post-title":"","ast-breadcrumbs-content":"","ast-featured-img":"","footer-sml-layout":"","ast-disable-related-posts":"","theme-transparent-header-meta":"","adv-header-id-meta":"","stick-header-meta":"","header-above-stick-meta":"","header-main-stick-meta":"","header-below-stick-meta":"","astra-migrate-meta-layouts":"default","ast-page-background-enabled":"default","ast-page-background-meta":{"desktop":{"background-color":"var(--ast-global-color-4)","background-image":"","background-repeat":"repeat","background-position":"center center","background-size":"auto","background-attachment":"scroll","background-type":"","background-media":"","overlay-type":"","overlay-color":"","overlay-opacity":"","overlay-gradient":""},"tablet":{"background-color":"","background-image":"","background-repeat":"repeat","background-position":"center center","background-size":"auto","background-attachment":"scroll","background-type":"","background-media":"","overlay-type":"","overlay-color":"","overlay-opacity":"","overlay-gradient":""},"mobile":{"background-color":"","background-image":"","background-repeat":"repeat","background-position":"center center","background-size":"auto","background-attachment":"scroll","background-type":"","background-media":"","overlay-type":"","overlay-color":"","overlay-opacity":"","overlay-gradient":""}},"ast-content-background-meta":{"desktop":{"background-color":"var(--ast-global-color-5)","background-image":"","background-repeat":"repeat","background-position":"center center","background-size":"auto","background-attachment":"scroll","background-type":"","background-media":"","overlay-type":"","overlay-color":"","overlay-opacity":"","overlay-gradient":""},"tablet":{"background-color":"var(--ast-global-color-5)","background-image":"","background-repeat":"repeat","background-position":"center center","background-size":"auto","background-attachment":"scroll","background-type":"","background-media":"","overlay-type":"","overlay-color":"","overlay-opacity":"","overlay-gradient":""},"mobile":{"background-color":"var(--ast-global-color-5)","background-image":"","background-repeat":"repeat","background-position":"center center","background-size":"auto","background-attachment":"scroll","background-type":"","background-media":"","overlay-type":"","overlay-color":"","overlay-opacity":"","overlay-gradient":""}},"pgc_sgb_lightbox_settings":"","footnotes":""},"categories":[],"tags":[],"class_list":["post-5994","page","type-page","status-publish","hentry"],"acf":[],"yoast_head":"<!-- This site is optimized with the Yoast SEO plugin v27.3 - https:\/\/yoast.com\/product\/yoast-seo-wordpress\/ -->\n<title>Meas\u00fanacht Leochaileachta Aer\u00e1ide - Oidhreacht Dhomhanda na h\u00c9ireann<\/title>\n<meta name=\"robots\" content=\"index, follow, max-snippet:-1, max-image-preview:large, max-video-preview:-1\" \/>\n<link rel=\"canonical\" href=\"https:\/\/www.worldheritageireland.ie\/ga\/readmhaoin-oidhreachta-domhanda\/sceilg-mhichil-2\/measunacht-leochaileachta-aeraide\/\" \/>\n<meta property=\"og:locale\" content=\"ga_IE\" \/>\n<meta property=\"og:type\" content=\"article\" \/>\n<meta property=\"og:title\" content=\"Meas\u00fanacht Leochaileachta Aer\u00e1ide - Oidhreacht Dhomhanda na h\u00c9ireann\" \/>\n<meta property=\"og:description\" content=\"T\u00e1 Sceilg Mhich\u00edl ar cheann amh\u00e1in as deich gcinn de L\u00e1ithre\u00e1in Oidhreachta Domhanda a roghna\u00edodh le bheith mar chuid den ch\u00e9ad tionscadal at\u00e1 \u00e1 mhaoini\u00fa ag National Geographic, is \u00e9 sin \u2018Oidhreachta\u00ed \u00e1 gCaomhn\u00fa\u2019, taobh le l\u00e1ithre\u00e1in ch\u00e1ili\u00fala eile cuir i gc\u00e1s Petra san Iord\u00e1in, L\u00e9ibhinn na R\u00edse i gCordaill\u00e9ara\u00ed na nOile\u00e1n Filip\u00edneach agus P\u00e1irc [&hellip;]\" \/>\n<meta property=\"og:url\" content=\"https:\/\/www.worldheritageireland.ie\/ga\/readmhaoin-oidhreachta-domhanda\/sceilg-mhichil-2\/measunacht-leochaileachta-aeraide\/\" \/>\n<meta property=\"og:site_name\" content=\"Oidhreacht Dhomhanda na h\u00c9ireann\" \/>\n<meta property=\"article:publisher\" content=\"https:\/\/www.facebook.com\/NationalMons\/\" \/>\n<meta property=\"article:modified_time\" content=\"2026-01-05T12:56:47+00:00\" \/>\n<meta property=\"og:image\" content=\"https:\/\/www.worldheritageireland.ie\/wp-content\/uploads\/2026\/01\/SM-CVA-WHI.jpg\" \/>\n\t<meta property=\"og:image:width\" content=\"577\" \/>\n\t<meta property=\"og:image:height\" content=\"385\" \/>\n\t<meta property=\"og:image:type\" content=\"image\/jpeg\" \/>\n<meta name=\"twitter:card\" content=\"summary_large_image\" \/>\n<meta name=\"twitter:site\" content=\"@NationalMons\" \/>\n<meta name=\"twitter:label1\" content=\"Est. reading time\" \/>\n\t<meta name=\"twitter:data1\" content=\"3 minutes\" \/>\n<script type=\"application\/ld+json\" class=\"yoast-schema-graph\">{\"@context\":\"https:\\\/\\\/schema.org\",\"@graph\":[{\"@type\":\"WebPage\",\"@id\":\"https:\\\/\\\/www.worldheritageireland.ie\\\/ga\\\/readmhaoin-oidhreachta-domhanda\\\/sceilg-mhichil-2\\\/measunacht-leochaileachta-aeraide\\\/\",\"url\":\"https:\\\/\\\/www.worldheritageireland.ie\\\/ga\\\/readmhaoin-oidhreachta-domhanda\\\/sceilg-mhichil-2\\\/measunacht-leochaileachta-aeraide\\\/\",\"name\":\"Meas\u00fanacht Leochaileachta Aer\u00e1ide - Oidhreacht Dhomhanda na h\u00c9ireann\",\"isPartOf\":{\"@id\":\"https:\\\/\\\/www.worldheritageireland.ie\\\/ga\\\/#website\"},\"primaryImageOfPage\":{\"@id\":\"https:\\\/\\\/www.worldheritageireland.ie\\\/ga\\\/readmhaoin-oidhreachta-domhanda\\\/sceilg-mhichil-2\\\/measunacht-leochaileachta-aeraide\\\/#primaryimage\"},\"image\":{\"@id\":\"https:\\\/\\\/www.worldheritageireland.ie\\\/ga\\\/readmhaoin-oidhreachta-domhanda\\\/sceilg-mhichil-2\\\/measunacht-leochaileachta-aeraide\\\/#primaryimage\"},\"thumbnailUrl\":\"https:\\\/\\\/www.worldheritageireland.ie\\\/wp-content\\\/uploads\\\/2026\\\/01\\\/SM-CVA-WHI.jpg\",\"datePublished\":\"2025-12-03T17:48:55+00:00\",\"dateModified\":\"2026-01-05T12:56:47+00:00\",\"breadcrumb\":{\"@id\":\"https:\\\/\\\/www.worldheritageireland.ie\\\/ga\\\/readmhaoin-oidhreachta-domhanda\\\/sceilg-mhichil-2\\\/measunacht-leochaileachta-aeraide\\\/#breadcrumb\"},\"inLanguage\":\"ga-IE\",\"potentialAction\":[{\"@type\":\"ReadAction\",\"target\":[\"https:\\\/\\\/www.worldheritageireland.ie\\\/ga\\\/readmhaoin-oidhreachta-domhanda\\\/sceilg-mhichil-2\\\/measunacht-leochaileachta-aeraide\\\/\"]}]},{\"@type\":\"ImageObject\",\"inLanguage\":\"ga-IE\",\"@id\":\"https:\\\/\\\/www.worldheritageireland.ie\\\/ga\\\/readmhaoin-oidhreachta-domhanda\\\/sceilg-mhichil-2\\\/measunacht-leochaileachta-aeraide\\\/#primaryimage\",\"url\":\"https:\\\/\\\/www.worldheritageireland.ie\\\/wp-content\\\/uploads\\\/2026\\\/01\\\/SM-CVA-WHI.jpg\",\"contentUrl\":\"https:\\\/\\\/www.worldheritageireland.ie\\\/wp-content\\\/uploads\\\/2026\\\/01\\\/SM-CVA-WHI.jpg\"},{\"@type\":\"BreadcrumbList\",\"@id\":\"https:\\\/\\\/www.worldheritageireland.ie\\\/ga\\\/readmhaoin-oidhreachta-domhanda\\\/sceilg-mhichil-2\\\/measunacht-leochaileachta-aeraide\\\/#breadcrumb\",\"itemListElement\":[{\"@type\":\"ListItem\",\"position\":1,\"name\":\"Home\",\"item\":\"https:\\\/\\\/www.worldheritageireland.ie\\\/ga\\\/\"},{\"@type\":\"ListItem\",\"position\":2,\"name\":\"R\u00e9admhaoin Oidhreachta Domhanda\",\"item\":\"https:\\\/\\\/www.worldheritageireland.ie\\\/ga\\\/readmhaoin-oidhreachta-domhanda\\\/\"},{\"@type\":\"ListItem\",\"position\":3,\"name\":\"Sceilg Mhich\u00edl\",\"item\":\"https:\\\/\\\/www.worldheritageireland.ie\\\/ga\\\/readmhaoin-oidhreachta-domhanda\\\/sceilg-mhichil-2\\\/\"},{\"@type\":\"ListItem\",\"position\":4,\"name\":\"Meas\u00fanacht Leochaileachta Aer\u00e1ide\"}]},{\"@type\":\"WebSite\",\"@id\":\"https:\\\/\\\/www.worldheritageireland.ie\\\/ga\\\/#website\",\"url\":\"https:\\\/\\\/www.worldheritageireland.ie\\\/ga\\\/\",\"name\":\"Oidhreacht Dhomhanda na h\u00c9ireann\",\"description\":\"Ireland&#039;s Tentative World Heritage\",\"publisher\":{\"@id\":\"https:\\\/\\\/www.worldheritageireland.ie\\\/ga\\\/#organization\"},\"potentialAction\":[{\"@type\":\"SearchAction\",\"target\":{\"@type\":\"EntryPoint\",\"urlTemplate\":\"https:\\\/\\\/www.worldheritageireland.ie\\\/ga\\\/?s={search_term_string}\"},\"query-input\":{\"@type\":\"PropertyValueSpecification\",\"valueRequired\":true,\"valueName\":\"search_term_string\"}}],\"inLanguage\":\"ga-IE\"},{\"@type\":\"Organization\",\"@id\":\"https:\\\/\\\/www.worldheritageireland.ie\\\/ga\\\/#organization\",\"name\":\"Department of Housing, Local Government and Heritage\",\"url\":\"https:\\\/\\\/www.worldheritageireland.ie\\\/ga\\\/\",\"logo\":{\"@type\":\"ImageObject\",\"inLanguage\":\"ga-IE\",\"@id\":\"https:\\\/\\\/www.worldheritageireland.ie\\\/ga\\\/#\\\/schema\\\/logo\\\/image\\\/\",\"url\":\"https:\\\/\\\/www.worldheritageireland.ie\\\/wp-content\\\/uploads\\\/2023\\\/07\\\/unesco_wh_in_Ireland_Blue_180_trans.png\",\"contentUrl\":\"https:\\\/\\\/www.worldheritageireland.ie\\\/wp-content\\\/uploads\\\/2023\\\/07\\\/unesco_wh_in_Ireland_Blue_180_trans.png\",\"width\":181,\"height\":181,\"caption\":\"Department of Housing, Local Government and Heritage\"},\"image\":{\"@id\":\"https:\\\/\\\/www.worldheritageireland.ie\\\/ga\\\/#\\\/schema\\\/logo\\\/image\\\/\"},\"sameAs\":[\"https:\\\/\\\/www.facebook.com\\\/NationalMons\\\/\",\"https:\\\/\\\/x.com\\\/NationalMons\"]}]}<\/script>\n<!-- \/ Yoast SEO plugin. -->","yoast_head_json":{"title":"Meas\u00fanacht Leochaileachta Aer\u00e1ide - Oidhreacht Dhomhanda na h\u00c9ireann","robots":{"index":"index","follow":"follow","max-snippet":"max-snippet:-1","max-image-preview":"max-image-preview:large","max-video-preview":"max-video-preview:-1"},"canonical":"https:\/\/www.worldheritageireland.ie\/ga\/readmhaoin-oidhreachta-domhanda\/sceilg-mhichil-2\/measunacht-leochaileachta-aeraide\/","og_locale":"ga_IE","og_type":"article","og_title":"Meas\u00fanacht Leochaileachta Aer\u00e1ide - Oidhreacht Dhomhanda na h\u00c9ireann","og_description":"T\u00e1 Sceilg Mhich\u00edl ar cheann amh\u00e1in as deich gcinn de L\u00e1ithre\u00e1in Oidhreachta Domhanda a roghna\u00edodh le bheith mar chuid den ch\u00e9ad tionscadal at\u00e1 \u00e1 mhaoini\u00fa ag National Geographic, is \u00e9 sin \u2018Oidhreachta\u00ed \u00e1 gCaomhn\u00fa\u2019, taobh le l\u00e1ithre\u00e1in ch\u00e1ili\u00fala eile cuir i gc\u00e1s Petra san Iord\u00e1in, L\u00e9ibhinn na R\u00edse i gCordaill\u00e9ara\u00ed na nOile\u00e1n Filip\u00edneach agus P\u00e1irc [&hellip;]","og_url":"https:\/\/www.worldheritageireland.ie\/ga\/readmhaoin-oidhreachta-domhanda\/sceilg-mhichil-2\/measunacht-leochaileachta-aeraide\/","og_site_name":"Oidhreacht Dhomhanda na h\u00c9ireann","article_publisher":"https:\/\/www.facebook.com\/NationalMons\/","article_modified_time":"2026-01-05T12:56:47+00:00","og_image":[{"width":577,"height":385,"url":"https:\/\/www.worldheritageireland.ie\/wp-content\/uploads\/2026\/01\/SM-CVA-WHI.jpg","type":"image\/jpeg"}],"twitter_card":"summary_large_image","twitter_site":"@NationalMons","twitter_misc":{"Est. reading time":"3 minutes"},"schema":{"@context":"https:\/\/schema.org","@graph":[{"@type":"WebPage","@id":"https:\/\/www.worldheritageireland.ie\/ga\/readmhaoin-oidhreachta-domhanda\/sceilg-mhichil-2\/measunacht-leochaileachta-aeraide\/","url":"https:\/\/www.worldheritageireland.ie\/ga\/readmhaoin-oidhreachta-domhanda\/sceilg-mhichil-2\/measunacht-leochaileachta-aeraide\/","name":"Meas\u00fanacht Leochaileachta Aer\u00e1ide - Oidhreacht Dhomhanda na h\u00c9ireann","isPartOf":{"@id":"https:\/\/www.worldheritageireland.ie\/ga\/#website"},"primaryImageOfPage":{"@id":"https:\/\/www.worldheritageireland.ie\/ga\/readmhaoin-oidhreachta-domhanda\/sceilg-mhichil-2\/measunacht-leochaileachta-aeraide\/#primaryimage"},"image":{"@id":"https:\/\/www.worldheritageireland.ie\/ga\/readmhaoin-oidhreachta-domhanda\/sceilg-mhichil-2\/measunacht-leochaileachta-aeraide\/#primaryimage"},"thumbnailUrl":"https:\/\/www.worldheritageireland.ie\/wp-content\/uploads\/2026\/01\/SM-CVA-WHI.jpg","datePublished":"2025-12-03T17:48:55+00:00","dateModified":"2026-01-05T12:56:47+00:00","breadcrumb":{"@id":"https:\/\/www.worldheritageireland.ie\/ga\/readmhaoin-oidhreachta-domhanda\/sceilg-mhichil-2\/measunacht-leochaileachta-aeraide\/#breadcrumb"},"inLanguage":"ga-IE","potentialAction":[{"@type":"ReadAction","target":["https:\/\/www.worldheritageireland.ie\/ga\/readmhaoin-oidhreachta-domhanda\/sceilg-mhichil-2\/measunacht-leochaileachta-aeraide\/"]}]},{"@type":"ImageObject","inLanguage":"ga-IE","@id":"https:\/\/www.worldheritageireland.ie\/ga\/readmhaoin-oidhreachta-domhanda\/sceilg-mhichil-2\/measunacht-leochaileachta-aeraide\/#primaryimage","url":"https:\/\/www.worldheritageireland.ie\/wp-content\/uploads\/2026\/01\/SM-CVA-WHI.jpg","contentUrl":"https:\/\/www.worldheritageireland.ie\/wp-content\/uploads\/2026\/01\/SM-CVA-WHI.jpg"},{"@type":"BreadcrumbList","@id":"https:\/\/www.worldheritageireland.ie\/ga\/readmhaoin-oidhreachta-domhanda\/sceilg-mhichil-2\/measunacht-leochaileachta-aeraide\/#breadcrumb","itemListElement":[{"@type":"ListItem","position":1,"name":"Home","item":"https:\/\/www.worldheritageireland.ie\/ga\/"},{"@type":"ListItem","position":2,"name":"R\u00e9admhaoin Oidhreachta Domhanda","item":"https:\/\/www.worldheritageireland.ie\/ga\/readmhaoin-oidhreachta-domhanda\/"},{"@type":"ListItem","position":3,"name":"Sceilg Mhich\u00edl","item":"https:\/\/www.worldheritageireland.ie\/ga\/readmhaoin-oidhreachta-domhanda\/sceilg-mhichil-2\/"},{"@type":"ListItem","position":4,"name":"Meas\u00fanacht Leochaileachta Aer\u00e1ide"}]},{"@type":"WebSite","@id":"https:\/\/www.worldheritageireland.ie\/ga\/#website","url":"https:\/\/www.worldheritageireland.ie\/ga\/","name":"Oidhreacht Dhomhanda na h\u00c9ireann","description":"Ireland&#039;s Tentative World Heritage","publisher":{"@id":"https:\/\/www.worldheritageireland.ie\/ga\/#organization"},"potentialAction":[{"@type":"SearchAction","target":{"@type":"EntryPoint","urlTemplate":"https:\/\/www.worldheritageireland.ie\/ga\/?s={search_term_string}"},"query-input":{"@type":"PropertyValueSpecification","valueRequired":true,"valueName":"search_term_string"}}],"inLanguage":"ga-IE"},{"@type":"Organization","@id":"https:\/\/www.worldheritageireland.ie\/ga\/#organization","name":"Department of Housing, Local Government and Heritage","url":"https:\/\/www.worldheritageireland.ie\/ga\/","logo":{"@type":"ImageObject","inLanguage":"ga-IE","@id":"https:\/\/www.worldheritageireland.ie\/ga\/#\/schema\/logo\/image\/","url":"https:\/\/www.worldheritageireland.ie\/wp-content\/uploads\/2023\/07\/unesco_wh_in_Ireland_Blue_180_trans.png","contentUrl":"https:\/\/www.worldheritageireland.ie\/wp-content\/uploads\/2023\/07\/unesco_wh_in_Ireland_Blue_180_trans.png","width":181,"height":181,"caption":"Department of Housing, Local Government and Heritage"},"image":{"@id":"https:\/\/www.worldheritageireland.ie\/ga\/#\/schema\/logo\/image\/"},"sameAs":["https:\/\/www.facebook.com\/NationalMons\/","https:\/\/x.com\/NationalMons"]}]}},"spectra_custom_meta":{"ast-main-header-display":[""],"ast-hfb-above-header-display":[""],"ast-hfb-below-header-display":[""],"ast-hfb-mobile-header-display":[""],"adv-header-id-meta":[""],"footer-sml-layout":[""],"stick-header-meta":[""],"header-main-stick-meta":[""],"header-above-stick-meta":[""],"header-below-stick-meta":[""],"site-post-title":[""],"site-sidebar-layout":["default"],"site-content-layout":[""],"ast-featured-img":[""],"ast-breadcrumbs-content":[""],"theme-transparent-header-meta":[""],"_yoast_wpseo_primary_category":[""],"ast-banner-title-visibility":[""],"ast-global-header-display":[""],"ast-site-content-layout":["default"],"site-content-style":["default"],"site-sidebar-style":["default"],"_top_nav_excluded":[""],"_cms_nav_minihome":[""],"_last_translation_edit_mode":["translation-editor"],"_wpml_word_count":["535"],"_wp_page_template":[""],"_cmplz_scanned_post":["1"],"_uag_page_assets":["a:9:{s:3:\"css\";s:0:\"\";s:2:\"js\";s:0:\"\";s:18:\"current_block_list\";a:15:{i:0;s:10:\"core\/group\";i:1;s:14:\"core\/paragraph\";i:2;s:10:\"core\/image\";i:3;s:11:\"core\/search\";i:5;s:12:\"core\/heading\";i:6;s:17:\"core\/latest-posts\";i:7;s:20:\"core\/latest-comments\";i:8;s:13:\"core\/archives\";i:9;s:15:\"core\/categories\";i:10;s:20:\"outermost\/icon-block\";i:11;s:12:\"core\/columns\";i:12;s:11:\"core\/column\";i:13;s:9:\"core\/list\";i:14;s:14:\"core\/list-item\";i:15;s:20:\"nextend\/smartslider3\";}s:8:\"uag_flag\";b:0;s:11:\"uag_version\";s:10:\"1776099092\";s:6:\"gfonts\";a:0:{}s:10:\"gfonts_url\";s:0:\"\";s:12:\"gfonts_files\";a:0:{}s:14:\"uag_faq_layout\";b:0;}"]},"uagb_featured_image_src":{"full":false,"thumbnail":false,"medium":false,"medium_large":false,"large":false,"gs-tiny":false,"xl":false,"xxl":false,"xxxl":false,"xxxxl":false,"xxxxxl":false,"1536x1536":false,"2048x2048":false},"uagb_author_info":{"display_name":"bobbyjo","author_link":"https:\/\/www.worldheritageireland.ie\/ga\/author\/bobbyjo\/"},"uagb_comment_info":0,"uagb_excerpt":"T\u00e1 Sceilg Mhich\u00edl ar cheann amh\u00e1in as deich gcinn de L\u00e1ithre\u00e1in Oidhreachta Domhanda a roghna\u00edodh le bheith mar chuid den ch\u00e9ad tionscadal at\u00e1 \u00e1 mhaoini\u00fa ag National Geographic, is \u00e9 sin \u2018Oidhreachta\u00ed \u00e1 gCaomhn\u00fa\u2019, taobh le l\u00e1ithre\u00e1in ch\u00e1ili\u00fala eile cuir i gc\u00e1s Petra san Iord\u00e1in, L\u00e9ibhinn na R\u00edse i gCordaill\u00e9ara\u00ed na nOile\u00e1n Filip\u00edneach agus P\u00e1irc&hellip;","_links":{"self":[{"href":"https:\/\/www.worldheritageireland.ie\/ga\/wp-json\/wp\/v2\/pages\/5994","targetHints":{"allow":["GET"]}}],"collection":[{"href":"https:\/\/www.worldheritageireland.ie\/ga\/wp-json\/wp\/v2\/pages"}],"about":[{"href":"https:\/\/www.worldheritageireland.ie\/ga\/wp-json\/wp\/v2\/types\/page"}],"author":[{"embeddable":true,"href":"https:\/\/www.worldheritageireland.ie\/ga\/wp-json\/wp\/v2\/users\/1"}],"replies":[{"embeddable":true,"href":"https:\/\/www.worldheritageireland.ie\/ga\/wp-json\/wp\/v2\/comments?post=5994"}],"version-history":[{"count":5,"href":"https:\/\/www.worldheritageireland.ie\/ga\/wp-json\/wp\/v2\/pages\/5994\/revisions"}],"predecessor-version":[{"id":6040,"href":"https:\/\/www.worldheritageireland.ie\/ga\/wp-json\/wp\/v2\/pages\/5994\/revisions\/6040"}],"up":[{"embeddable":true,"href":"https:\/\/www.worldheritageireland.ie\/ga\/wp-json\/wp\/v2\/pages\/4961"}],"wp:attachment":[{"href":"https:\/\/www.worldheritageireland.ie\/ga\/wp-json\/wp\/v2\/media?parent=5994"}],"wp:term":[{"taxonomy":"category","embeddable":true,"href":"https:\/\/www.worldheritageireland.ie\/ga\/wp-json\/wp\/v2\/categories?post=5994"},{"taxonomy":"post_tag","embeddable":true,"href":"https:\/\/www.worldheritageireland.ie\/ga\/wp-json\/wp\/v2\/tags?post=5994"}],"curies":[{"name":"wp","href":"https:\/\/api.w.org\/{rel}","templated":true}]}}